{"id":3291,"date":"2020-07-18T07:05:41","date_gmt":"2020-07-18T07:05:41","guid":{"rendered":"https:\/\/ajoiespa.ch\/?post_type=product&#038;p=3291"},"modified":"2020-08-09T15:15:17","modified_gmt":"2020-08-09T15:15:17","slug":"bijoux-bien-etre-bracelet-quartz-rose-et-jade","status":"publish","type":"product","link":"https:\/\/staging-5.ajoiespa.ch\/en\/product\/bijoux-bien-etre-bracelet-quartz-rose-et-jade\/","title":{"rendered":"Bijoux bien-\u00eatre | Bracelet Quartz Rose et Jade"},"content":{"rendered":"<p>Pure Bliss Malas a \u00e9t\u00e9 lanc\u00e9 en 2017 par Elise.<\/p>\n<p>\u00ab Je suis maman de trois enfants et pratique le yoga avec passion depuis plusieurs ann\u00e9es.<\/p>\n<p>Cr\u00e9er des bracelets et des malas est une id\u00e9e qui m\u2019est venue tout naturellement car je ne trouvais aucun collier qui me plaisait totalement.<br \/>\nR\u00e9fl\u00e9chir \u00e0 un bracelet, nouer chaque perle l\u2019une apr\u00e8s l\u2019autre pour cr\u00e9er une belle pi\u00e8ce remplie d\u2019\u00e9nergie, est une activit\u00e9 tr\u00e8s inspirante!<\/p>\n<p>Mon objectif est de fournir des bijoux qui ne sont pas seulement jolis mais qui vous font vous sentir bien!<\/p>\n<p>Les bijoux sont con\u00e7us pour augmenter vos bonnes \u00e9nergies en utilisant les propri\u00e9t\u00e9s curatives des pierres semi-pr\u00e9cieuses. Que vous pratiquiez la m\u00e9ditation, soyez un passionn\u00e9 de yoga ou aimiez juste les perles, Pure Bliss Malas a des bracelets et des malas (colliers de m\u00e9ditation) qui r\u00e9pondront \u00e0 vos besoins.<\/p>\n<p>Je souhaite partager mes connaissance avec vous et d\u00e9montrer comment ces pierres sont incroyables et peuvent r\u00e9veiller votre esprit, lib\u00e9rer des maux et vous inspirer \u00e0 vivre de la fa\u00e7on dont votre esprit, votre corps et votre \u00e2me le souhaitent. \u00bb<\/p>\n<p>QUALIT\u00c9<\/p>\n<p>Chaque cr\u00e9ation est soigneusement r\u00e9alis\u00e9e \u00e0 la main avec douceur, positivit\u00e9 et impr\u00e9gn\u00e9 d\u2019amour. Les pierres semi-pr\u00e9cieuses utilis\u00e9es dans chaque bracelet sont de grande qualit\u00e9 et sont choisies une \u00e0 une. Je n\u2019utilise pas des perles synth\u00e9tiques. Les bracelets sont nou\u00e9s \u00e0 la main avec du fils 100% nylon, orn\u00e9s d\u2019un pompon en coton ou de pendentifs de haute qualit\u00e9.<\/p>\n<p>Chaque bracelet a \u00e9t\u00e9 soigneusement con\u00e7u pour accentuer les propri\u00e9t\u00e9s curatives des cristaux.<\/p>\n<p>LE POUVOIR DES PIERRES<\/p>\n<p>Tous les bijoux sont purifi\u00e9s et charg\u00e9s en \u00e9nergies lors de votre achat.<\/p>\n<p>ENTRETIEN<\/p>\n<p>Tous les bracelets sont fabriqu\u00e9s \u00e0 la main avec le plus grand soin avec un fils \u00e9lastique solide.<br \/>\nPour le retirer, il est recommand\u00e9 de doucement rouler le bracelet sur le poignet. Pour le mettre proc\u00e9dez de la m\u00eame mani\u00e8re.<\/p>","protected":false},"excerpt":{"rendered":"<p>Ce bracelet en Quartz Rose et Jade est fait main par Elise, cr\u00e9atrice de bijoux bien-\u00eatre install\u00e9e \u00e0 Bassecourt dans le Jura.<\/p>\n<p>Chaque cr\u00e9ation est soigneusement r\u00e9alis\u00e9e \u00e0 la main avec douceur, positivit\u00e9 et impr\u00e9gn\u00e9 d\u2019amour.<\/p>\n<p><strong>Quartz rose<\/strong><br \/>\nAmour inconditionnel &#8211; paix infinie &#8211; gu\u00e9risseur \u00e9motionnel &#8211; pardon de soi &#8211; acceptation &#8211; compassion &#8211; pardon &#8211; c\u0153ur &#8211; poitrine &#8211; reins &#8211; syst\u00e8me circulatoire &#8211; poumons &#8211; glandes surr\u00e9nales &#8211; fertilit\u00e9 \u2013 Alzheimer<\/p>\n<p><strong>Jade <\/strong><br \/>\nLong\u00e9vit\u00e9 &#8211; d\u00e9tox &#8211; reins &#8211; fertilit\u00e9 &#8211; hanches<\/p>\n<p>Bracelet en perles semi-pr\u00e9cieuses de 6mm avec ornements en argent 925 sur un cordon \u00e9lastique.<\/p>","protected":false},"featured_media":3309,"template":"","meta":[],"_links":{"self":[{"href":"https:\/\/staging-5.ajoiespa.ch\/en\/wp-json\/wp\/v2\/product\/3291"}],"collection":[{"href":"https:\/\/staging-5.ajoiespa.ch\/en\/wp-json\/wp\/v2\/product"}],"about":[{"href":"https:\/\/staging-5.ajoiespa.ch\/en\/wp-json\/wp\/v2\/types\/product"}],"wp:featuredmedia":[{"embeddable":true,"href":"https:\/\/staging-5.ajoiespa.ch\/en\/wp-json\/wp\/v2\/media\/3309"}],"wp:attachment":[{"href":"https:\/\/staging-5.ajoiespa.ch\/en\/wp-json\/wp\/v2\/media?parent=3291"}],"curies":[{"name":"wp","href":"https:\/\/api.w.org\/{rel}","templated":true}]}}