{"id":3252,"date":"2020-07-15T06:07:56","date_gmt":"2020-07-15T06:07:56","guid":{"rendered":"https:\/\/ajoiespa.ch\/?post_type=product&#038;p=3252"},"modified":"2020-07-15T06:09:30","modified_gmt":"2020-07-15T06:09:30","slug":"la-fouta-le-linge-100-coton-2","status":"publish","type":"product","link":"https:\/\/staging-5.ajoiespa.ch\/en\/product\/la-fouta-le-linge-100-coton-2\/","title":{"rendered":"La Fouta | Le Linge 100% coton"},"content":{"rendered":"","protected":false},"excerpt":{"rendered":"<p>En l&rsquo;aime et on l&rsquo;utilise tout le temps et pendant longtemps. <\/p>\n<p>La fouta est un linge tout usage, \u00e0 la fois simple et polyvalente. <\/p>\n<p>Gr\u00e2ce \u00e0 leur haut pouvoir absorbant, ils sont particuli\u00e8rement adapt\u00e9s comme serviettes de bain et de douche pour un usage quotidien dans la salle de bains. <\/p>\n<p>Ils sont extr\u00eamement faciles \u00e0 entretenir et peuvent \u00eatre lav\u00e9s sans probl\u00e8me jusqu&rsquo;\u00e0 60\u00baC. <\/p>\n<p>Leur v\u00e9ritable qualit\u00e9 se d\u00e9ploie dans le temps.<\/p>\n<p>Les serviettes l\u00e9g\u00e8res et peu encombrantes sont \u00e9galement le compagnon id\u00e9al pour vos d\u00e9placements : que ce soit comme serviette de plage, couvre-lit ou jet\u00e9, une journ\u00e9e au lac ou les prochaines vacances \u00e0 la plage en famille. <\/p>\n<p>Toutes les serviettes Fouta sont fabriqu\u00e9es en coton de haute qualit\u00e9.<\/p>\n<p>Dimensions: envion 170cm x 100cm<\/p>","protected":false},"featured_media":3246,"template":"","meta":[],"_links":{"self":[{"href":"https:\/\/staging-5.ajoiespa.ch\/en\/wp-json\/wp\/v2\/product\/3252"}],"collection":[{"href":"https:\/\/staging-5.ajoiespa.ch\/en\/wp-json\/wp\/v2\/product"}],"about":[{"href":"https:\/\/staging-5.ajoiespa.ch\/en\/wp-json\/wp\/v2\/types\/product"}],"wp:featuredmedia":[{"embeddable":true,"href":"https:\/\/staging-5.ajoiespa.ch\/en\/wp-json\/wp\/v2\/media\/3246"}],"wp:attachment":[{"href":"https:\/\/staging-5.ajoiespa.ch\/en\/wp-json\/wp\/v2\/media?parent=3252"}],"curies":[{"name":"wp","href":"https:\/\/api.w.org\/{rel}","templated":true}]}}