{"id":3090,"date":"2020-06-24T11:16:13","date_gmt":"2020-06-24T11:16:13","guid":{"rendered":"https:\/\/ajoiespa.ch\/?post_type=product&#038;p=3090"},"modified":"2020-06-24T11:16:13","modified_gmt":"2020-06-24T11:16:13","slug":"phyto-5-loligo-5-lotion-spray-50-ml","status":"publish","type":"product","link":"https:\/\/staging-5.ajoiespa.ch\/en\/product\/phyto-5-loligo-5-lotion-spray-50-ml\/","title":{"rendered":"Phyto 5 L&rsquo;Oligo 5 Lotion-spray 50 ml"},"content":{"rendered":"<p>Appliquez 1 \u00e0 2 fois par jour sur le visage, le corps et le cuir chevelu.<\/p>\n<p>Ingr\u00e9dients cl\u00e9s:<\/p>\n<p>Mangan\u00e8se : Cet oligo-\u00e9l\u00e9ment est antioxydant. Il pr\u00e9serve la peau des radicaux libres et ralentit le vieillissement cutan\u00e9. Il apaise \u00e9galement la peau.<\/p>\n<p>Cobalt : Cet oligo-\u00e9l\u00e9ment est antioxydant et aide la peau \u00e0 cicatriser.<\/p>\n<p>Zinc : Anti-inflammatoire et antioxydant, il r\u00e9gule la s\u00e9cr\u00e9tion de s\u00e9bum et stimule la synth\u00e8se du collag\u00e8ne pour une meilleure structure de la peau et des cheveux.<\/p>\n<p>Magn\u00e9sium : Cet \u00e9l\u00e9ment essentiel poss\u00e8de un effet repulpant, redonnant ainsi un effet peau lisse sans ridules. Il participe \u00e9galement \u00e0 l\u2019hydratation de la peau et des cheveux.<\/p>\n<p>Cuivre : Cet oligo-\u00e9l\u00e9ment stimule la synth\u00e8se de nombreuses prot\u00e9ines telles que la k\u00e9ratine, le collag\u00e8ne et l\u2019\u00e9lastine, ce qui en fait un actif anti-\u00e2ge complet.<\/p>\n<p>Algue brune (Laminaria Digitata) : Riche en prot\u00e9ines et vitamines, elle remin\u00e9ralise et revitalise la peau pour plus de dynamisme.<\/p>\n<p>Elle tonifie la peau et pr\u00e9vient donc de l\u2019apparition des ridules et des rides.<\/p>","protected":false},"excerpt":{"rendered":"<p>Lotion-spray riche en oligo-\u00e9l\u00e9ments essentiels.<\/p>\n<p>Ce spray min\u00e9ral, enrichi en 5 oligo-\u00e9l\u00e9ments essentiels remin\u00e9ralise votre peau et fortifie vos cheveux de la racine jusqu\u2019aux pointes.<\/p>\n<p>Un usage quotidien sur l\u2019ensemble du corps pr\u00e9serve votre \u00e9quilibre \u00e9nerg\u00e9tique et vous prot\u00e8ge des influences ext\u00e9rieures.<\/p>","protected":false},"featured_media":3091,"template":"","meta":[],"_links":{"self":[{"href":"https:\/\/staging-5.ajoiespa.ch\/en\/wp-json\/wp\/v2\/product\/3090"}],"collection":[{"href":"https:\/\/staging-5.ajoiespa.ch\/en\/wp-json\/wp\/v2\/product"}],"about":[{"href":"https:\/\/staging-5.ajoiespa.ch\/en\/wp-json\/wp\/v2\/types\/product"}],"wp:featuredmedia":[{"embeddable":true,"href":"https:\/\/staging-5.ajoiespa.ch\/en\/wp-json\/wp\/v2\/media\/3091"}],"wp:attachment":[{"href":"https:\/\/staging-5.ajoiespa.ch\/en\/wp-json\/wp\/v2\/media?parent=3090"}],"curies":[{"name":"wp","href":"https:\/\/api.w.org\/{rel}","templated":true}]}}