{"id":3062,"date":"2020-06-16T07:59:53","date_gmt":"2020-06-16T07:59:53","guid":{"rendered":"https:\/\/ajoiespa.ch\/?post_type=product&#038;p=3062"},"modified":"2020-06-16T07:59:53","modified_gmt":"2020-06-16T07:59:53","slug":"phyto-5-la-creme-acide-50-ml","status":"publish","type":"product","link":"https:\/\/staging-5.ajoiespa.ch\/en\/product\/phyto-5-la-creme-acide-50-ml\/","title":{"rendered":"Phyto 5 La cr\u00e8me acide 50 ml"},"content":{"rendered":"<p>Cette cr\u00e8me au pH acide identique au pH physiologique de la peau cr\u00e9\u00e9 une barri\u00e8re de protection contre les agressions ext\u00e9rieures.<\/p>\n<p>Utilis\u00e9e seule ou en premi\u00e8re couche sous une autre cr\u00e8me, elle apaise la peau apr\u00e8s le nettoyage et diminue l\u2019apparition des imperfections<\/p>\n<p>Appliquez matin et\/ou soir apr\u00e8s le nettoyage et avant la cr\u00e8me de jour ou de nuit.<\/p>\n<p><strong>Ingr\u00e9dients cl\u00e9s <\/strong><\/p>\n<p>Acide lactique : Cet agent \u00e9mollient est tr\u00e8s hygroscopique et hydratant. Il apporte et conserve l\u2019eau au sein des couches cutan\u00e9es pour \u00e9viter le dess\u00e8chement.<\/p>\n<p>De plus, il stimule la synth\u00e8se du collag\u00e8ne pour une peau plus souple et \u00e9lastique.<\/p>\n<p>Huile essentielle de petitgrain bigarade : Apaisante et antibact\u00e9rienne, cette huile essentielle \u00e0 l\u2019odeur fra\u00eeche d\u2019agrume, calme la peau des irritations et la prot\u00e8ge.<\/p>","protected":false},"excerpt":{"rendered":"<h5>Une peau irrit\u00e9e ? Des petites rougeurs ou boutons apparaissent de temps \u00e0 autre ?<\/h5>\n<p>&nbsp;<\/p>\n<p>Ce correcteur de pH r\u00e9tablit le pH naturel de votre peau.<\/p>\n<p>Cette cr\u00e8me r\u00e9tablit le pH et cr\u00e9e une barri\u00e8re de protection.<\/p>\n<p>Elle s\u2019applique sur tous les types de peaux.<\/p>\n<p>Elle est indiqu\u00e9e lors d\u2019irritations et br\u00fblures l\u00e9g\u00e8res ou comme baume apr\u00e8s rasage et apr\u00e8s les \u00e9pilations.<\/p>\n<p>C&rsquo;est aussi une excellente base de maquillage.<\/p>","protected":false},"featured_media":3063,"template":"","meta":[],"_links":{"self":[{"href":"https:\/\/staging-5.ajoiespa.ch\/en\/wp-json\/wp\/v2\/product\/3062"}],"collection":[{"href":"https:\/\/staging-5.ajoiespa.ch\/en\/wp-json\/wp\/v2\/product"}],"about":[{"href":"https:\/\/staging-5.ajoiespa.ch\/en\/wp-json\/wp\/v2\/types\/product"}],"wp:featuredmedia":[{"embeddable":true,"href":"https:\/\/staging-5.ajoiespa.ch\/en\/wp-json\/wp\/v2\/media\/3063"}],"wp:attachment":[{"href":"https:\/\/staging-5.ajoiespa.ch\/en\/wp-json\/wp\/v2\/media?parent=3062"}],"curies":[{"name":"wp","href":"https:\/\/api.w.org\/{rel}","templated":true}]}}