{"id":3059,"date":"2020-06-16T07:54:15","date_gmt":"2020-06-16T07:54:15","guid":{"rendered":"https:\/\/ajoiespa.ch\/?post_type=product&#038;p=3059"},"modified":"2020-06-16T07:54:15","modified_gmt":"2020-06-16T07:54:15","slug":"phyto-5-le-gommage-marin-100-ml","status":"publish","type":"product","link":"https:\/\/staging-5.ajoiespa.ch\/en\/product\/phyto-5-le-gommage-marin-100-ml\/","title":{"rendered":"Phyto 5 Le gommage marin 100 ml"},"content":{"rendered":"<p>Ce gommage marin riche en poudre de riz et perles de jojoba hydratantes exfolie en douceur et \u00e9limine efficacement les cellules mortes, laissant ainsi votre grain de peau affin\u00e9, votre peau douce et un teint plus radieux.<\/p>\n<p>Appliquez une noisette de produit sur le visage et le cou humides, masser et rincer.<\/p>\n<p>S\u2019utilise une fois par semaine.<\/p>\n<p><strong>Ingr\u00e9dients cl\u00e9s<\/strong><\/p>\n<p>Perles de jojoba : Ces esters de jojoba de couleur bleu sous forme de microsph\u00e8res \u00e9liminent les cellules mortes en douceur. Ils sont hydratants et nourrissent la peau pendant l\u2019exfoliation pour \u00e9viter de la dess\u00e9cher.<\/p>\n<p>Poudre de riz : Cette fine poudre de riz exfolie la peau plus intens\u00e9ment. En association avec les microsph\u00e8res de jojoba, elle permet un gommage \u00e0 deux niveaux pour un meilleur r\u00e9sultat.<\/p>\n<p>Wakame (algue brune) : Cette algue japonaise est riche en nutriments et oligo-\u00e9l\u00e9ments essentiels. Elle apporte \u00e0 la peau tout ce dont elle a besoin pour un teint \u00e9clatant et une couleur de peau uniforme.<\/p>","protected":false},"excerpt":{"rendered":"<p>Ce gommage marin riche en poudre de riz et perles de jojoba hydratantes, exfolie en douceur et \u00e9limine efficacement les cellules mortes, laissant ainsi votre peau affin\u00e9e et douce.<\/p>\n<p>La pr\u00e9sence de Wakame, cette micro-algue brune japonaise r\u00e9colt\u00e9e dans des eaux prot\u00e9g\u00e9es, est une source naturelle d\u2019oligo-\u00e9l\u00e9ments indispensables \u00e0 votre peau.<\/p>\n<p>Utilis\u00e9 r\u00e9guli\u00e8rement, ce gommage visage marin nourrit, hydrate et r\u00e9v\u00e8le une peau plus radieuse.<\/p>","protected":false},"featured_media":3060,"template":"","meta":[],"_links":{"self":[{"href":"https:\/\/staging-5.ajoiespa.ch\/en\/wp-json\/wp\/v2\/product\/3059"}],"collection":[{"href":"https:\/\/staging-5.ajoiespa.ch\/en\/wp-json\/wp\/v2\/product"}],"about":[{"href":"https:\/\/staging-5.ajoiespa.ch\/en\/wp-json\/wp\/v2\/types\/product"}],"wp:featuredmedia":[{"embeddable":true,"href":"https:\/\/staging-5.ajoiespa.ch\/en\/wp-json\/wp\/v2\/media\/3060"}],"wp:attachment":[{"href":"https:\/\/staging-5.ajoiespa.ch\/en\/wp-json\/wp\/v2\/media?parent=3059"}],"curies":[{"name":"wp","href":"https:\/\/api.w.org\/{rel}","templated":true}]}}