{"id":3056,"date":"2020-06-16T07:48:54","date_gmt":"2020-06-16T07:48:54","guid":{"rendered":"https:\/\/ajoiespa.ch\/?post_type=product&#038;p=3056"},"modified":"2020-06-16T07:48:55","modified_gmt":"2020-06-16T07:48:55","slug":"phyto-5-le-lait-demaquillant-douceur-200-ml","status":"publish","type":"product","link":"https:\/\/staging-5.ajoiespa.ch\/en\/product\/phyto-5-le-lait-demaquillant-douceur-200-ml\/","title":{"rendered":"Phyto 5 Le lait d\u00e9maquillant douceur 200 ml"},"content":{"rendered":"<p>Ingr\u00e9dients cl\u00e9s<\/p>\n<p>Huile de p\u00e9pins de raisin : Gr\u00e2ce \u00e0 sa composition riche en polyph\u00e9nols et en vitamine E, cette huile antioxydante aide \u00e0 lutter contre les radicaux libres responsables du vieillissement cutan\u00e9, en stimulant la production de collag\u00e8ne et d\u2019\u00e9lastine.<\/p>\n<p>Elle active aussi la microcirculation cutan\u00e9e et assure fermet\u00e9 et souplesse \u00e0 la peau.<\/p>\n<p>Les p\u00e9pins de raisin regorgent \u00e9galement d\u2019acides gras essentiels (om\u00e9gas 6 et 9). Leur action antioxydante booste la r\u00e9g\u00e9n\u00e9ration cellulaire et favorise l\u2019hydratation de l\u2019\u00e9piderme en limitant la perte en eau.<\/p>\n<p>Huile de jojoba : Assouplissante, r\u00e9g\u00e9n\u00e9rante et hydratante, cette huile riche en insaponifiables pr\u00e9sente une \u00e9troite ressemblance avec le s\u00e9bum de la peau et p\u00e9n\u00e8tre ainsi facilement sans laisser de sensation de gras.<\/p>\n<p>Sa teneur importante en c\u00e9ramides aide \u00e0 r\u00e9guler l\u2019hydratation cutan\u00e9e et prot\u00e8ge la peau du dess\u00e8chement et du vieillissement. Elle est id\u00e9ale dans les soins d\u00e9maquillants.<\/p>\n<p>Huile essentielle de mandarine : Utilis\u00e9e pour ses vertus calmantes et relaxantes, elle apaise la peau apr\u00e8s le passage du coton sur le visage.<\/p>\n<p>Son parfum doux et frais est agr\u00e9able et donne une sensation de l\u00e9g\u00e8ret\u00e9 \u00e0 la peau.<\/p>","protected":false},"excerpt":{"rendered":"<p>Ce lait nettoyant et d\u00e9maquillant est extr\u00eamement doux.<\/p>\n<p>Il est recommand\u00e9 pour tous les types de peau.<\/p>\n<p>Sa composition en huiles v\u00e9g\u00e9tales assouplit votre peau et \u00e9limine parfaitement le maquillage.<\/p>\n<p>Appliquez le lait \u00e0 l\u2019aide d\u2019un coton sur votre visage humide puis \u00e9liminez-le au moyen d\u2019une \u00e9ponge ou d\u2019un rin\u00e7age \u00e0 l\u2019eau claire.<\/p>\n<p>L\u2019application d\u2019une lotion tonique apr\u00e8s le nettoyage est recommand\u00e9e.<\/p>","protected":false},"featured_media":3057,"template":"","meta":[],"_links":{"self":[{"href":"https:\/\/staging-5.ajoiespa.ch\/en\/wp-json\/wp\/v2\/product\/3056"}],"collection":[{"href":"https:\/\/staging-5.ajoiespa.ch\/en\/wp-json\/wp\/v2\/product"}],"about":[{"href":"https:\/\/staging-5.ajoiespa.ch\/en\/wp-json\/wp\/v2\/types\/product"}],"wp:featuredmedia":[{"embeddable":true,"href":"https:\/\/staging-5.ajoiespa.ch\/en\/wp-json\/wp\/v2\/media\/3057"}],"wp:attachment":[{"href":"https:\/\/staging-5.ajoiespa.ch\/en\/wp-json\/wp\/v2\/media?parent=3056"}],"curies":[{"name":"wp","href":"https:\/\/api.w.org\/{rel}","templated":true}]}}