{"id":3049,"date":"2020-06-16T07:37:57","date_gmt":"2020-06-16T07:37:57","guid":{"rendered":"https:\/\/ajoiespa.ch\/?post_type=product&#038;p=3049"},"modified":"2020-06-16T07:37:57","modified_gmt":"2020-06-16T07:37:57","slug":"phyto-5-le-lait-corporel-200-ml","status":"publish","type":"product","link":"https:\/\/staging-5.ajoiespa.ch\/en\/product\/phyto-5-le-lait-corporel-200-ml\/","title":{"rendered":"PHYTO 5 Le lait corporel 200 ml"},"content":{"rendered":"<p>Ce baume corporel a une action fortement hydratante gr\u00e2ce \u00e0 la pr\u00e9sence de Squalane d\u2019olives et d\u2019Aquaxyl.<\/p>\n<p>Il est recommand\u00e9 pour les peaux s\u00e8ches et\/ou sensibles.<\/p>\n<p>La pr\u00e9sence d\u2019huile de Tamanu et d\u2019actifs tels que l\u2019Aloe Vera et la vitamine E lui conf\u00e8re aussi des propri\u00e9t\u00e9s r\u00e9g\u00e9n\u00e9rantes, anti-\u00e2ge et anti-inflammatoires.<\/p>\n<p>Son odeur naturelle s\u2019ouvre sur une note de t\u00eate verte de verveine exotique qui se m\u00e9lange dans un c\u0153ur de menthe et eucalyptus.<\/p>\n<p><strong>Ingr\u00e9dients cl\u00e9s <\/strong><\/p>\n<p>Huile de tamanu : L\u2019huile de calophylle poss\u00e8de de nombreuses vertus. Hydratante, adoucissante et nourrissante, elle pr\u00e9vient \u00e9galement de l\u2019apparition des vergetures et aide \u00e0 la cicatrisation.<\/p>\n<p>Huile de tournesol : Riche en om\u00e9gas 6 et 9 et en vitamine E antioxydante, cette huile est hydratante et \u00e9molliente. Elle p\u00e9n\u00e8tre facilement l\u2019\u00e9piderme sans laisser de film.<\/p>\n<p>Squalane d\u2019olive : Extrait de l&rsquo;huile d&rsquo;olive, le squalane v\u00e9g\u00e9tal est un actif hydratant au toucher soyeux sec. Son excellente affinit\u00e9 avec la peau et ses propri\u00e9t\u00e9s \u00e9mollientes et r\u00e9paratrices en font un actif tr\u00e8s efficace.<\/p>\n<p>Aloe vera : Ce gel hydrate et nourrit la peau en profondeur tout en conservant son taux d\u2019hydratation. Il la r\u00e9g\u00e9n\u00e8re en r\u00e9parant les tissus, acc\u00e9l\u00e8re sa cicatrisation en agissant directement sur les fibres de collag\u00e8ne.<\/p>\n<p>Aquaxyl : Ce concept hydratant d\u2019origine naturelle, dont l\u2019efficacit\u00e9 est prouv\u00e9e, hydrate la peau de mani\u00e8re optimale et forme une barri\u00e8re de protection qui emp\u00eache l\u2019eau de s\u2019\u00e9vaporer de la peau.<\/p>\n<p>Vitamine E : Antioxydante et anti-inflammatoire, elle aide \u00e0 maintenir l\u2019\u00e9lasticit\u00e9 et l\u2019hydratation de la peau.<\/p>","protected":false},"excerpt":{"rendered":"<p>Ce lait corporel \u00e0 l\u2019odeur fra\u00eeche de verveine exotique est id\u00e9al pour les peaux s\u00e8ches.<\/p>\n<p>Sa composition en huiles v\u00e9g\u00e9tales naturelles et en actifs hydratants r\u00e9g\u00e9n\u00e8re et assouplit votre peau pour la laisser douce et soyeuse.<\/p>\n<p>Appliquez le lait apr\u00e8s un bain ou une douche comme produit de finition.<\/p>\n<p>Massez quelques instants pour faire p\u00e9n\u00e9trer le produit.<\/p>","protected":false},"featured_media":3050,"template":"","meta":[],"_links":{"self":[{"href":"https:\/\/staging-5.ajoiespa.ch\/en\/wp-json\/wp\/v2\/product\/3049"}],"collection":[{"href":"https:\/\/staging-5.ajoiespa.ch\/en\/wp-json\/wp\/v2\/product"}],"about":[{"href":"https:\/\/staging-5.ajoiespa.ch\/en\/wp-json\/wp\/v2\/types\/product"}],"wp:featuredmedia":[{"embeddable":true,"href":"https:\/\/staging-5.ajoiespa.ch\/en\/wp-json\/wp\/v2\/media\/3050"}],"wp:attachment":[{"href":"https:\/\/staging-5.ajoiespa.ch\/en\/wp-json\/wp\/v2\/media?parent=3049"}],"curies":[{"name":"wp","href":"https:\/\/api.w.org\/{rel}","templated":true}]}}