{"id":2997,"date":"2020-05-19T15:45:10","date_gmt":"2020-05-19T15:45:10","guid":{"rendered":"https:\/\/ajoiespa.ch\/?post_type=product&#038;p=2997"},"modified":"2020-07-03T18:50:27","modified_gmt":"2020-07-03T18:50:27","slug":"phyto-5-masque-dargile-element-terre-100-ml","status":"publish","type":"product","link":"https:\/\/staging-5.ajoiespa.ch\/en\/product\/phyto-5-masque-dargile-element-terre-100-ml\/","title":{"rendered":"PHYTO 5 Masque d&rsquo;argile El\u00e9ment Terre 100 ml"},"content":{"rendered":"<p>Appliquez sur le visage, le cou, le corps et\/ou le cuir chevelu apr\u00e8s le nettoyage.<\/p>\n<p>Laissez poser 10 \u00e0 15 minutes puis avec les doigts humides masser en faisant des mouvements circulaires.<\/p>\n<p>\u00c9liminez le masque avec une \u00e9ponge et rincez abondement.<\/p>\n<p>Jusqu\u2019\u00e0 une fois par semaine.<\/p>\n<p>Ingr\u00e9dients cl\u00e9s<\/p>\n<p>Argile jaune : Tonifiante, elle absorbe \u00e9galement les toxines et d\u00e9sinfecte.<\/p>\n<p>Elle participe \u00e0 l\u2019\u00e9limination des pellicules.<\/p>\n<p>Kaolin : Cette argile blanche naturelle apaise la peau et la d\u00e9sincruste en douceur.<\/p>\n<p>Elle est \u00e9galement tr\u00e8s riche en oligo-\u00e9l\u00e9ments essentiels tels que le silicium, le magn\u00e9sium, le calcium, le zinc et le cuivre.<\/p>\n<p>Huiles essentielles de citron, cypr\u00e8s et eucalyptus : Ce m\u00e9lange d\u2019huiles essentielles antiseptique favorise la circulation lymphatique et aide \u00e0 l\u2019\u00e9limination des toxines.<\/p>\n<p>Il a \u00e9galement une action sur la cellulite.<\/p>\n<p>Vitamine C : C\u2019est un antioxydant puissant indispensable \u00e0 la synth\u00e8se de prot\u00e9ines comme le collag\u00e8ne.<\/p>","protected":false},"excerpt":{"rendered":"<p>Ce masque cr\u00e9meux de couleur jaune est recommand\u00e9 pour les peaux et cuirs chevelus intoxin\u00e9s qui pr\u00e9sentent des boutons ou des d\u00e9mangeaisons.<\/p>\n<p>En utilisation sur le visage, le corps et le cuir chevelu, ce masque soyeux nettoie et assainit la peau en douceur.<\/p>","protected":false},"featured_media":2998,"template":"","meta":[],"_links":{"self":[{"href":"https:\/\/staging-5.ajoiespa.ch\/en\/wp-json\/wp\/v2\/product\/2997"}],"collection":[{"href":"https:\/\/staging-5.ajoiespa.ch\/en\/wp-json\/wp\/v2\/product"}],"about":[{"href":"https:\/\/staging-5.ajoiespa.ch\/en\/wp-json\/wp\/v2\/types\/product"}],"wp:featuredmedia":[{"embeddable":true,"href":"https:\/\/staging-5.ajoiespa.ch\/en\/wp-json\/wp\/v2\/media\/2998"}],"wp:attachment":[{"href":"https:\/\/staging-5.ajoiespa.ch\/en\/wp-json\/wp\/v2\/media?parent=2997"}],"curies":[{"name":"wp","href":"https:\/\/api.w.org\/{rel}","templated":true}]}}