{"id":2994,"date":"2020-05-19T15:41:55","date_gmt":"2020-05-19T15:41:55","guid":{"rendered":"https:\/\/ajoiespa.ch\/?post_type=product&#038;p=2994"},"modified":"2020-07-03T18:50:58","modified_gmt":"2020-07-03T18:50:58","slug":"phyto-5-masque-dargile-element-bois-100-ml","status":"publish","type":"product","link":"https:\/\/staging-5.ajoiespa.ch\/en\/product\/phyto-5-masque-dargile-element-bois-100-ml\/","title":{"rendered":"PHYTO 5 Masque d&rsquo;argile El\u00e9ment Bois 100 ml"},"content":{"rendered":"<p>Appliquez sur le visage, le cou, le corps et\/ou le cuir chevelu apr\u00e8s le nettoyage.<\/p>\n<p>Laissez poser 10 \u00e0 15 minutes puis avec les doigts humides masser en faisant des mouvements circulaires.<\/p>\n<p>\u00c9liminez le masque avec une \u00e9ponge et rincez abondement.<\/p>\n<p>Jusqu\u2019\u00e0 une fois par semaine.<\/p>\n<p>Ingr\u00e9dients cl\u00e9s<\/p>\n<p>Argile verte : Elle est tr\u00e8s utilis\u00e9e dans les soins pour peaux et cheveux gras car elle agit directement sur la s\u00e9cr\u00e9tion de s\u00e9bum.<\/p>\n<p>Elle absorbe \u00e9galement les toxines et d\u00e9sinfecte, les pellicules disparaissent.<\/p>\n<p>Kaolin : Cette argile blanche naturelle apaise la peau et la d\u00e9sincruste en douceur.<\/p>\n<p>Elle est \u00e9galement tr\u00e8s riche en oligo-\u00e9l\u00e9ments essentiels tels que le silicium, le magn\u00e9sium, le calcium, le zinc et le cuivre.<\/p>\n<p>Huiles essentielles de romarin, citron et cypr\u00e8s : Ce m\u00e9lange d\u2019huiles essentielles purifie et favorise l\u2019\u00e9limination de l\u2019exc\u00e8s de s\u00e9bum.<\/p>\n<p>La peau est matifi\u00e9e et les cheveux retrouvent leur brillance naturelle.<\/p>\n<p>Vitamine C : C\u2019est un antioxydant puissant indispensable \u00e0 la synth\u00e8se de prot\u00e9ines comme le collag\u00e8ne.<\/p>","protected":false},"excerpt":{"rendered":"<p>Ce masque cr\u00e9meux de couleur verte est recommand\u00e9 pour les peaux et cuirs chevelus \u00e0 tendance grasse ainsi que la pr\u00e9sence de pellicules grasses.<\/p>\n<p>En utilisation sur le visage, le corps et le cuir chevelu, ce masque soyeux nettoie et apporte des min\u00e9raux essentiels naturels, la peau est douce et assainit.<\/p>","protected":false},"featured_media":2995,"template":"","meta":[],"_links":{"self":[{"href":"https:\/\/staging-5.ajoiespa.ch\/en\/wp-json\/wp\/v2\/product\/2994"}],"collection":[{"href":"https:\/\/staging-5.ajoiespa.ch\/en\/wp-json\/wp\/v2\/product"}],"about":[{"href":"https:\/\/staging-5.ajoiespa.ch\/en\/wp-json\/wp\/v2\/types\/product"}],"wp:featuredmedia":[{"embeddable":true,"href":"https:\/\/staging-5.ajoiespa.ch\/en\/wp-json\/wp\/v2\/media\/2995"}],"wp:attachment":[{"href":"https:\/\/staging-5.ajoiespa.ch\/en\/wp-json\/wp\/v2\/media?parent=2994"}],"curies":[{"name":"wp","href":"https:\/\/api.w.org\/{rel}","templated":true}]}}