{"id":2991,"date":"2020-05-19T15:30:39","date_gmt":"2020-05-19T15:30:39","guid":{"rendered":"https:\/\/ajoiespa.ch\/?post_type=product&#038;p=2991"},"modified":"2020-05-19T15:30:39","modified_gmt":"2020-05-19T15:30:39","slug":"phyto-5-creme-nuit-element-eau-50-ml","status":"publish","type":"product","link":"https:\/\/staging-5.ajoiespa.ch\/en\/product\/phyto-5-creme-nuit-element-eau-50-ml\/","title":{"rendered":"PHYTO 5 Cr\u00e8me nuit El\u00e9ment Eau 50 ml"},"content":{"rendered":"<p>En plus de leurs propri\u00e9t\u00e9s \u00e9nerg\u00e9tiques, les cr\u00e8mes de nuit El\u00e9ment ont des propri\u00e9t\u00e9s hydratantes, nourrissantes et sont riches en vitamines et oligo-\u00e9l\u00e9ments essentiels, qui sont des ingr\u00e9dients anti-\u00e2ge naturels.<\/p>\n<p>Pour ces raisons, elles sont souvent qualifi\u00e9es de \u00ab cr\u00e8mes de traitement \u00bb.<\/p>\n<p>Ingr\u00e9dients cl\u00e9s :<\/p>\n<p>Extrait de ginkgo : il raffermit, revitalise et r\u00e9g\u00e9n\u00e8re la peau car il stimule la synth\u00e8se de dopamine et de collag\u00e8ne.<\/p>\n<p>Il est anti-inflammatoire, hydratant, stimulant et antioxydant. Il diminue le stress, am\u00e9liore l\u2019humeur et a un effet relaxant.<\/p>\n<p>En plus, il am\u00e9liore la circulation sanguine.<\/p>\n<p>Extrait de sarrasin : riche en vitamines, min\u00e9raux et prot\u00e9ines, il a des propri\u00e9t\u00e9s reconstituantes, astringentes et anti-oxydantes.<\/p>\n<p>Il am\u00e9liore aussi la circulation sanguine.<\/p>\n<p>Cuivre gluconate : cet oligo-\u00e9l\u00e9ment est anti-inflammatoire et antioxydant.<\/p>\n<p>Dans la peau, il a une action anti-\u00e2ge, car il stimule la synth\u00e8se de plusieurs prot\u00e9ines essentielles, telles que m\u00e9lanine, k\u00e9ratine, collag\u00e8ne et \u00e9lastine.<\/p>\n<p>Huile d\u2019avocat : riche en om\u00e9ga 6 et 9, en prot\u00e9ines, min\u00e9raux et vitamines (A, B, C, D, E, H, K et PP), l\u2019huile d\u2019avocat est tr\u00e8s hydratante, antirides et r\u00e9g\u00e9n\u00e9rante, id\u00e9ale pour un soin nourrissant.<\/p>\n<p>Huile essentielle de romarin : elle favorise la circulation sanguine, elle est tonique, analg\u00e9sique, antirhumatismales anti-infectieuse et cicatrisantes.<\/p>\n<p>Huile essentielle de geni\u00e8vre : elle est anti-inflammatoire, calmante, anti-irritante, lipolytique et agit contre la r\u00e9tention d\u2019eau.<\/p>\n<p>Huile essentielle de sauge : elle est lipolytique, antiseptique, cicatrisante et r\u00e9gulatrice circulatoire.<\/p>\n<p>Huile essentielle de thym : elle fait partie des meilleurs conservateurs naturels, gr\u00e2ce au thymol qui est anti-infectieux, elle est aussi anti-oxydante.<\/p>\n<p>Extrait de romarin : cet extrait est un conservateur et un antioxydant.<\/p>\n<p>C\u2019est un actif anti-\u00e2ge, car il permet d\u2019\u00e9liminer les radicaux libres.<\/p>\n<p>Vitamine C : elle stimule la synth\u00e8se de collag\u00e8ne, c\u2019est donc c\u2019est un actif anti-\u00e2ge et cicatrisant.<\/p>\n<p>C\u2019est aussi un antioxydant et un conservateur.<\/p>\n<p>Vitamine E : c\u2019est le principal antioxydant de l\u2019organisme, elle prot\u00e8ge les cellules de l\u2019effet destructeur des radicaux libres et emp\u00eache les huiles de rancir.<\/p>","protected":false},"excerpt":{"rendered":"<p>Cette cr\u00e8me doit \u00eatre appliqu\u00e9e, g\u00e9n\u00e9ralement le soir, pour \u00e9quilibrer les effets de la saison \u00e9nerg\u00e9tique Eau et pour lutter contre les probl\u00e8mes esth\u00e9tiques en relation avec l\u2019El\u00e9ment Eau.<\/p>\n<p>Cette cr\u00e8me riche est fortement hydratante.<\/p>\n<p>Elle est recommand\u00e9e d\u00e8s l\u2019apparition des premi\u00e8res ridules du visage, car elle am\u00e9liore l\u2019\u00e9lasticit\u00e9 de la peau, la raffermit et la r\u00e9g\u00e9n\u00e8re.<\/p>","protected":false},"featured_media":2992,"template":"","meta":[],"_links":{"self":[{"href":"https:\/\/staging-5.ajoiespa.ch\/en\/wp-json\/wp\/v2\/product\/2991"}],"collection":[{"href":"https:\/\/staging-5.ajoiespa.ch\/en\/wp-json\/wp\/v2\/product"}],"about":[{"href":"https:\/\/staging-5.ajoiespa.ch\/en\/wp-json\/wp\/v2\/types\/product"}],"wp:featuredmedia":[{"embeddable":true,"href":"https:\/\/staging-5.ajoiespa.ch\/en\/wp-json\/wp\/v2\/media\/2992"}],"wp:attachment":[{"href":"https:\/\/staging-5.ajoiespa.ch\/en\/wp-json\/wp\/v2\/media?parent=2991"}],"curies":[{"name":"wp","href":"https:\/\/api.w.org\/{rel}","templated":true}]}}