{"id":2988,"date":"2020-05-19T15:24:54","date_gmt":"2020-05-19T15:24:54","guid":{"rendered":"https:\/\/ajoiespa.ch\/?post_type=product&#038;p=2988"},"modified":"2020-05-19T15:24:54","modified_gmt":"2020-05-19T15:24:54","slug":"phyto-5-creme-nuit-element-metal-50-ml","status":"publish","type":"product","link":"https:\/\/staging-5.ajoiespa.ch\/en\/product\/phyto-5-creme-nuit-element-metal-50-ml\/","title":{"rendered":"PHYTO 5 Cr\u00e8me nuit El\u00e9ment M\u00e9tal 50 ml"},"content":{"rendered":"<p>En plus de leurs propri\u00e9t\u00e9s \u00e9nerg\u00e9tiques, les cr\u00e8mes de nuit El\u00e9ment ont des propri\u00e9t\u00e9s hydratantes, nourrissantes et sont riches en vitamines et oligo-\u00e9l\u00e9ments essentiels, qui sont des ingr\u00e9dients anti-\u00e2ge naturels.<\/p>\n<p>Pour ces raisons, elles sont souvent qualifi\u00e9es de \u00ab cr\u00e8mes de traitement \u00bb.<\/p>\n<p>Ingr\u00e9dients cl\u00e9s :<\/p>\n<p>Huile de son de riz : elle est tr\u00e8s hydratante et anti-oxydante.<\/p>\n<p>Extrait de riz : c\u2019est est un tr\u00e8s bon hydratant. Il est aussi antioxydant, astringent et antiinflammatoire.<\/p>\n<p>Il a aussi des propri\u00e9t\u00e9s tonifiante et adoucissante.<\/p>\n<p>Magn\u00e9sium gluconate : cet oligo-\u00e9l\u00e9ment agit sur le renouvellement cellulaire et sur la production d\u2019\u00e9nergie dans les cellules, car il contribue au transport du glucose.<\/p>\n<p>Il d\u00e9contracte les muscles, lutte contre la fatigue, les d\u00e9pressions et le stress.<\/p>\n<p>Huile essentielle d\u2019ylang-ylang : elle tonifie la peau et les cheveux, elle est calmante, aphrodisiaque et antid\u00e9presseur.<\/p>\n<p>Elle met de bonne humeur.<\/p>\n<p>Huile essentielle d\u2019eucalyptus : elle permet de soigner la peau, elle est anticellulite.<\/p>\n<p>Huile essentielle de thym : elle fait partie des meilleurs conservateurs naturels, gr\u00e2ce au thymol qui est anti-infectieux, elle est aussi anti-oxydante.<\/p>\n<p>Glyc\u00e9rine : d\u2019origine v\u00e9g\u00e9tale, elle lisse, lubrifie et hydrate la peau car c\u2019est un agent mouillant.<\/p>\n<p>Extrait de romarin : cet extrait est un conservateur et un antioxydant. C\u2019est un actif anti-\u00e2ge, car il permet d\u2019\u00e9liminer les radicaux libres.<\/p>\n<p>Vitamine E : c\u2019est le principal antioxydant de l\u2019organisme, elle prot\u00e8ge les cellules de l\u2019effet destructeur des radicaux libres et emp\u00eache les huiles de rancir.<\/p>","protected":false},"excerpt":{"rendered":"<p>Cette cr\u00e8me doit \u00eatre appliqu\u00e9e, g\u00e9n\u00e9ralement le soir, pour \u00e9quilibrer les effets de la saison \u00e9nerg\u00e9tique M\u00e9tal et pour lutter contre les probl\u00e8mes esth\u00e9tiques en relation avec l\u2019El\u00e9ment M\u00e9tal.<\/p>\n<p>Ce produit est recommand\u00e9 pour les peaux s\u00e8ches et d\u00e9min\u00e9ralis\u00e9es.<\/p>","protected":false},"featured_media":2989,"template":"","meta":[],"_links":{"self":[{"href":"https:\/\/staging-5.ajoiespa.ch\/en\/wp-json\/wp\/v2\/product\/2988"}],"collection":[{"href":"https:\/\/staging-5.ajoiespa.ch\/en\/wp-json\/wp\/v2\/product"}],"about":[{"href":"https:\/\/staging-5.ajoiespa.ch\/en\/wp-json\/wp\/v2\/types\/product"}],"wp:featuredmedia":[{"embeddable":true,"href":"https:\/\/staging-5.ajoiespa.ch\/en\/wp-json\/wp\/v2\/media\/2989"}],"wp:attachment":[{"href":"https:\/\/staging-5.ajoiespa.ch\/en\/wp-json\/wp\/v2\/media?parent=2988"}],"curies":[{"name":"wp","href":"https:\/\/api.w.org\/{rel}","templated":true}]}}