{"id":2983,"date":"2020-05-19T15:20:28","date_gmt":"2020-05-19T15:20:28","guid":{"rendered":"https:\/\/ajoiespa.ch\/?post_type=product&#038;p=2983"},"modified":"2020-05-19T15:26:35","modified_gmt":"2020-05-19T15:26:35","slug":"phyto-5-creme-nuit-element-terre-50-ml","status":"publish","type":"product","link":"https:\/\/staging-5.ajoiespa.ch\/en\/product\/phyto-5-creme-nuit-element-terre-50-ml\/","title":{"rendered":"PHYTO 5 Cr\u00e8me nuit El\u00e9ment Terre 50 ml"},"content":{"rendered":"<p>En plus de leurs propri\u00e9t\u00e9s \u00e9nerg\u00e9tiques, les cr\u00e8mes de nuit El\u00e9ment ont des propri\u00e9t\u00e9s hydratantes, nourrissantes et sont riches en vitamines et oligo-\u00e9l\u00e9ments essentiels, qui sont des ingr\u00e9dients anti-\u00e2ge naturels.<\/p>\n<p>Pour ces raisons, elles sont souvent qualifi\u00e9es de \u00ab cr\u00e8mes de traitement \u00bb.<\/p>\n<p>Ingr\u00e9dients cl\u00e9s :<\/p>\n<p>Extrait de Millet : il adoucit, nourrit, stimule et revitalise la peau. C\u2019est aussi un \u00e9mollient.<\/p>\n<p>Zinc gluconate : cet oligo-\u00e9l\u00e9ment est un antioxydant qui agit sur la m\u00e9moire et la pens\u00e9e.<\/p>\n<p>Il est anti-acn\u00e9 et il stimule la synth\u00e8se du collag\u00e8ne et de l\u2019\u00e9lastine, il est donc tr\u00e8s b\u00e9n\u00e9fique pour la peau.<\/p>\n<p>Alo\u00e8s Vera : agissant directement sur les fibres de collag\u00e8ne, l\u2019Alo\u00e8s Vera procure de l\u2019\u00e9lasticit\u00e9 \u00e0 la peau.<\/p>\n<p>La pr\u00e9sence de polysaccharides complexes permet la r\u00e9tention d\u2019eau et offre des propri\u00e9t\u00e9s hydratantes.<\/p>\n<p>Efficace pour le traitement des dermatoses en soulagent de la douleur et limitant l\u2019infection.<\/p>\n<p>Huile essentielle de verveine : elle calme la peau inflamm\u00e9e et les rhumatismes, elle est aussi s\u00e9dative et antistress.<\/p>\n<p>Extrait de romarin : cet extrait est un conservateur et un antioxydant.<\/p>\n<p>C\u2019est un actif anti-\u00e2ge, car il permet d\u2019\u00e9liminer les radicaux libres.<\/p>\n<p>Vitamine B2 (Riboflavin) : elle stimule la croissance des cellules de la peau et les r\u00e9g\u00e9n\u00e8re.<\/p>\n<p>Vitamine E : c\u2019est le principal antioxydant de l\u2019organisme, elle prot\u00e8ge les cellules de l\u2019effet destructeur des radicaux libres et emp\u00eache les huiles de rancir.<\/p>","protected":false},"excerpt":{"rendered":"<p>Cette cr\u00e8me doit \u00eatre appliqu\u00e9e, g\u00e9n\u00e9ralement le soir, pour \u00e9quilibrer les effets de la saison \u00e9nerg\u00e9tique Terre (18 jours de transition entre les saisons, 4 fois par an) pour lutter contre les probl\u00e8mes esth\u00e9tiques en relation avec l\u2019El\u00e9ment Terre.<\/p>\n<p>Cette cr\u00e8me de nuit est recommand\u00e9e contre l\u2019intoxination du visage, l\u2019acn\u00e9, les peaux ternes et infiltr\u00e9es. Elle permet de diminuer la dilatation des pores.<\/p>","protected":false},"featured_media":2984,"template":"","meta":[],"_links":{"self":[{"href":"https:\/\/staging-5.ajoiespa.ch\/en\/wp-json\/wp\/v2\/product\/2983"}],"collection":[{"href":"https:\/\/staging-5.ajoiespa.ch\/en\/wp-json\/wp\/v2\/product"}],"about":[{"href":"https:\/\/staging-5.ajoiespa.ch\/en\/wp-json\/wp\/v2\/types\/product"}],"wp:featuredmedia":[{"embeddable":true,"href":"https:\/\/staging-5.ajoiespa.ch\/en\/wp-json\/wp\/v2\/media\/2984"}],"wp:attachment":[{"href":"https:\/\/staging-5.ajoiespa.ch\/en\/wp-json\/wp\/v2\/media?parent=2983"}],"curies":[{"name":"wp","href":"https:\/\/api.w.org\/{rel}","templated":true}]}}