{"id":2978,"date":"2020-05-19T15:15:21","date_gmt":"2020-05-19T15:15:21","guid":{"rendered":"https:\/\/ajoiespa.ch\/?post_type=product&#038;p=2978"},"modified":"2020-05-19T15:26:10","modified_gmt":"2020-05-19T15:26:10","slug":"phyto-5-creme-de-nuit-element-bois-50-ml","status":"publish","type":"product","link":"https:\/\/staging-5.ajoiespa.ch\/en\/product\/phyto-5-creme-de-nuit-element-bois-50-ml\/","title":{"rendered":"PHYTO 5 Cr\u00e8me de nuit El\u00e9ment Bois 50 ml"},"content":{"rendered":"<p>En plus de leurs propri\u00e9t\u00e9s \u00e9nerg\u00e9tiques, les cr\u00e8mes de nuit El\u00e9ment ont des propri\u00e9t\u00e9s hydratantes, nourrissantes et sont riches en vitamines et oligo \u00e9l\u00e9ments essentiels, qui sont des ingr\u00e9dients anti-\u00e2ge naturels.<\/p>\n<p>Pour ces raisons, elles sont souvent qualifi\u00e9es de \u00ab cr\u00e8mes de traitement \u00bb.<\/p>\n<p>Ingr\u00e9dients cl\u00e9s:<\/p>\n<p>Extrait de planton : riche en vitamines et en min\u00e9raux, cet extrait d\u2019algues (Spirulina Platensis) est antioxydant, \u00e9nergisant, anti-inflammatoire, hydratant.<\/p>\n<p>Il min\u00e9ralise, r\u00e9g\u00e9n\u00e8re et raffermit la peau et stimule la circulation sanguine.<\/p>\n<p>Toutes ces propri\u00e9t\u00e9s en font un ingr\u00e9dient anti-\u00e2ge efficace.<\/p>\n<p>Extrait de son de bl\u00e9 : le son de bl\u00e9 a un effet reconstituant, nourrissant et adoucissant, de plus, il lutte contre la fatigue.<\/p>\n<p>Huile de germes de bl\u00e9 : elle est anti-inflammatoire, anti-oxydante et cicatrisante.<\/p>\n<p>Elle favorise la circulation du sang et r\u00e9pare, hydrate et prot\u00e8ge la peau, ce qui lui donne des propri\u00e9t\u00e9s antirides.<\/p>\n<p>Elle est riche en acides om\u00e9ga 3, 6 et 9.<\/p>\n<p>Mangan\u00e8se gluconate : cet oligo-\u00e9l\u00e9ment est indispensable \u00e0 l\u2019organisme, il est n\u00e9cessaire \u00e0 la synth\u00e8se de la vitamine B1.<\/p>\n<p>Il est antioxydant, apaisant et calmant pour la peau.<\/p>\n<p>Huile essentielle de citron : elle est calmante, anti-inflammatoire et astringente.<\/p>\n<p>Elle favorise l\u2019\u00e9limination de la cellulite et att\u00e9nue les rides.<\/p>\n<p>Huile essentielle de romarin : elle favorise la circulation sanguine, elle est tonique, analg\u00e9sique, antirhumatismales anti-infectieuse et cicatrisantes.<\/p>\n<p>Huile d\u2019avocat : riche en om\u00e9ga 6 et 9, en prot\u00e9ines, min\u00e9raux et vitamines (A, B, C, D, E, H, K et PP), l\u2019huile d\u2019avocat est tr\u00e8s hydratante, antirides et r\u00e9g\u00e9n\u00e9rante, id\u00e9ale pour un soin nourrissant.<\/p>\n<p>Extrait de romarin : cet extrait est un conservateur et un antioxydant.<\/p>\n<p>C\u2019est un actif anti-\u00e2ge, car il permet d\u2019\u00e9liminer les radicaux libres.<\/p>\n<p>Vitamine E : c\u2019est le principal antioxydant de l\u2019organisme, elle prot\u00e8ge les cellules de l\u2019effet destructeur des radicaux libres et emp\u00eache les huiles de rancir.<\/p>","protected":false},"excerpt":{"rendered":"<p>Cette cr\u00e8me doit \u00eatre appliqu\u00e9e, g\u00e9n\u00e9ralement le soir, pour \u00e9quilibrer les effets de la saison \u00e9nerg\u00e9tique Bois et pour lutter contre les probl\u00e8mes esth\u00e9tiques en relation avec l\u2019El\u00e9ment Bois.<\/p>\n<p>Ce produit est recommand\u00e9 pour lutter contre les s\u00e9cr\u00e9tions s\u00e9bac\u00e9es, les points noirs et les taches de pigmentation.<\/p>","protected":false},"featured_media":2979,"template":"","meta":[],"_links":{"self":[{"href":"https:\/\/staging-5.ajoiespa.ch\/en\/wp-json\/wp\/v2\/product\/2978"}],"collection":[{"href":"https:\/\/staging-5.ajoiespa.ch\/en\/wp-json\/wp\/v2\/product"}],"about":[{"href":"https:\/\/staging-5.ajoiespa.ch\/en\/wp-json\/wp\/v2\/types\/product"}],"wp:featuredmedia":[{"embeddable":true,"href":"https:\/\/staging-5.ajoiespa.ch\/en\/wp-json\/wp\/v2\/media\/2979"}],"wp:attachment":[{"href":"https:\/\/staging-5.ajoiespa.ch\/en\/wp-json\/wp\/v2\/media?parent=2978"}],"curies":[{"name":"wp","href":"https:\/\/api.w.org\/{rel}","templated":true}]}}