{"id":2926,"date":"2020-05-19T08:22:29","date_gmt":"2020-05-19T08:22:29","guid":{"rendered":"https:\/\/ajoiespa.ch\/?post_type=product&#038;p=2926"},"modified":"2020-07-03T18:52:44","modified_gmt":"2020-07-03T18:52:44","slug":"phyto-5-masque-visage-element-feu-100-ml","status":"publish","type":"product","link":"https:\/\/staging-5.ajoiespa.ch\/en\/product\/phyto-5-masque-visage-element-feu-100-ml\/","title":{"rendered":"PHYTO 5 Masque d&rsquo;argile El\u00e9ment Feu 100 ml"},"content":{"rendered":"<p>Appliquez sur le visage, le cou, le corps et\/ou le cuir chevelu apr\u00e8s le nettoyage.<\/p>\n<p>Laissez poser 10 \u00e0 15 minutes puis avec les doigts humides masser en faisant des mouvements circulaires.<\/p>\n<p>\u00c9liminez le masque avec une \u00e9ponge et rincez abondement. Jusqu\u2019\u00e0 une fois par semaine.<\/p>\n<p>Ingr\u00e9dients cl\u00e9s<\/p>\n<p>Argile rouge : Elle stimule la circulation sanguine et facilite la cicatrisation.<\/p>\n<p>La peau et le cuir chevelu sont apais\u00e9s et les d\u00e9mangeaisons diminuent.<\/p>\n<p>Kaolin : Cette argile blanche naturelle apaise la peau et la d\u00e9sincruste en douceur.<\/p>\n<p>Elle est \u00e9galement tr\u00e8s riche en oligo-\u00e9l\u00e9ments essentiels tels que le silicium, le magn\u00e9sium, le calcium, le zinc et le cuivre.<\/p>\n<p>Huiles essentielles de romarin, lavande et ylang-ylang : Ce m\u00e9lange d\u2019huiles essentielles est analg\u00e9sique et anti-inflammatoire.<\/p>\n<p>Il calme les irritations et procure une sensation de fra\u00eecheur d\u00e8s l\u2019application.<\/p>\n<p>Vitamine C : C\u2019est un antioxydant puissant indispensable \u00e0 la synth\u00e8se de prot\u00e9ines comme le collag\u00e8ne.<\/p>","protected":false},"excerpt":{"rendered":"<p>Ce masque cr\u00e9meux de couleur rouge est recommand\u00e9 pour les peaux sensibles qui pr\u00e9sentent des rougeurs.<\/p>\n<p>En utilisation sur le visage, le corps et le cuir chevelu, ce masque soyeux nettoie et apaise la chaleur excessive issue des rougeurs et irritations.<\/p>","protected":false},"featured_media":2971,"template":"","meta":[],"_links":{"self":[{"href":"https:\/\/staging-5.ajoiespa.ch\/en\/wp-json\/wp\/v2\/product\/2926"}],"collection":[{"href":"https:\/\/staging-5.ajoiespa.ch\/en\/wp-json\/wp\/v2\/product"}],"about":[{"href":"https:\/\/staging-5.ajoiespa.ch\/en\/wp-json\/wp\/v2\/types\/product"}],"wp:featuredmedia":[{"embeddable":true,"href":"https:\/\/staging-5.ajoiespa.ch\/en\/wp-json\/wp\/v2\/media\/2971"}],"wp:attachment":[{"href":"https:\/\/staging-5.ajoiespa.ch\/en\/wp-json\/wp\/v2\/media?parent=2926"}],"curies":[{"name":"wp","href":"https:\/\/api.w.org\/{rel}","templated":true}]}}