{"id":2917,"date":"2020-05-19T08:15:16","date_gmt":"2020-05-19T08:15:16","guid":{"rendered":"https:\/\/ajoiespa.ch\/?post_type=product&#038;p=2917"},"modified":"2020-05-19T15:25:42","modified_gmt":"2020-05-19T15:25:42","slug":"phyto-5-creme-de-nuit-element-feu-50-ml","status":"publish","type":"product","link":"https:\/\/staging-5.ajoiespa.ch\/en\/product\/phyto-5-creme-de-nuit-element-feu-50-ml\/","title":{"rendered":"PHYTO 5 Cr\u00e8me de nuit El\u00e9ment Feu 50 ml"},"content":{"rendered":"<p>En plus de leurs propri\u00e9t\u00e9s \u00e9nerg\u00e9tiques, les cr\u00e8mes de nuit El\u00e9ment ont des propri\u00e9t\u00e9s hydratantes, nourrissantes et sont riches en vitamines et oligo-\u00e9l\u00e9ments essentiels, qui sont des ingr\u00e9dients anti-\u00e2ge naturels.<\/p>\n<p>Pour ces raisons, elles sont souvent qualifi\u00e9es de \u00ab cr\u00e8mes de traitement \u00bb.<\/p>\n<p>Ingr\u00e9dients cl\u00e9s :<\/p>\n<p>Huile de germes de ma\u00efs : riche en vitamines A, D, E et K, elle nourrit, prot\u00e8ge et remin\u00e9ralise les cellules de la peau.<\/p>\n<p>Elle est \u00e9nerg\u00e9tique et anti-oxydante, elle contient pr\u00e8s de 60 % d\u2019om\u00e9ga 6.<\/p>\n<p>Extrait de ma\u00efs : il est apaisant pour les inflammations et les d\u00e9mangeaisons, nourrissant, adoucissant, \u00e9mollient, r\u00e9g\u00e9n\u00e9rant et tonifiant.<\/p>\n<p>Cobalt gluconate : cet oligo-\u00e9l\u00e9ment est un antioxydant, il est pr\u00e9sent dans la vitamine B12 qui permet la maturation des globules rouges.<\/p>\n<p>Huile essentielle de marjolaine : elle est antiseptique, anti-irritante cutan\u00e9e et antistress.<\/p>\n<p>Huile essentielle de lavande : elle procure une sensation de bien-\u00eatre et de d\u00e9tente, elle est anti-inflammatoire, apaisante cutan\u00e9e et stimule les processus de cicatrisation.<\/p>\n<p>Extrait de romarin : cet extrait est un conservateur et un antioxydant.<\/p>\n<p>C\u2019est un actif anti-\u00e2ge, car il permet d\u2019\u00e9liminer les radicaux libres.<\/p>\n<p>Vitamine E : c\u2019est le principal antioxydant de l\u2019organisme, elle prot\u00e8ge les cellules de l\u2019effet destructeur des radicaux libres et emp\u00eache les huiles de rancir.<\/p>","protected":false},"excerpt":{"rendered":"<p>Cette cr\u00e8me doit \u00eatre appliqu\u00e9e, g\u00e9n\u00e9ralement le soir, pour \u00e9quilibrer les effets de la saison \u00e9nerg\u00e9tique Feu et pour lutter contre les probl\u00e8mes esth\u00e9tiques en relation avec l\u2019El\u00e9ment Feu.<\/p>\n<p>Ce produit est recommand\u00e9 pour les peaux sensibles.<\/p>\n<p>Il permet de lutter contre les rougeurs diffuses du visage, la chaleur et la transpiration excessive.<\/p>","protected":false},"featured_media":2969,"template":"","meta":[],"_links":{"self":[{"href":"https:\/\/staging-5.ajoiespa.ch\/en\/wp-json\/wp\/v2\/product\/2917"}],"collection":[{"href":"https:\/\/staging-5.ajoiespa.ch\/en\/wp-json\/wp\/v2\/product"}],"about":[{"href":"https:\/\/staging-5.ajoiespa.ch\/en\/wp-json\/wp\/v2\/types\/product"}],"wp:featuredmedia":[{"embeddable":true,"href":"https:\/\/staging-5.ajoiespa.ch\/en\/wp-json\/wp\/v2\/media\/2969"}],"wp:attachment":[{"href":"https:\/\/staging-5.ajoiespa.ch\/en\/wp-json\/wp\/v2\/media?parent=2917"}],"curies":[{"name":"wp","href":"https:\/\/api.w.org\/{rel}","templated":true}]}}