{"id":2639,"date":"2020-04-17T11:53:47","date_gmt":"2020-04-17T11:53:47","guid":{"rendered":"https:\/\/ajoiespa.ch\/?post_type=product&#038;p=2639"},"modified":"2020-07-23T11:39:48","modified_gmt":"2020-07-23T11:39:48","slug":"phyto-5-selextreme-metal-500-ml","status":"publish","type":"product","link":"https:\/\/staging-5.ajoiespa.ch\/en\/product\/phyto-5-selextreme-metal-500-ml\/","title":{"rendered":"PHYTO 5 | SELEXTREME M\u00e9tal 500 ml"},"content":{"rendered":"<p>Les cristaux de sel micronis\u00e9s Selextreme M\u00e9tal sont un exfoliant naturel pour le visage et le corps, \u00e0 employer sous la douche ou saupoudr\u00e9s dans un bain, pour un effet r\u00e9g\u00e9n\u00e9rant \u00e0 la fois sur la peau et l\u2019esprit.<\/p>\n<p>Extrait des plus pures profondeurs des montagnes, le sel Selextreme M\u00e9tal est naturellement plus sain que le sel marin et infus\u00e9 d\u2019huiles essentielles d\u2019eucalyptus, de citron et de niaouli pour aider \u00e0 restaurer l\u2019\u00e9quilibre des peaux de type M\u00e9tal, tout en boostant le niveau de satisfaction personnelle.<\/p>\n<p>Le sel Selextreme M\u00e9tal a \u00e9t\u00e9 \u00e9labor\u00e9, \u00e0 l\u2019instar des autres produits de la gamme M\u00e9tal, en accord avec la tradition m\u00e9dicinale chinoise et est certifi\u00e9 Phytobiodermie Quantique.<\/p>","protected":false},"excerpt":{"rendered":"<p>Les cristaux de sel micronis\u00e9s Selextreme M\u00e9tal sont un exfoliant naturel pour le visage et le corps, \u00e0 employer sous la douche ou saupoudr\u00e9s dans un bain, pour un effet r\u00e9g\u00e9n\u00e9rant \u00e0 la fois sur la peau et l\u2019esprit.<\/p>","protected":false},"featured_media":2640,"template":"","meta":[],"_links":{"self":[{"href":"https:\/\/staging-5.ajoiespa.ch\/en\/wp-json\/wp\/v2\/product\/2639"}],"collection":[{"href":"https:\/\/staging-5.ajoiespa.ch\/en\/wp-json\/wp\/v2\/product"}],"about":[{"href":"https:\/\/staging-5.ajoiespa.ch\/en\/wp-json\/wp\/v2\/types\/product"}],"wp:featuredmedia":[{"embeddable":true,"href":"https:\/\/staging-5.ajoiespa.ch\/en\/wp-json\/wp\/v2\/media\/2640"}],"wp:attachment":[{"href":"https:\/\/staging-5.ajoiespa.ch\/en\/wp-json\/wp\/v2\/media?parent=2639"}],"curies":[{"name":"wp","href":"https:\/\/api.w.org\/{rel}","templated":true}]}}