{"id":2628,"date":"2020-04-17T11:45:10","date_gmt":"2020-04-17T11:45:10","guid":{"rendered":"https:\/\/ajoiespa.ch\/?post_type=product&#038;p=2628"},"modified":"2020-07-23T11:38:16","modified_gmt":"2020-07-23T11:38:16","slug":"phyto-5-selextreme-bois-500-ml","status":"publish","type":"product","link":"https:\/\/staging-5.ajoiespa.ch\/en\/product\/phyto-5-selextreme-bois-500-ml\/","title":{"rendered":"PHYTO 5 | SELEXTREME Bois 500 ml"},"content":{"rendered":"<p>Les cristaux de sel micronis\u00e9s Selextreme Bois sont un exfoliant naturel pour le visage et le corps, \u00e0 employer sous la douche ou saupoudr\u00e9s dans un bain, pour un effet r\u00e9g\u00e9n\u00e9rant \u00e0 la fois sur la peau et l\u2019esprit.<\/p>\n<p>Extrait des plus pures profondeurs des montagnes, le sel Selextreme Bois est naturellement plus sain que le sel marin et infus\u00e9 d\u2019huiles essentielles de citron, de cypr\u00e8s et de romarin pour aider \u00e0 restaurer l\u2019\u00e9quilibre des peaux de type Bois, tout en boostant le niveau de confiance en soi.<\/p>\n<p>Le sel Selextreme Bois a \u00e9t\u00e9 \u00e9labor\u00e9, \u00e0 l\u2019instar des autres produits de la gamme Bois, en accord avec la tradition m\u00e9dicinale chinoise et est certifi\u00e9 Phytobiodermie Quantique.<\/p>","protected":false},"excerpt":{"rendered":"<p>Les cristaux de sel micronis\u00e9s Selextreme Bois sont un exfoliant naturel pour le visage et le corps, \u00e0 employer sous la douche ou saupoudr\u00e9s dans un bain, pour un effet r\u00e9g\u00e9n\u00e9rant \u00e0 la fois sur la peau et l\u2019esprit.<\/p>","protected":false},"featured_media":2629,"template":"","meta":[],"_links":{"self":[{"href":"https:\/\/staging-5.ajoiespa.ch\/en\/wp-json\/wp\/v2\/product\/2628"}],"collection":[{"href":"https:\/\/staging-5.ajoiespa.ch\/en\/wp-json\/wp\/v2\/product"}],"about":[{"href":"https:\/\/staging-5.ajoiespa.ch\/en\/wp-json\/wp\/v2\/types\/product"}],"wp:featuredmedia":[{"embeddable":true,"href":"https:\/\/staging-5.ajoiespa.ch\/en\/wp-json\/wp\/v2\/media\/2629"}],"wp:attachment":[{"href":"https:\/\/staging-5.ajoiespa.ch\/en\/wp-json\/wp\/v2\/media?parent=2628"}],"curies":[{"name":"wp","href":"https:\/\/api.w.org\/{rel}","templated":true}]}}