{"id":2583,"date":"2020-04-16T07:04:51","date_gmt":"2020-04-16T07:04:51","guid":{"rendered":"https:\/\/ajoiespa.ch\/?post_type=product&#038;p=2583"},"modified":"2020-05-07T14:41:31","modified_gmt":"2020-05-07T14:41:31","slug":"phyto-5-element-eau-creme-ceresal-50-ml","status":"publish","type":"product","link":"https:\/\/staging-5.ajoiespa.ch\/en\/product\/phyto-5-element-eau-creme-ceresal-50-ml\/","title":{"rendered":"PHYTO 5 El\u00e9ment Eau | Cr\u00e8me Ceresal 50 ml"},"content":{"rendered":"<p>Appliquez le matin sur le visage et le cou apr\u00e8s le nettoyage et la lotion tonique. <\/p>\n<p>Ingr\u00e9dients cl\u00e9s <\/p>\n<p>\u2022 Extrait de ginkgo : Il raffermit les tissus, revitalise et r\u00e9g\u00e9n\u00e8re les cellules en stimulant la synth\u00e8se du collag\u00e8ne <\/p>\n<p>\u2022 Extrait de sarrasin : Riche en vitamines, min\u00e9raux et prot\u00e9ines il reconstitue les cellules de la peau plus rapidement.  <\/p>\n<p>\u2022 Huile d\u2019avocat : Extr\u00eamement riche en vitamines, l\u2019huile d\u2019avocat est tr\u00e8s hydratante et r\u00e9g\u00e9n\u00e9rante. C\u2019est un v\u00e9ritable actif anti-\u00e2ge. <\/p>\n<p>\u2022 Huiles essentielles de romarin, geni\u00e8vre, sauge et thym : Ce m\u00e9lange actif d\u2019huiles essentielles est antioxydant et tonifiant. Il apporte \u00e0 la peau du tonus et favorise \u00e9galement la circulation de l\u2019eau pour diminuer les gonflements.  <\/p>\n<p>\u2022 Vitamine E : Puissant antioxydant, elle lutte contre les radicaux libres et retarde l\u2019apparition des rides. <\/p>","protected":false},"excerpt":{"rendered":"<p>Cette cr\u00e8me de jour est recommand\u00e9e pour les peaux d\u00e9shydrat\u00e9es, en manque de tonus et rid\u00e9es. <\/p>\n<p>Elle est \u00e9galement utilis\u00e9e pour \u00e9quilibrer les effets de l\u2019hiver \u00e9nerg\u00e9tique.<\/p>","protected":false},"featured_media":2584,"template":"","meta":[],"_links":{"self":[{"href":"https:\/\/staging-5.ajoiespa.ch\/en\/wp-json\/wp\/v2\/product\/2583"}],"collection":[{"href":"https:\/\/staging-5.ajoiespa.ch\/en\/wp-json\/wp\/v2\/product"}],"about":[{"href":"https:\/\/staging-5.ajoiespa.ch\/en\/wp-json\/wp\/v2\/types\/product"}],"wp:featuredmedia":[{"embeddable":true,"href":"https:\/\/staging-5.ajoiespa.ch\/en\/wp-json\/wp\/v2\/media\/2584"}],"wp:attachment":[{"href":"https:\/\/staging-5.ajoiespa.ch\/en\/wp-json\/wp\/v2\/media?parent=2583"}],"curies":[{"name":"wp","href":"https:\/\/api.w.org\/{rel}","templated":true}]}}