{"id":2569,"date":"2020-04-16T06:59:13","date_gmt":"2020-04-16T06:59:13","guid":{"rendered":"https:\/\/ajoiespa.ch\/?post_type=product&#038;p=2569"},"modified":"2020-05-07T14:40:46","modified_gmt":"2020-05-07T14:40:46","slug":"phyto-5-element-terre-creme-ceresal-50-ml","status":"publish","type":"product","link":"https:\/\/staging-5.ajoiespa.ch\/en\/product\/phyto-5-element-terre-creme-ceresal-50-ml\/","title":{"rendered":"PHYTO 5 El\u00e9ment Terre | Creme Ceresal 50 ml"},"content":{"rendered":"<p>Appliquez le matin sur le visage et le cou apr\u00e8s le nettoyage et la lotion tonique. <\/p>\n<p>Ingr\u00e9dients cl\u00e9s <\/p>\n<p>\u2022 Extrait de millet : Il nourrit et revitalise la peau. Son c\u00f4t\u00e9 \u00e9mollient apporte une touche d\u2019hydratation et \u00e9vite le dess\u00e9chement.  <\/p>\n<p>\u2022 Aloe Vera : Ce gel stimule les fibres de collag\u00e8ne et redonne de l\u2019\u00e9lasticit\u00e9. Il agit \u00e9galement sur la r\u00e9tention d\u2019eau et offre des propri\u00e9t\u00e9s hydratantes int\u00e9ressantes.  <\/p>\n<p>\u2022 Huile essentielle de verveine : Elle aide au drainage de la lymphe et permet de redonner \u00e0 la peau une bonne mine. Son odeur fra\u00eeche et sucr\u00e9e est agr\u00e9able, elle donne du tonus lors de l\u2019application de la cr\u00e8me.  <\/p>\n<p>\u2022 Vitamine E : Puissant antioxydant, elle lutte contre les radicaux libres et retarde l\u2019apparition des rides. <\/p>","protected":false},"excerpt":{"rendered":"<p>Cette cr\u00e8me de jour est recommand\u00e9e pour les peaux intoxin\u00e9es qui pr\u00e9sentent des boutons et dont le teint est terne. <\/p>\n<p>Elle est \u00e9galement utilis\u00e9e pour \u00e9quilibrer les effets de l\u2019intersaison \u00e9nerg\u00e9tique. <\/p>","protected":false},"featured_media":2570,"template":"","meta":[],"_links":{"self":[{"href":"https:\/\/staging-5.ajoiespa.ch\/en\/wp-json\/wp\/v2\/product\/2569"}],"collection":[{"href":"https:\/\/staging-5.ajoiespa.ch\/en\/wp-json\/wp\/v2\/product"}],"about":[{"href":"https:\/\/staging-5.ajoiespa.ch\/en\/wp-json\/wp\/v2\/types\/product"}],"wp:featuredmedia":[{"embeddable":true,"href":"https:\/\/staging-5.ajoiespa.ch\/en\/wp-json\/wp\/v2\/media\/2570"}],"wp:attachment":[{"href":"https:\/\/staging-5.ajoiespa.ch\/en\/wp-json\/wp\/v2\/media?parent=2569"}],"curies":[{"name":"wp","href":"https:\/\/api.w.org\/{rel}","templated":true}]}}