{"id":2561,"date":"2020-04-15T15:34:21","date_gmt":"2020-04-15T15:34:21","guid":{"rendered":"https:\/\/ajoiespa.ch\/?post_type=product&#038;p=2561"},"modified":"2020-05-19T09:23:49","modified_gmt":"2020-05-19T09:23:49","slug":"phyto-5-element-feu-creme-ceresal-50-ml","status":"publish","type":"product","link":"https:\/\/staging-5.ajoiespa.ch\/en\/product\/phyto-5-element-feu-creme-ceresal-50-ml\/","title":{"rendered":"PHYTO 5 El\u00e9ment Feu | Cr\u00e8me Ceresal 50 ml"},"content":{"rendered":"<p>Appliquez le matin sur le visage et le cou apr\u00e8s le nettoyage et la lotion tonique.<\/p>\n<p>Ingr\u00e9dients cl\u00e9s<\/p>\n<p>\u2022 Huile de germes de ma\u00efs : Riche en vitamines A, D, E et K, elle nourrit et apaise la sensation de chaleur que procurent les rougeurs.<\/p>\n<p>\u2022 Extrait de ma\u00efs : Il est apaisant et calme les inflammations et d\u00e9mangeaisons. \u00c9mollient, il hydrate la peau.<\/p>\n<p>\u2022 Huiles essentielles de lavande et marjolaine : Ce m\u00e9lange d\u2019huiles essentielles est apaisant et anti-inflammatoire. Il procure une sensation de bien\u00eatre et de d\u00e9tente.<\/p>\n<p>\u2022 Vitamine E : Puissant antioxydant, elle lutte contre les radicaux libres et retarde les effets du vieillissement.<\/p>","protected":false},"excerpt":{"rendered":"<p>Cette cr\u00e8me de jour est recommand\u00e9e pour les peaux sensibles qui pr\u00e9sentent des rougeurs.<\/p>\n<p>Elle est \u00e9galement utilis\u00e9e pour \u00e9quilibrer les effets de l\u2019\u00e9t\u00e9 \u00e9nerg\u00e9tique.<\/p>","protected":false},"featured_media":2967,"template":"","meta":[],"_links":{"self":[{"href":"https:\/\/staging-5.ajoiespa.ch\/en\/wp-json\/wp\/v2\/product\/2561"}],"collection":[{"href":"https:\/\/staging-5.ajoiespa.ch\/en\/wp-json\/wp\/v2\/product"}],"about":[{"href":"https:\/\/staging-5.ajoiespa.ch\/en\/wp-json\/wp\/v2\/types\/product"}],"wp:featuredmedia":[{"embeddable":true,"href":"https:\/\/staging-5.ajoiespa.ch\/en\/wp-json\/wp\/v2\/media\/2967"}],"wp:attachment":[{"href":"https:\/\/staging-5.ajoiespa.ch\/en\/wp-json\/wp\/v2\/media?parent=2561"}],"curies":[{"name":"wp","href":"https:\/\/api.w.org\/{rel}","templated":true}]}}