{"id":2552,"date":"2020-04-15T14:32:49","date_gmt":"2020-04-15T14:32:49","guid":{"rendered":"https:\/\/ajoiespa.ch\/?post_type=product&#038;p=2552"},"modified":"2020-05-07T14:39:02","modified_gmt":"2020-05-07T14:39:02","slug":"phyto-5-element-eau-lotion-tonic-200-ml","status":"publish","type":"product","link":"https:\/\/staging-5.ajoiespa.ch\/en\/product\/phyto-5-element-eau-lotion-tonic-200-ml\/","title":{"rendered":"PHYTO 5 El\u00e9ment Eau | Lotion Tonic 200 ml"},"content":{"rendered":"<p>Appliquez sur un disque de coton sur le visage et le cou apr\u00e8s le nettoyage et avant la cr\u00e8me matin et soir. <\/p>\n<p>Ingr\u00e9dients cl\u00e9s <\/p>\n<p>\u2022 Algue brune (Laminaria Digitata) : Riche en oligo-\u00e9l\u00e9ments essentiels, prot\u00e9ines et vitamines, elle stimule la circulation sanguine et remin\u00e9ralise la peau pour une meilleure hydratation. Elle aide \u00e9galement \u00e0 la r\u00e9g\u00e9n\u00e9ration des cellules. <\/p>\n<p>\u2022 Huiles essentielles de geni\u00e8vre, orange douce, menthe poivr\u00e9e, citron, romarin, sauge et thym : Ce m\u00e9lange d\u2019huiles essentielles int\u00e9ressant est antioxydant. Il ralentit l\u2019apparition des rides et tonifie la peau pour lui redonner toute son \u00e9lasticit\u00e9. <\/p>","protected":false},"excerpt":{"rendered":"<p>Cette lotion tonique sans alcool dynamise la peau et l\u2019hydrate. <\/p>\n<p>Id\u00e9ale apr\u00e8s le nettoyage pour \u00e9liminer les derniers r\u00e9sidus et le calcaire.<\/p>","protected":false},"featured_media":2553,"template":"","meta":[],"_links":{"self":[{"href":"https:\/\/staging-5.ajoiespa.ch\/en\/wp-json\/wp\/v2\/product\/2552"}],"collection":[{"href":"https:\/\/staging-5.ajoiespa.ch\/en\/wp-json\/wp\/v2\/product"}],"about":[{"href":"https:\/\/staging-5.ajoiespa.ch\/en\/wp-json\/wp\/v2\/types\/product"}],"wp:featuredmedia":[{"embeddable":true,"href":"https:\/\/staging-5.ajoiespa.ch\/en\/wp-json\/wp\/v2\/media\/2553"}],"wp:attachment":[{"href":"https:\/\/staging-5.ajoiespa.ch\/en\/wp-json\/wp\/v2\/media?parent=2552"}],"curies":[{"name":"wp","href":"https:\/\/api.w.org\/{rel}","templated":true}]}}