{"id":2549,"date":"2020-04-15T14:30:40","date_gmt":"2020-04-15T14:30:40","guid":{"rendered":"https:\/\/ajoiespa.ch\/?post_type=product&#038;p=2549"},"modified":"2020-05-07T14:38:36","modified_gmt":"2020-05-07T14:38:36","slug":"phyto-5-element-metal-lotion-tonic-200-ml","status":"publish","type":"product","link":"https:\/\/staging-5.ajoiespa.ch\/en\/product\/phyto-5-element-metal-lotion-tonic-200-ml\/","title":{"rendered":"PHYTO 5 El\u00e9ment M\u00e9tal | Lotion Tonic 200 ml"},"content":{"rendered":"<p>Appliquez sur un disque de coton sur le visage et le cou apr\u00e8s le nettoyage et avant la cr\u00e8me matin et soir. <\/p>\n<p>Ingr\u00e9dients cl\u00e9s <\/p>\n<p>\u2022 Algue brune (Laminaria Digitata) : Riche en oligo-\u00e9l\u00e9ments essentiels, prot\u00e9ines et vitamines, elle stimule la circulation sanguine et remin\u00e9ralise la peau pour une meilleure hydratation. Elle aide \u00e9galement \u00e0 la r\u00e9g\u00e9n\u00e9ration des cellules. <\/p>\n<p>\u2022 Huiles essentielles de cypr\u00e8s, sauge, geni\u00e8vre, lavande, pin sylvestre et romarin : Ce m\u00e9lange d\u2019huiles essentielles favorise la circulation sanguine et am\u00e9liore donc l\u2019oxyg\u00e9nation de la peau. Il favorise \u00e9galement l\u2019\u00e9limination des cellules mortes.  <\/p>","protected":false},"excerpt":{"rendered":"<p>Cette lotion tonique sans alcool est recommand\u00e9e pour les peaux s\u00e8ches en manque de min\u00e9raux. <\/p>\n<p>Id\u00e9ale apr\u00e8s le nettoyage pour \u00e9liminer les derniers r\u00e9sidus et le calcaire.  <\/p>","protected":false},"featured_media":2550,"template":"","meta":[],"_links":{"self":[{"href":"https:\/\/staging-5.ajoiespa.ch\/en\/wp-json\/wp\/v2\/product\/2549"}],"collection":[{"href":"https:\/\/staging-5.ajoiespa.ch\/en\/wp-json\/wp\/v2\/product"}],"about":[{"href":"https:\/\/staging-5.ajoiespa.ch\/en\/wp-json\/wp\/v2\/types\/product"}],"wp:featuredmedia":[{"embeddable":true,"href":"https:\/\/staging-5.ajoiespa.ch\/en\/wp-json\/wp\/v2\/media\/2550"}],"wp:attachment":[{"href":"https:\/\/staging-5.ajoiespa.ch\/en\/wp-json\/wp\/v2\/media?parent=2549"}],"curies":[{"name":"wp","href":"https:\/\/api.w.org\/{rel}","templated":true}]}}