{"id":2488,"date":"2020-04-15T06:30:56","date_gmt":"2020-04-15T06:30:56","guid":{"rendered":"https:\/\/ajoiespa.ch\/?post_type=product&#038;p=2488"},"modified":"2020-05-17T07:09:38","modified_gmt":"2020-05-17T07:09:38","slug":"phyto-5-serum-phytether-eau-30ml","status":"publish","type":"product","link":"https:\/\/staging-5.ajoiespa.ch\/en\/product\/phyto-5-serum-phytether-eau-30ml\/","title":{"rendered":"PHYTO 5 S\u00e9rum Phyt&rsquo;Ether Eau 30 ml"},"content":{"rendered":"<p>Ce s\u00e9rum huileux anti-\u00e2ge, enti\u00e8rement naturel, est recommand\u00e9 pour les peaux atones avec rides et ridules. Il favorise aussi l\u2019hydratation de la peau. <\/p>\n<p>Il est \u00e0 appliquer directement sur la peau ou le cuir chevelu. Il s\u2019utilise sous le masque d\u2019argile noire et\/ou sur les points d\u2019acupuncture, les zones r\u00e9flexes, les m\u00e9ridiens ou le 7\u00e8me chakra. <\/p>\n<p>Ce s\u00e9rum est un m\u00e9lange d\u2019huiles essentielles dans une base d\u2019huiles v\u00e9g\u00e9tales de p\u00e9pins de raisins, avocat et jojoba. Pour renforcer les propri\u00e9t\u00e9s nourrissantes de ce produit, des extraits de c\u00e9r\u00e9ales et de la vitamine E ont \u00e9t\u00e9 ajout\u00e9s. Les ingr\u00e9dients suivants sont utilis\u00e9s premi\u00e8rement pour leurs qualit\u00e9s \u00e9nerg\u00e9tiques, mais ils poss\u00e8dent aussi les propri\u00e9t\u00e9s sp\u00e9cifiques suivantes : <\/p>\n<p>\u2022 Huile essentielle d\u2019eucalyptus : Antiseptique et antibact\u00e9rienne, elle permet de soigner les infections cutan\u00e9es. Elle est anticellulite. <\/p>\n<p>\u2022 Huile essentielle de geni\u00e8vre : Elle est anti-inflammatoire, calmante, anti-irritante, lipolytique et agit contre la r\u00e9tention d\u2019eau. <\/p>\n<p>\u2022 Extrait de pr\u00eale : Elle est essentielle pour la peau, car elle est riche en silice, qui stimule la synth\u00e8se du collag\u00e8ne et favorise l\u2019\u00e9lasticit\u00e9 des tissus cutan\u00e9s. Elle est donc recommand\u00e9e pour lutter contre les rides, les vergetures ou les cicatrices. La pr\u00eale est aussi min\u00e9ralisante, astringente, tonifiante et anti-acn\u00e9. <\/p>\n<p>\u2022 Extrait de soja : C\u2019est un ingr\u00e9dient anti-\u00e2ge tr\u00e8s efficace, car il stimule la synth\u00e8se du collag\u00e8ne et de l\u2019\u00e9lastine. Il restructure, min\u00e9ralise et hydrate la peau. Il a aussi des propri\u00e9t\u00e9s tonifiantes et fortifiantes. En plus, le soja est riche en omega 3, vitamines (A1, B1, B2, PP, E et C) et oligo-\u00e9l\u00e9ments. <\/p>\n<p>\u2022 Huile v\u00e9g\u00e9tale de p\u00e9pins de raisin : Riche en acide gras essentiels (om\u00e9ga 6 et 9), elle apporte protection et hydratation de l\u2019\u00e9piderme. Elle contient \u00e9galement des flavono\u00efdes qui d\u00e9truisent les radicaux libres et luttent contre le vieillissement. Elle est aussi adoucissante, nourrissante, exfoliante, rafra\u00eechissante et r\u00e9g\u00e9n\u00e9rante. <\/p>\n<p>\u2022 Huile v\u00e9g\u00e9tale de jojoba bio : Huile v\u00e9g\u00e9tale hydratante, au toucher non gras, utilis\u00e9e pour sa teneur en insaponifiables (pr\u00e9cieux compos\u00e9s trouv\u00e9s dans certaines huiles, poss\u00e9dant des propri\u00e9t\u00e9s adoucissantes, r\u00e9g\u00e9n\u00e9rantes et hydratantes). Son \u00e9troite ressemblance avec le s\u00e9bum de la peau lui donne d\u2019excellentes propri\u00e9t\u00e9s de p\u00e9n\u00e9tration cutan\u00e9e. Elle est aussi anti-\u00e2ge et anti-oxydante. Elle revitalise et nourrit les cheveux et la peau. <\/p>\n<p>\u2022 Huile d\u2019avocat : Riche en om\u00e9ga 6 et 9, en prot\u00e9ines, min\u00e9raux et vitamines (A, B, C, D, E, H, K et PP), l\u2019huile d\u2019avocat est tr\u00e8s hydratante, antirides et r\u00e9g\u00e9n\u00e9rante, id\u00e9ale pour un soin nourrissant. <\/p>\n<p>\u2022 Vitamine E : C\u2019est le principal antioxydant de l\u2019organisme. Elle prot\u00e8ge les cellules de l\u2019effet destructeur des radicaux libres et emp\u00eache les huiles de rancir. <\/p>\n<p>Les huiles essentielles sont d\u00e9conseill\u00e9es aux femmes enceintes ou en p\u00e9riode d&rsquo;allaitement. <\/p>","protected":false},"excerpt":{"rendered":"<p>Ce s\u00e9rum huileux anti-\u00e2ge, enti\u00e8rement naturel, est recommand\u00e9 pour  les peaux atones avec rides et ridules. Il favorise aussi l\u2019hydratation de la peau. Ce s\u00e9rum est un m\u00e9lange d\u2019huiles essentielles de geni\u00e8vre et d&rsquo;eucalyptus dans une base d\u2019huiles v\u00e9g\u00e9tales de p\u00e9pins de raisins, avocat et jojoba. Pour renforcer les propri\u00e9t\u00e9s nourrissantes de ce produit, des extraits de c\u00e9r\u00e9ales et de la vitamine E ont \u00e9t\u00e9 ajout\u00e9s.<\/p>","protected":false},"featured_media":2493,"template":"","meta":[],"_links":{"self":[{"href":"https:\/\/staging-5.ajoiespa.ch\/en\/wp-json\/wp\/v2\/product\/2488"}],"collection":[{"href":"https:\/\/staging-5.ajoiespa.ch\/en\/wp-json\/wp\/v2\/product"}],"about":[{"href":"https:\/\/staging-5.ajoiespa.ch\/en\/wp-json\/wp\/v2\/types\/product"}],"wp:featuredmedia":[{"embeddable":true,"href":"https:\/\/staging-5.ajoiespa.ch\/en\/wp-json\/wp\/v2\/media\/2493"}],"wp:attachment":[{"href":"https:\/\/staging-5.ajoiespa.ch\/en\/wp-json\/wp\/v2\/media?parent=2488"}],"curies":[{"name":"wp","href":"https:\/\/api.w.org\/{rel}","templated":true}]}}