{"id":2460,"date":"2020-04-15T06:06:06","date_gmt":"2020-04-15T06:06:06","guid":{"rendered":"https:\/\/ajoiespa.ch\/?post_type=product&#038;p=2460"},"modified":"2020-06-25T06:51:14","modified_gmt":"2020-06-25T06:51:14","slug":"phyto-5-serum-phytether-bois","status":"publish","type":"product","link":"https:\/\/staging-5.ajoiespa.ch\/en\/product\/phyto-5-serum-phytether-bois\/","title":{"rendered":"PHYTO 5 S\u00e9rum Phyt&rsquo;Ether Bois 30 ml"},"content":{"rendered":"<p>Ce s\u00e9rum est un m\u00e9lange d\u2019huiles essentielles dans une base d\u2019huiles v\u00e9g\u00e9tales de p\u00e9pins de raisins, avocat et jojoba. Pour renforcer les propri\u00e9t\u00e9s nourrissantes de ce produit, une huile de c\u00e9r\u00e9ale et de la vitamine E ont \u00e9t\u00e9 ajout\u00e9es. Les ingr\u00e9dients suivants sont utilis\u00e9s premi\u00e8rement pour leurs qualit\u00e9s \u00e9nerg\u00e9tiques, mais ils poss\u00e8dent aussi les propri\u00e9t\u00e9s sp\u00e9cifiques suivantes :<\/p>\n<p>\u2022 Huile essentielle de romarin : Elle favorise la circulation sanguine. Elle est tonique, analg\u00e9sique, antirhumatismale, anti-infectieuse et cicatrisante.<\/p>\n<p>\u2022 Huile essentielle de citron : Elle est calmante, anti-inflammatoire et astringente. Elle favorise l\u2019\u00e9limination de la cellulite et att\u00e9nue les rides.<\/p>\n<p>\u2022 Huile essentielle de citron vert : Elle a un effet revigorant et stimulant. Son arome naturel aide \u00e0 se lib\u00e9rer de l\u2019anxi\u00e9t\u00e9, favorise la clart\u00e9 d\u2019esprit et encourage la cr\u00e9ativit\u00e9.<\/p>\n<p>\u2022 Huile essentielle de cypr\u00e8s : Anti-infectieuse, anti-mycoses, c\u2019est la meilleure huile essentielle pour favoriser la circulation veineuse et lymphatique. Elle est donc utile contre les varices ou les jambes lourdes.<\/p>\n<p>\u2022 Huile de germes de bl\u00e9 : Elle est anti-inflammatoire, anti-oxydante et cicatrisante. Elle favorise la circulation du sang et r\u00e9pare, hydrate et prot\u00e8ge la peau, ce qui lui donne des propri\u00e9t\u00e9s antirides. Elle est riche en om\u00e9ga 3, 6 et 9.<\/p>\n<p>\u2022 Huile v\u00e9g\u00e9tale de p\u00e9pins de raisin : Riche en acide gras essentiels (om\u00e9ga 6 et 9), elle apporte protection et hydratation de l\u2019\u00e9piderme. Elle contient \u00e9galement des flavono\u00efdes qui d\u00e9truisent les radicaux libres et luttent contre le vieillissement. Elle est aussi adoucissante, nourrissante, exfoliante, rafra\u00eechissante et r\u00e9g\u00e9n\u00e9rante.<\/p>\n<p>\u2022 Huile v\u00e9g\u00e9tale de jojoba bio : Huile v\u00e9g\u00e9tale hydratante, au toucher non gras, utilis\u00e9e pour sa teneur en insaponifiables (pr\u00e9cieux compos\u00e9s trouv\u00e9s dans certaines huiles, poss\u00e9dant des propri\u00e9t\u00e9s adoucissantes, r\u00e9g\u00e9n\u00e9rantes et hydratantes). Son \u00e9troite ressemblance avec le s\u00e9bum de la peau lui donne d\u2019excellentes propri\u00e9t\u00e9s de p\u00e9n\u00e9tration cutan\u00e9e. Elle est aussi anti-\u00e2ge et anti-oxydante. Elle revitalise et nourrit les cheveux et la peau.<\/p>\n<p>\u2022 Huile d\u2019avocat : Riche en om\u00e9ga 6 et 9, en prot\u00e9ines, min\u00e9raux et vitamines (A, B, C, D, E, H, K et PP), l\u2019huile d\u2019avocat est tr\u00e8s hydratante, antirides et r\u00e9g\u00e9n\u00e9rante, id\u00e9ale pour un soin nourrissant.<\/p>\n<p>\u2022 Vitamine E : C\u2019est le principal antioxydant de l\u2019organisme. Elle prot\u00e8ge les cellules de l\u2019effet destructeur des radicaux libres et emp\u00eache les huiles de rancir.<\/p>\n<p>Les huiles essentielles sont d\u00e9conseill\u00e9es aux femmes enceintes ou en p\u00e9riode d&rsquo;allaitement.<\/p>","protected":false},"excerpt":{"rendered":"<p>Ce s\u00e9rum huileux enti\u00e8rement naturel est recommand\u00e9 pour les peaux grasses, points noirs et les taches de pigmentation. Il \u00e9quilibre la qualit\u00e9 \u00e9nerg\u00e9tique de la peau. Ce s\u00e9rum est un m\u00e9lange d\u2019huiles essentielles de romarin, citron et cypr\u00e8s dans une base d\u2019huiles v\u00e9g\u00e9tales de p\u00e9pins de raisins, avocat et jojoba. Pour renforcer les propri\u00e9t\u00e9s nourrissantes de ce produit, une huile de c\u00e9r\u00e9ale et de la vitamine E ont \u00e9t\u00e9 ajout\u00e9es.<\/p>","protected":false},"featured_media":2461,"template":"","meta":[],"_links":{"self":[{"href":"https:\/\/staging-5.ajoiespa.ch\/en\/wp-json\/wp\/v2\/product\/2460"}],"collection":[{"href":"https:\/\/staging-5.ajoiespa.ch\/en\/wp-json\/wp\/v2\/product"}],"about":[{"href":"https:\/\/staging-5.ajoiespa.ch\/en\/wp-json\/wp\/v2\/types\/product"}],"wp:featuredmedia":[{"embeddable":true,"href":"https:\/\/staging-5.ajoiespa.ch\/en\/wp-json\/wp\/v2\/media\/2461"}],"wp:attachment":[{"href":"https:\/\/staging-5.ajoiespa.ch\/en\/wp-json\/wp\/v2\/media?parent=2460"}],"curies":[{"name":"wp","href":"https:\/\/api.w.org\/{rel}","templated":true}]}}