{"id":8,"date":"2019-02-28T21:01:01","date_gmt":"2019-02-28T21:01:01","guid":{"rendered":"https:\/\/websitedemos.net\/alex33\/?page_id=8"},"modified":"2020-08-24T14:56:15","modified_gmt":"2020-08-24T14:56:15","slug":"suites-2","status":"publish","type":"page","link":"https:\/\/staging-5.ajoiespa.ch\/en\/suites-2\/","title":{"rendered":"Suites"},"content":{"rendered":"<h1>\n\t\t\t\tLES SUITES\n\t\t\t<\/h1>\n\t\t\t<h2>JUNIOR SUITE<\/h2>\t\t\t\n\t\t\t<h3>25m2 &#038; Terrasse privative 20m2 plein sud<\/h3>\t\t\t\n\t\t\t\t<p>1 ou 2 personnes<\/p>\n<p>Wifi<\/p>\n<p>Machine Nespresso | Th\u00e9 | Gourmandises<\/p>\n<p>Bluewin TV &amp; Ecran plat<\/p>\n<p>Taxe de s\u00e9jour CHF 3 par personne et par jour<\/p>\n<p>OPTIONS:<\/p>\n<p>Petit d\u00e9jeuner (in-room) CHF 20 par personne et par jour<br \/>Acc\u00e8s et\/ou soins PRIVATE SPA<br \/>#BookDirect Packages Suite &amp; Spa<\/p>\n\t\t\t<a href=\"https:\/\/staging-5.ajoiespa.ch\/en\/spa\/\" target=\"_self\" role=\"button\" rel=\"noopener noreferrer\">\n\t\t\t\t\t\t\tVOIR LES OFFRES SPA\n\t\t<\/a>\n\t\t\t<h2>DUPLEX SUITE<\/h2>\t\t\t\n\t\t\t<h3>50m2 sur deux \u00e9tages &#038; Terrasse calme<\/h3>\t\t\t\n\t\t\t\t<p>1 ou 2 personnes<\/p>\n<p>Wifi<\/p>\n<p>Machine Nespresso | Th\u00e9 | Gourmandises<\/p>\n<p>Bluewin TV &amp; Ecran plat<\/p>\n<p>Climatisation<\/p>\n<p>Taxe de s\u00e9jour CHF 3 par personne et par jour<\/p>\n<p>OPTIONS:\u00a0<\/p>\n<p>Petit d\u00e9jeuner (in-room) CHF 20 par personne et par jour<br \/>Acc\u00e8s et\/ou soins PRIVATE SPA<br \/>#BookDirect Packages Suite &amp; Spa<\/p>\n\t\t\t<a href=\"https:\/\/staging-5.ajoiespa.ch\/en\/spa\/\" target=\"_self\" role=\"button\" rel=\"noopener noreferrer\">\n\t\t\t\t\t\t\tVOIR LES OFFRES SPA\n\t\t<\/a>\n\t\t\t<h2>#HappyGuests<\/h2>\t\t\t\n\t            <!-- Begin widget code -->\n            <rw-widget-grid data-rw-grid=\"11125\"><\/rw-widget-grid>\n            <script data-cfasync=\"false\" crossorigin=\"anonymous\" type=\"module\" src=\"https:\/\/repuso.com\/widgets\/2.0\/rw-widget-grid.js\"><\/script>\n            <!-- End widget code -->\n            \n\t\t\t<h5>ADRESS<\/h5>\t\t\t\n\t\t\t\t<p>Rue du Coll\u00e8ge 9 | CH-2900 Porrentruy<\/p>\n\t\t\t<h5>HORAIRES D&rsquo;OUVERTURE<\/h5>\t\t\t\n\t\t\t\t<p>Tous les jours | 12:00 &#8211; 22:00<\/p>\n\t\t\t<h5>CONTACT<\/h5>\t\t\t\n\t\t\t\t<p>Phone: +41 32 466 16 47<br \/>Email: <a href=\"mailto:ajoiespa@ajoiespa.ch\" target=\"_blank\" rel=\"noopener noreferrer\">ajoiespa@ajoiespa.ch<\/a><\/p>\n\t\t\t\t<h4>INSCRIVEZ-VOUS POUR RECEVOIR NOS OFFRES EN AVANT PREMIERE<\/h4>\n\t\t\t\t<h6><\/h6>\n\t\t\t\t<!-- Inline Block Space Fix \n\t\t\t\t-->\n\t\t\t\t<!-- Inline Block Space Fix\n\t\t\t\t-->\n\t\t\t\t\t<input type=\"email\" name=\"uabb-subscribe-form-email\" aria-label=\"email\" placeholder=\"Email\" \/>\n\t\t\t\t\t\t\t\t\t\t!\n\t\t\t\t<!-- Inline Block Space Fix\t\n\t\t\t\t--><!-- Inline Block Space Fix\t\n\t\t\t\t-->\n\t\t\t<a href=\"#\" target=\"_self\" role=\"button\" rel=\"noopener noreferrer\">\n\t\t\t\t\t\t\tSIGN-UP\n\t\t<\/a>\n\t\t\t\t\t\tSomething went wrong. Please check your entries and try again.\n\t<p>#PRESSE<\/p>\n\t\t\t\t<img loading=\"lazy\" src=\"https:\/\/staging-5.ajoiespa.ch\/wp-content\/uploads\/2018\/10\/encore@2x.png-e63f92dc.png\" alt=\"AjoieSpa dans la presse encore magazine\" itemprop=\"image\" height=\"240\" width=\"360\" title=\"AjoieSpa dans la presse encore magazine\" onerror=\"this.style.display='none'\"  \/>\n\t\t\t\t<img loading=\"lazy\" src=\"https:\/\/staging-5.ajoiespa.ch\/wp-content\/uploads\/2018\/10\/anabelle@2x.png-cf01758f.png\" alt=\"AjoieSpa dans la presse annabelle magazine\" itemprop=\"image\" height=\"240\" width=\"360\" title=\"AjoieSpa dans la presse annabelle magazine\" onerror=\"this.style.display='none'\"  \/>\n\t\t\t\t<img loading=\"lazy\" src=\"https:\/\/staging-5.ajoiespa.ch\/wp-content\/uploads\/2018\/10\/icon_bolero.png\" alt=\"AjoieSpa dans la presse bolero magazine\" itemprop=\"image\" height=\"480\" width=\"480\" title=\"AjoieSpa dans la presse bolero magazine\" onerror=\"this.style.display='none'\"  \/>\n\t\t\t\t<img loading=\"lazy\" src=\"https:\/\/staging-5.ajoiespa.ch\/wp-content\/uploads\/2018\/10\/derbund@2x.png-1e8180cb.png\" alt=\"AjoieSpa dans la presse der bund\" itemprop=\"image\" height=\"240\" width=\"360\" title=\"AjoieSpa dans la presse der bund\" onerror=\"this.style.display='none'\"  \/>\n\t\t\t\t<img loading=\"lazy\" src=\"https:\/\/staging-5.ajoiespa.ch\/wp-content\/uploads\/2018\/10\/illustre.png\" alt=\"AjoieSpa dans la presse magazine l'illustre suisse\" itemprop=\"image\" height=\"106\" width=\"475\" title=\"AjoieSpa dans la presse magazine l'illustre suisse\" onerror=\"this.style.display='none'\"  \/>\n\t\t\t\t<img loading=\"lazy\" src=\"https:\/\/staging-5.ajoiespa.ch\/wp-content\/uploads\/2018\/10\/SI-gruen.jpg\" alt=\"AjoieSpa dans la presse magazine SI GRUEN Suisse\" itemprop=\"image\" height=\"112\" width=\"450\" title=\"AjoieSpa dans la presse magazine SI GRUEN Suisse\" onerror=\"this.style.display='none'\"  \/>\n\t\t\t\t<img loading=\"lazy\" src=\"https:\/\/staging-5.ajoiespa.ch\/wp-content\/uploads\/2018\/10\/lematin@2x.png-08d41c54.png\" alt=\"AjoieSpa dans la presse LE MATIN Suisse\" itemprop=\"image\" height=\"240\" width=\"360\" title=\"AjoieSpa dans la presse LE MATIN Suisse\" onerror=\"this.style.display='none'\"  \/>","protected":false},"excerpt":{"rendered":"<p>LES SUITES JUNIOR SUITE 25m2 &#038; Terrasse privative 20m2 plein sud 1 ou 2 personnes Wifi Machine Nespresso | Th\u00e9 | Gourmandises Bluewin TV &amp; Ecran plat Taxe de s\u00e9jour CHF 3 par personne et par jour OPTIONS: Petit d\u00e9jeuner (in-room) CHF 20 par personne et par jourAcc\u00e8s et\/ou soins PRIVATE SPA#BookDirect Packages Suite &amp; &hellip;<\/p>\n<p class=\"read-more\"> <a class=\"\" href=\"https:\/\/staging-5.ajoiespa.ch\/en\/suites-2\/\"> <span class=\"screen-reader-text\">Suites<\/span> Read More &raquo;<\/a><\/p>","protected":false},"author":1,"featured_media":0,"parent":0,"menu_order":0,"comment_status":"closed","ping_status":"closed","template":"","meta":[],"_links":{"self":[{"href":"https:\/\/staging-5.ajoiespa.ch\/en\/wp-json\/wp\/v2\/pages\/8"}],"collection":[{"href":"https:\/\/staging-5.ajoiespa.ch\/en\/wp-json\/wp\/v2\/pages"}],"about":[{"href":"https:\/\/staging-5.ajoiespa.ch\/en\/wp-json\/wp\/v2\/types\/page"}],"author":[{"embeddable":true,"href":"https:\/\/staging-5.ajoiespa.ch\/en\/wp-json\/wp\/v2\/users\/1"}],"replies":[{"embeddable":true,"href":"https:\/\/staging-5.ajoiespa.ch\/en\/wp-json\/wp\/v2\/comments?post=8"}],"version-history":[{"count":80,"href":"https:\/\/staging-5.ajoiespa.ch\/en\/wp-json\/wp\/v2\/pages\/8\/revisions"}],"predecessor-version":[{"id":3394,"href":"https:\/\/staging-5.ajoiespa.ch\/en\/wp-json\/wp\/v2\/pages\/8\/revisions\/3394"}],"wp:attachment":[{"href":"https:\/\/staging-5.ajoiespa.ch\/en\/wp-json\/wp\/v2\/media?parent=8"}],"curies":[{"name":"wp","href":"https:\/\/api.w.org\/{rel}","templated":true}]}}