{"id":660,"date":"2018-10-14T07:26:57","date_gmt":"2018-10-14T07:26:57","guid":{"rendered":"https:\/\/ajoiespa.ch\/?page_id=660"},"modified":"2020-04-14T14:36:21","modified_gmt":"2020-04-14T14:36:21","slug":"privacy-policy","status":"publish","type":"page","link":"https:\/\/staging-5.ajoiespa.ch\/en\/privacy-policy\/","title":{"rendered":"Privacy Policy"},"content":{"rendered":"<p>POLITIQUE DE PROTECTION DES DONN\u00c9ES PERSONNELLES<\/p>\n<p>&nbsp;<\/p>\n<p>1 La s\u00e9curit\u00e9 des donn\u00e9es des utilisateurs est primordiale<\/p>\n<p>AjoieSpa S\u00e0rl respecte la vie priv\u00e9e de tous les utilisateurs du site web ou de la boutique en ligne (ci-apr\u00e8s d\u00e9nomm\u00e9s \u00ab\u00a0le client\u00a0\u00bb ou \u00ab\u00a0les clients\u00a0\u00bb). Cette politique de confidentialit\u00e9 constitue la base du traitement des donn\u00e9es \u00e0 caract\u00e8re personnel et fournit des informations sur le type de donn\u00e9es d&rsquo;utilisateur des clients qui sont collect\u00e9es par AjoieSpa S\u00e0rl la mani\u00e8re dont AjoieSpa S\u00e0rl utilise ces donn\u00e9es et les droits dont b\u00e9n\u00e9ficient les clients. AjoieSpa S\u00e0rl respecte les lois applicables en mati\u00e8re de protection des donn\u00e9es et traite les donn\u00e9es personnelles uniquement aux fins pour lesquelles elles ont \u00e9t\u00e9 transmises.<\/p>\n<p>Cette politique de confidentialit\u00e9 sera adapt\u00e9e, compl\u00e9t\u00e9e ou modifi\u00e9e de temps en temps. \u00c0 chaque nouvel appel ou visite sur le site web, la version actuelle et r\u00e9cup\u00e9rable s&rsquo;applique.<\/p>\n<p>En cas de contradiction entre la pr\u00e9sente d\u00e9claration de protection des donn\u00e9es et les conditions contractuelles ou commerciales de AjoieSpa S\u00e0rl applicables par ailleurs, les dispositions de la pr\u00e9sente d\u00e9claration de protection des donn\u00e9es pr\u00e9valent.<\/p>\n<p>2 Type et finalit\u00e9 des donn\u00e9es collect\u00e9es<\/p>\n<p>Aux fins de la pr\u00e9sente politique de confidentialit\u00e9, les termes \u00ab\u00a0donn\u00e9es personnelles\u00a0\u00bb ou \u00ab\u00a0informations personnelles\u00a0\u00bb comprennent les informations qui permettent d&rsquo;identifier personnellement les clients.<\/p>\n<p>Le traitement des donn\u00e9es \u00e0 caract\u00e8re personnel signifie tout traitement de donn\u00e9es \u00e0 caract\u00e8re personnel, tel que la collecte, l&rsquo;utilisation, le stockage, la divulgation, la transmission ou la suppression des donn\u00e9es.<\/p>\n<p>AjoieSpa S\u00e0rl collecte automatiquement des donn\u00e9es personnelles lorsque le client interagit avec le site web ou utilise la boutique en ligne. D&rsquo;autre part, les donn\u00e9es \u00e0 caract\u00e8re personnel sont collect\u00e9es automatiquement ou manuellement, qu&rsquo;un client met \u00e0 disposition (par exemple en nous contactant, en cr\u00e9ant un profil d&rsquo;utilisateur ou un compte client).<\/p>\n<p>2.1 Donn\u00e9es collect\u00e9es automatiquement<\/p>\n<p>Lors de la visite du site web de AjoieSpa S\u00e0rl, des donn\u00e9es statistiques sur les visiteurs sont automatiquement collect\u00e9es sur les parties du site web qui sont visit\u00e9es par le client. Chaque fois qu&rsquo;un site web est appel\u00e9, le serveur web enregistre automatiquement un fichier journal du serveur, qui contient par exemple le nom du fichier demand\u00e9, l&rsquo;adresse IP du client, la date et l&rsquo;heure de l&rsquo;appel, le navigateur utilis\u00e9, le syst\u00e8me d&rsquo;exploitation, la quantit\u00e9 de donn\u00e9es transf\u00e9r\u00e9es et le fournisseur demandeur (donn\u00e9es d&rsquo;acc\u00e8s) et qui documente l&rsquo;appel. Dans ce contexte, il est parfois n\u00e9cessaire d&rsquo;utiliser des \u00ab\u00a0cookies\u00a0\u00bb (voir point 4 ci-dessous).<\/p>\n<p>Ces donn\u00e9es d&rsquo;acc\u00e8s sont \u00e9valu\u00e9es exclusivement dans le but de garantir le bon fonctionnement du site et d&rsquo;am\u00e9liorer notre offre.<\/p>\n<p>2.2 Donn\u00e9es, lors de l&rsquo;interaction avec AjoieSpa S\u00e0rl, pour le traitement des contrats, la prise de contact et l&rsquo;ouverture d&rsquo;un compte client<\/p>\n<p>AjoieSpa S\u00e0rl ne collecte pas automatiquement les donn\u00e9es personnelles des clients, telles que le nom, l&rsquo;adresse, le num\u00e9ro de t\u00e9l\u00e9phone ou l&rsquo;adresse \u00e9lectronique.<\/p>\n<p>D&rsquo;autre part, les donn\u00e9es personnelles des clients sont collect\u00e9es lorsqu&rsquo;un client fournit volontairement ces informations dans le cadre d&rsquo;une commande ou lorsqu&rsquo;il contacte AjoieSpa S\u00e0rl (par exemple via un formulaire de contact ou un e-mail). Les champs obligatoires sont marqu\u00e9s comme tels, car AjoieSpa S\u00e0rl dans ces cas les donn\u00e9es sont absolument n\u00e9cessaires \u00e0 l&rsquo;ex\u00e9cution du contrat ou au traitement de l&rsquo;\u00e9tablissement du contact et sans leur indication l&rsquo;ordre ou l&rsquo;\u00e9tablissement du contact ne peut \u00eatre envoy\u00e9. Les donn\u00e9es collect\u00e9es peuvent \u00eatre consult\u00e9es \u00e0 partir des formulaires de saisie respectifs.<\/p>\n<p>Si un client d\u00e9cide d&rsquo;ouvrir un compte client, AjoieSpa S\u00e0rl utilise les donn\u00e9es personnelles dans le but d&rsquo;ouvrir un compte client. Les donn\u00e9es obligatoires demand\u00e9es lors de l&rsquo;enregistrement doivent \u00eatre fournies dans leur int\u00e9gralit\u00e9, sinon AjoieSpa S\u00e0rl peut refuser l&rsquo;enregistrement. AjoieSpa S\u00e0rl utilise les donn\u00e9es personnelles collect\u00e9es uniquement dans le but d&rsquo;utiliser la boutique en ligne ou l&rsquo;offre ou le service respectif pour lequel le client s&rsquo;est enregistr\u00e9. En outre, AjoieSpa S\u00e0rl peut utiliser l&rsquo;adresse \u00e9lectronique du client pour l&rsquo;informer de changements importants, par exemple dans l&rsquo;\u00e9tendue de l&rsquo;offre, ou en cas de changements techniquement n\u00e9cessaires.<\/p>\n<p>Apr\u00e8s le traitement complet du contrat ou apr\u00e8s la suppression du compte client, les donn\u00e9es du client seront limit\u00e9es \u00e0 un traitement ult\u00e9rieur et seront supprim\u00e9es apr\u00e8s l&rsquo;expiration des d\u00e9lais de conservation pr\u00e9vus par le droit fiscal et commercial, sauf si le client a express\u00e9ment consenti \u00e0 une utilisation ult\u00e9rieure des donn\u00e9es ou si AjoieSpa S\u00e0rl se r\u00e9serve le droit d&rsquo;utiliser les donn\u00e9es d&rsquo;une mani\u00e8re qui va au-del\u00e0 de ce qui est l\u00e9galement autoris\u00e9. La suppression du compte client est possible \u00e0 tout moment et peut \u00eatre effectu\u00e9e soit par l&rsquo;envoi d&rsquo;un message aux coordonn\u00e9es indiqu\u00e9es ci-dessous (voir section 9 ci-dessous), soit par l&rsquo;utilisation d&rsquo;une fonction du compte client pr\u00e9vue \u00e0 cet effet.<\/p>\n<p>&nbsp;<\/p>\n<p>3 Base juridique pour la collecte et le traitement des donn\u00e9es \u00e0 caract\u00e8re personnel<\/p>\n<p>La base juridique de la collecte et du traitement des donn\u00e9es personnelles du client d\u00e9pend, dans chaque cas individuel, de la finalit\u00e9 respective du traitement des donn\u00e9es. Les personnes suivantes sont nominativement \u00e9ligibles :<\/p>\n<p>la protection des int\u00e9r\u00eats l\u00e9gitimes de AjoieSpa S\u00e0rl, pour autant qu&rsquo;il ne soit pas port\u00e9 atteinte de mani\u00e8re d\u00e9raisonnable aux int\u00e9r\u00eats du client ou aux droits fondamentaux ou aux libert\u00e9s fondamentales ;<\/p>\n<p>la conclusion ou l&rsquo;ex\u00e9cution d&rsquo;un contrat ; ou<\/p>\n<p>Consentement du client au moment de la collecte des donn\u00e9es \u00e0 caract\u00e8re personnel. Le client peut r\u00e9voquer son consentement \u00e0 tout moment. \u00c0 cette fin, le client peut envoyer un message correspondant aux coordonn\u00e9es d\u00e9crites ci-dessous. La l\u00e9galit\u00e9 des traitements de donn\u00e9es d\u00e9j\u00e0 effectu\u00e9s n&rsquo;est pas affect\u00e9e par la r\u00e9vocation.<\/p>\n<p>&nbsp;<\/p>\n<p>4 Utilisation des cookies et utilisation des donn\u00e9es<\/p>\n<p>4.1 Cookies<\/p>\n<p>Afin d&rsquo;am\u00e9liorer en permanence la pr\u00e9sence sur le web des clients, AjoieSpa S\u00e0rl peut utiliser des cookies. Les cookies sont de petits \u00e9l\u00e9ments d&rsquo;information logiciels qui sont stock\u00e9s par les navigateurs web (par exemple Google Chrome, Internet Explorer ou Mozilla Firefox) sur le disque dur de l&rsquo;ordinateur du client pour faciliter l&rsquo;utilisation du site web (par exemple, s\u00e9lection de la langue, panier d&rsquo;achat, etc.).<\/p>\n<p>Certains des cookies utilis\u00e9s par AjoieSpa S\u00e0rl sont \u00e0 nouveau supprim\u00e9s apr\u00e8s la fin de la session de navigation, c&rsquo;est-\u00e0-dire apr\u00e8s la fermeture du navigateur web (appel\u00e9s cookies de session). D&rsquo;autres cookies restent sur l&rsquo;appareil final et permettent \u00e0 AjoieSpa S\u00e0rl de reconna\u00eetre le navigateur web du client lors de la prochaine visite (appel\u00e9s cookies persistants). La dur\u00e9e du stockage peut \u00eatre consult\u00e9e dans la vue d&rsquo;ensemble des param\u00e8tres des cookies du navigateur web.<\/p>\n<p>La plupart des navigateurs web acceptent automatiquement ces cookies, cependant, les navigateurs web peuvent \u00eatre configur\u00e9s pour ne pas accepter ou stocker les cookies. Toutefois, si les cookies sont d\u00e9sactiv\u00e9s, les fonctionnalit\u00e9s du site web peuvent \u00eatre limit\u00e9es. Pour plus de d\u00e9tails, veuillez consulter le mode d&#8217;emploi ou la fonction d&rsquo;aide du navigateur web.<\/p>\n<p>4.2 Utilisation des donn\u00e9es<\/p>\n<p>Les donn\u00e9es anonymes, qui sont enregistr\u00e9es par des cookies lorsque le site web AjoieSpa S\u00e0rl est appel\u00e9, peuvent \u00eatre utilis\u00e9es \u00e0 des fins d&rsquo;analyse du web, d&rsquo;optimisation du site et de mesure des performances. AjoieSpa S\u00e0rl peut utiliser des fournisseurs tiers, dont certains ont leur propre r\u00e9glementation en mati\u00e8re de protection des donn\u00e9es, sur laquelle AjoieSpa S\u00e0rl n&rsquo;a aucune influence.<\/p>\n<p>AjoieSpa S\u00e0rl utilise les fonctions des services d&rsquo;analyse web suivants :<\/p>\n<p>Google Analytics<\/p>\n<p>Le fournisseur est Google Inc, 1600 Amphitheatre Parkway, Mountain View, CA 94043, USA.<\/p>\n<p>Google \u00e9value l&rsquo;utilisation du site Web afin d&rsquo;\u00e9tablir des rapports sur les activit\u00e9s du site et de fournir d&rsquo;autres services \u00e0 AjoieSpa S\u00e0rl en rapport avec l&rsquo;utilisation du site Web et d&rsquo;Internet. L&rsquo;adresse IP transmise par le navigateur web du client dans le cadre de Google Analytics n&rsquo;est pas combin\u00e9e avec d&rsquo;autres donn\u00e9es de Google.<\/p>\n<p>Les informations g\u00e9n\u00e9r\u00e9es par les cookies concernant l&rsquo;utilisation du site web sont g\u00e9n\u00e9ralement transf\u00e9r\u00e9es \u00e0 un serveur de Google aux \u00c9tats-Unis et y sont stock\u00e9es. Google respecte les dispositions de l&rsquo;accord \u00ab\u00a0Swiss-U.S. Privacy Shield\u00a0\u00bb en mati\u00e8re de protection des donn\u00e9es et s&rsquo;est enregistr\u00e9 aupr\u00e8s du minist\u00e8re am\u00e9ricain du commerce pour le \u00ab\u00a0Swiss-U.S. Privacy Shield\u00a0\u00bb (des informations sur le Swiss-U.S. Privacy Shield sont disponibles \u00e0 l&rsquo;adresse https:\/\/www.privacyshield.gov\/Swiss-US-Privacy-Shield-FAQs).<\/p>\n<p>Vous trouverez de plus amples informations dans la politique de confidentialit\u00e9 de Google \u00e0 l&rsquo;adresse <a href=\"https:\/\/support.google.com\/analytics\/answer\/6004245?hl=de\">https:\/\/support.google.com\/analytics\/answer\/6004245?hl=de<\/a>.<\/p>\n<p>Google AdWords et Google Conversion Tracking<\/p>\n<p>Le fournisseur est Google Inc, 1600 Amphitheatre Parkway, Mountain View, CA 94043, USA.<\/p>\n<p>Dans le contexte de Google AdWords, AjoieSpa S\u00e0rl utilise le soi-disant suivi des conversions. Lorsque le client clique sur une annonce plac\u00e9e par Google, un cookie est cr\u00e9\u00e9 pour le suivi des conversions. Ces cookies expirent au plus tard apr\u00e8s 30 jours et ne sont pas utilis\u00e9s pour identifier le client. Si le client visite des sites \u00e0 partir de AjoieSpa S\u00e0rl et que le cookie n&rsquo;a pas expir\u00e9, Google et AjoieSpa S\u00e0rl seront en mesure de reconna\u00eetre que le client a cliqu\u00e9 sur l&rsquo;annonce et a \u00e9t\u00e9 redirig\u00e9 vers cette page.<\/p>\n<p>&lt;Google indiquera \u00e0 AjoieSpa S\u00e0rl le nombre total d&rsquo;utilisateurs qui ont cliqu\u00e9 sur l&rsquo;annonce et ont \u00e9t\u00e9 redirig\u00e9s vers un site dot\u00e9 d&rsquo;une balise de suivi de conversion. AjoieSpa S\u00e0rl ne re\u00e7oit cependant aucune information permettant d&rsquo;identifier personnellement le client.<\/p>\n<p>Pour plus d&rsquo;informations, veuillez consulter la politique de confidentialit\u00e9 de Google \u00e0 l&rsquo;adresse https:\/\/www.google.de\/policies\/privacy\/.<\/p>\n<p>Google Maps<\/p>\n<p>Le fournisseur est Google Ireland Limited, Gordon House, Barrow Street, Dublin 4, Irlande.<\/p>\n<p>AjoieSpa S\u00e0rl utilise Google Maps pour la pr\u00e9sentation visuelle des informations g\u00e9ographiques. En utilisant Google Maps, Google transmet ou traite les donn\u00e9es relatives \u00e0 l&rsquo;utilisation des fonctions de Google Maps par les visiteurs du site Web, qui peuvent inclure notamment l&rsquo;adresse IP et les donn\u00e9es de localisation. AjoieSpa S\u00e0rl n&rsquo;a aucune influence sur ce traitement de donn\u00e9es.<\/p>\n<p>En ce qui concerne le transfert et le stockage d&rsquo;informations sur les serveurs de Google aux \u00c9tats-Unis, la soci\u00e9t\u00e9 am\u00e9ricaine Google LLC est certifi\u00e9e au titre du \u00ab\u00a0Swiss-U.S. Privacy Shield\u00a0\u00bb.<\/p>\n<p>Pour d\u00e9sactiver le service Google Maps et emp\u00eacher ainsi le transfert de donn\u00e9es vers Google, un client doit d\u00e9sactiver la fonction Java Script dans le navigateur web. Dans ce cas, Google Maps ne peut pas \u00eatre utilis\u00e9 ou ne peut l&rsquo;\u00eatre que de mani\u00e8re limit\u00e9e.<\/p>\n<p>Vous trouverez de plus amples informations dans la politique de confidentialit\u00e9 de Google \u00e0 l&rsquo;adresse<\/p>\n<p><a href=\"https:\/\/www.google.com\/intl\/de_de\/help\/terms_maps\/\">https:\/\/www.google.com\/intl\/de_de\/help\/terms_maps\/<\/a>.<\/p>\n<p>4.3 Contenu des m\u00e9dias sociaux<\/p>\n<p>AjoieSpa S\u00e0rl peut utiliser les plugins de m\u00e9dias sociaux des r\u00e9seaux sociaux tels que Facebook, Instagram ou Twitter sur le site web.<\/p>\n<p>Si le client appelle un site web qui contient un tel plugin, le navigateur web \u00e9tablit une connexion directe avec les serveurs du r\u00e9seau social concern\u00e9. Le contenu du plugin est transmis directement au navigateur web par le fournisseur respectif et int\u00e9gr\u00e9 dans la page. Gr\u00e2ce \u00e0 l&rsquo;int\u00e9gration des plugins, les fournisseurs re\u00e7oivent l&rsquo;information que le navigateur web du client a appel\u00e9 le site web correspondant \u00e0 partir de AjoieSpa S\u00e0rl, m\u00eame si le client n&rsquo;a pas de profil avec le r\u00e9seau social correspondant ou n&rsquo;est pas connect\u00e9 pour le moment. Ces informations (y compris l&rsquo;adresse IP) sont transmises par le navigateur web du client directement \u00e0 un serveur du fournisseur concern\u00e9 (\u00e9ventuellement aux \u00c9tats-Unis) et y sont stock\u00e9es. Si le client est connect\u00e9 \u00e0 l&rsquo;un des services, les fournisseurs de r\u00e9seaux sociaux peuvent directement attribuer la visite du site web AjoieSpa S\u00e0rl au profil du r\u00e9seau social concern\u00e9. Si le client interagit avec les plugins, par exemple en appuyant sur le bouton \u00ab\u00a0Like\u00a0\u00bb ou \u00ab\u00a0Share\u00a0\u00bb, les informations correspondantes sont \u00e9galement transmises directement \u00e0 un serveur des fournisseurs et y sont stock\u00e9es. Les informations sont \u00e9galement publi\u00e9es dans le r\u00e9seau social et affich\u00e9es aux contacts du client.<\/p>\n<p>Ces plateformes de r\u00e9seaux sociaux ont leur propre politique de confidentialit\u00e9, sur laquelle AjoieSpa S\u00e0rl n&rsquo;a aucune influence.<\/p>\n<p>L&rsquo;objectif et l&rsquo;\u00e9tendue de la collecte de donn\u00e9es, le traitement et l&rsquo;utilisation ult\u00e9rieurs des donn\u00e9es par les fournisseurs sur leurs sites, ainsi qu&rsquo;une option de contact et les droits pertinents des clients et des options de r\u00e9glage pour la protection de la vie priv\u00e9e sont des avis de protection des donn\u00e9es des fournisseurs :<\/p>\n<p>https:\/\/www.facebook.com\/policy.php<\/p>\n<p>https:\/\/twitter.com\/de\/privacy<\/p>\n<p>https:\/\/help.instagram.com\/155833707900388<\/p>\n<p>Si le client ne souhaite charger aucun de ces plug-ins, il est recommand\u00e9 de se d\u00e9connecter des r\u00e9seaux sociaux correspondants. En outre, diff\u00e9rents navigateurs web peuvent \u00eatre configur\u00e9s ou compl\u00e9t\u00e9s par des modules compl\u00e9mentaires (par exemple, le bloqueur de Facebook) afin que les modules compl\u00e9mentaires des m\u00e9dias sociaux ne soient pas charg\u00e9s.<\/p>\n<p>Politique de confidentialit\u00e9 pour YouTube<\/p>\n<p>Ce site web utilise des plugins du site YouTube exploit\u00e9 par Google. Le site web est g\u00e9r\u00e9 par YouTube, LLC, 901 Cherry Ave, San Bruno, CA 94066, USA. Lorsque vous visitez l&rsquo;un de nos sites \u00e9quip\u00e9s d&rsquo;un plugin YouTube, une connexion aux serveurs YouTube est \u00e9tablie. Cela indique au serveur YouTube les pages que vous avez visit\u00e9es.<\/p>\n<p>Si vous \u00eates connect\u00e9 \u00e0 votre compte YouTube, vous permettez \u00e0 YouTube d&rsquo;attribuer votre comportement de navigation directement \u00e0 votre profil personnel. Vous pouvez \u00e9viter cela en vous d\u00e9connectant de votre compte YouTube.<\/p>\n<p>Pour plus d&rsquo;informations sur la mani\u00e8re dont les donn\u00e9es des utilisateurs sont trait\u00e9es, veuillez consulter la politique de confidentialit\u00e9 de YouTube \u00e0 l&rsquo;adresse suivante : https:\/\/www.google.de\/intl\/de\/policies\/privacy<\/p>\n<p>&nbsp;<\/p>\n<p>5 Newsletter (lettre d\u2019information)<\/p>\n<p>Si le client souhaite recevoir une lettre d&rsquo;information propos\u00e9e par AjoieSpa S\u00e0rl, AjoieSpa S\u00e0rl demande une adresse \u00e9lectronique du client et d&rsquo;autres informations permettant de v\u00e9rifier que le client est bien le propri\u00e9taire de l&rsquo;adresse \u00e9lectronique fournie et qu&rsquo;il accepte de recevoir la lettre d&rsquo;information (proc\u00e9dure dite de \u00ab\u00a0double opt-in\u00a0\u00bb). Si le client souhaite s&rsquo;inscrire \u00e0 un bulletin d&rsquo;information en tant que client enregistr\u00e9, il peut donner son consentement au moment de l&rsquo;enregistrement ou plus tard en utilisant la fonction d&rsquo;enregistrement dans le compte client.<\/p>\n<p>Avec la newsletter, le client re\u00e7oit r\u00e9guli\u00e8rement des recommandations et des offres susceptibles de l&rsquo;int\u00e9resser. \u00c0 cette fin, AjoieSpa S\u00e0rl recueille et traite des donn\u00e9es personnelles concernant le comportement du client sur le site web, les commandes pass\u00e9es aupr\u00e8s de AjoieSpa S\u00e0rl et la mani\u00e8re dont le client utilise la lettre d&rsquo;information (par exemple, si la lettre d&rsquo;information est ouverte ou sur quels liens URL du site web sont cliqu\u00e9s). AjoieSpa S\u00e0rl peut \u00e9valuer ces donn\u00e9es \u00e0 des fins statistiques afin de mieux adapter le contenu de la newsletter aux int\u00e9r\u00eats des clients.<\/p>\n<p>Le traitement des donn\u00e9es personnelles saisies dans le formulaire d&rsquo;inscription \u00e0 la newsletter repose sur le consentement du client, que celui-ci peut r\u00e9voquer \u00e0 tout moment pour l&rsquo;avenir. La r\u00e9vocation peut se faire soit en cliquant sur le lien \u00ab\u00a0se d\u00e9sabonner\u00a0\u00bb dans la newsletter, soit en envoyant un message \u00e9crit \u00e0 AjoieSpa S\u00e0rl \u00e0 l&rsquo;adresse ci-dessous, soit en se d\u00e9sabonnant dans le compte client. Les donn\u00e9es personnelles collect\u00e9es sont utilis\u00e9es par AjoieSpa S\u00e0rl pour la conception du contenu et l&rsquo;envoi de la newsletter. Il n&rsquo;y a pas de transmission \u00e0 des tiers \u00e0 des fins propres (publicitaires).<\/p>\n<p>AjoieSpa S\u00e0rl conserve les donn\u00e9es personnelles fournies par le client pour s&rsquo;abonner \u00e0 la newsletter jusqu&rsquo;\u00e0 ce que le client se d\u00e9sabonne de la newsletter.<\/p>\n<p>Les bulletins d&rsquo;information sont envoy\u00e9s par l&rsquo;interm\u00e9diaire du fournisseur de services de courrier \u00e9lectronique \u00ab\u00a0MailChimp\u00a0\u00bb, une plateforme d&rsquo;envoi de bulletins d&rsquo;information du fournisseur am\u00e9ricain Rocket Science Group, LLC, 675 Ponce De Leon Ave NE #5000, Atlanta, GA 30308, USA. Vous pouvez consulter les r\u00e8gles de protection des donn\u00e9es du fournisseur de services de courrier ici. Le Rocket Science Group LLC d\/b\/a MailChimp est certifi\u00e9 en vertu de l&rsquo;accord PrivacyShield et offre ainsi une garantie de conformit\u00e9 avec le niveau europ\u00e9en de protection des donn\u00e9es (PrivacyShield). Le prestataire de services de vente par correspondance est utilis\u00e9 sur la base de nos int\u00e9r\u00eats l\u00e9gitimes selon l&rsquo;art. 6 al. 1 lit. f RGPD et d&rsquo;un contrat de traitement des commandes selon l&rsquo;art. 28 al. 3 phrase 1 RGPD.<\/p>\n<p>Le prestataire de services de vente par correspondance peut utiliser les donn\u00e9es du destinataire sous forme pseudonyme, c&rsquo;est-\u00e0-dire sans attribution \u00e0 un utilisateur, pour optimiser ou am\u00e9liorer ses propres services, par exemple pour l&rsquo;optimisation technique de l&rsquo;envoi et de la pr\u00e9sentation des lettres d&rsquo;information ou \u00e0 des fins statistiques. Toutefois, le prestataire de services d&rsquo;exp\u00e9dition n&rsquo;utilise pas les donn\u00e9es des destinataires de notre newsletter pour leur \u00e9crire lui-m\u00eame ou pour transmettre les donn\u00e9es \u00e0 des tiers.<\/p>\n<p>&nbsp;<\/p>\n<p>6 Transmission de vos donn\u00e9es<\/p>\n<p>AjoieSpa S\u00e0rl ne divulguera pas les donn\u00e9es personnelles de ses clients \u00e0 des tiers. En sont exclus les cas o\u00f9 le client a accept\u00e9 de transmettre les donn\u00e9es \u00e0 des entreprises qui ne sont pas li\u00e9es \u00e0 AjoieSpa S\u00e0rl ou si AjoieSpa S\u00e0rl est l\u00e9galement, officiellement ou judiciairement oblig\u00e9 de le faire. En outre, il est fait appel \u00e0 des prestataires de services qui soutiennent AjoieSpa S\u00e0rl dans le traitement des donn\u00e9es, l&rsquo;administration du site web ou de toute autre mani\u00e8re, ainsi que dans la fourniture des produits et services demand\u00e9s par le client (par exemple, les prestataires de services de livraison de colis ou de bulletins d&rsquo;information). Ces tiers sont tenus de maintenir le m\u00eame niveau de s\u00e9curit\u00e9 et de protection des donn\u00e9es que AjoieSpa S\u00e0rl.<\/p>\n<p>&nbsp;<\/p>\n<p>7 S\u00e9curit\u00e9 des donn\u00e9es<\/p>\n<p>Malheureusement, la transmission de donn\u00e9es via Internet n&rsquo;est pas absolument s\u00fbre. AjoieSpa S\u00e0rl coop\u00e8re avec les prestataires de services et les fournisseurs d&rsquo;acc\u00e8s \u00e0 Internet qui prennent les mesures de s\u00e9curit\u00e9 techniques et organisationnelles appropri\u00e9es pour prot\u00e9ger les donn\u00e9es personnelles des clients. AjoieSpa S\u00e0rl ne peut cependant pas garantir la s\u00e9curit\u00e9 des donn\u00e9es transmises par le client. Tout transfert de donn\u00e9es est donc aux risques et p\u00e9rils du client.<\/p>\n<p>&nbsp;<\/p>\n<p>8 Vos droits d&rsquo;information et d&rsquo;annulation<\/p>\n<p>Bien entendu, chaque client est libre d&rsquo;informer AjoieSpa S\u00e0rl \u00e0 tout moment &#8211; par exemple dans un e-mail &#8211; que les donn\u00e9es personnelles ne seront pas utilis\u00e9es pour le contact \u00e0 l&rsquo;avenir. La participation aux services sp\u00e9ciaux du site web AjoieSpa S\u00e0rl, tels que le service de newsletter, peut \u00e9galement \u00eatre r\u00e9voqu\u00e9e \u00e0 tout moment.<\/p>\n<p>En outre, il est possible d&rsquo;obtenir des informations sur le traitement des donn\u00e9es ou de demander une copie des donn\u00e9es personnelles collect\u00e9es via le site web AjoieSpa S\u00e0rl.<\/p>\n<p>&nbsp;<\/p>\n<p>9 Contact<\/p>\n<p>Pour toute question concernant cette politique de confidentialit\u00e9 ou la protection des donn\u00e9es \u00e0 AjoieSpa S\u00e0rl, un client peut contacter AjoieSpa S\u00e0rl aux coordonn\u00e9es suivantes<\/p>\n<p>AjoieSpa S\u00e0rl<\/p>\n<p>Rue du Coll\u00e8ge 9<\/p>\n<p>2900 Porrentruy<\/p>\n<p>ajoiespa@ajoiespa.ch<\/p>\n<p>&nbsp;<\/p>\n<p>10 clauses finales<\/p>\n<p>Si certaines dispositions ou parties de ces dispositions relatives \u00e0 la protection des donn\u00e9es s&rsquo;av\u00e8rent nulles ou inefficaces, la validit\u00e9 des dispositions relatives \u00e0 la protection des donn\u00e9es n&rsquo;est pas affect\u00e9e \u00e0 d&rsquo;autres \u00e9gards.<\/p>\n<p>Le lieu de juridiction et le droit applicable sont d\u00e9termin\u00e9s par les CGV.<\/p>","protected":false},"excerpt":{"rendered":"<p>POLITIQUE DE PROTECTION DES DONN\u00c9ES PERSONNELLES &nbsp; 1 La s\u00e9curit\u00e9 des donn\u00e9es des utilisateurs est primordiale AjoieSpa S\u00e0rl respecte la vie priv\u00e9e de tous les utilisateurs du site web ou de la boutique en ligne (ci-apr\u00e8s d\u00e9nomm\u00e9s \u00ab\u00a0le client\u00a0\u00bb ou \u00ab\u00a0les clients\u00a0\u00bb). Cette politique de confidentialit\u00e9 constitue la base du traitement des donn\u00e9es \u00e0 caract\u00e8re &hellip;<\/p>\n<p class=\"read-more\"> <a class=\"\" href=\"https:\/\/staging-5.ajoiespa.ch\/en\/privacy-policy\/\"> <span class=\"screen-reader-text\">Privacy Policy<\/span> Read More &raquo;<\/a><\/p>","protected":false},"author":1,"featured_media":0,"parent":0,"menu_order":0,"comment_status":"closed","ping_status":"closed","template":"","meta":[],"_links":{"self":[{"href":"https:\/\/staging-5.ajoiespa.ch\/en\/wp-json\/wp\/v2\/pages\/660"}],"collection":[{"href":"https:\/\/staging-5.ajoiespa.ch\/en\/wp-json\/wp\/v2\/pages"}],"about":[{"href":"https:\/\/staging-5.ajoiespa.ch\/en\/wp-json\/wp\/v2\/types\/page"}],"author":[{"embeddable":true,"href":"https:\/\/staging-5.ajoiespa.ch\/en\/wp-json\/wp\/v2\/users\/1"}],"replies":[{"embeddable":true,"href":"https:\/\/staging-5.ajoiespa.ch\/en\/wp-json\/wp\/v2\/comments?post=660"}],"version-history":[{"count":7,"href":"https:\/\/staging-5.ajoiespa.ch\/en\/wp-json\/wp\/v2\/pages\/660\/revisions"}],"predecessor-version":[{"id":2453,"href":"https:\/\/staging-5.ajoiespa.ch\/en\/wp-json\/wp\/v2\/pages\/660\/revisions\/2453"}],"wp:attachment":[{"href":"https:\/\/staging-5.ajoiespa.ch\/en\/wp-json\/wp\/v2\/media?parent=660"}],"curies":[{"name":"wp","href":"https:\/\/api.w.org\/{rel}","templated":true}]}}