{"id":3256,"date":"2020-07-15T06:28:13","date_gmt":"2020-07-15T06:28:13","guid":{"rendered":"https:\/\/ajoiespa.ch\/?page_id=3256"},"modified":"2020-08-27T14:18:50","modified_gmt":"2020-08-27T14:18:50","slug":"la-fouta-le-linge-wellness-100-coton","status":"publish","type":"page","link":"https:\/\/staging-5.ajoiespa.ch\/en\/la-fouta-le-linge-wellness-100-coton\/","title":{"rendered":"La Fouta | Le linge Wellness 100% coton"},"content":{"rendered":"<h1>\n\t\t\t\t<a href=\"\/en\/LES FOUTAS\/\" title=\"LES FOUTAS\" target=\"_self\" rel=\"noopener noreferrer\">\n\t\t\t\tLES FOUTAS\n\t\t\t\t<\/a>\n\t\t\t<\/h1>\n\t<p>En l\u2019aime et on l\u2019utilise tout le temps et pendant longtemps.<\/p>\n<p>La fouta est un linge tout usage, \u00e0 la fois simple et polyvalente.<\/p>\n<p>Gr\u00e2ce \u00e0 leur haut pouvoir absorbant, ils sont particuli\u00e8rement adapt\u00e9s comme serviettes de bain et de douche pour un usage quotidien dans la salle de bains.<\/p>\n<p>Ils sont extr\u00eamement faciles \u00e0 entretenir et peuvent \u00eatre lav\u00e9s sans probl\u00e8me jusqu\u2019\u00e0 60\u00baC.<\/p>\n<p>Leur v\u00e9ritable qualit\u00e9 se d\u00e9ploie dans le temps.<\/p>\n<p>Les serviettes l\u00e9g\u00e8res et peu encombrantes sont \u00e9galement le compagnon id\u00e9al pour vos d\u00e9placements : que ce soit comme serviette de plage, couvre-lit ou jet\u00e9, une journ\u00e9e au lac ou les prochaines vacances \u00e0 la plage en famille.<\/p>\n<p>Toutes les serviettes Fouta sont fabriqu\u00e9es en coton de haute qualit\u00e9.<\/p>\n<p>Dimensions: envion 170cm x 100cm<\/p>\n\t\t<ul>\n<li>\n\t\t<a href=\"https:\/\/staging-5.ajoiespa.ch\/en\/product\/la-fouta-le-linge-100-coton-3\/\"><img width=\"300\" height=\"400\" src=\"https:\/\/staging-5.ajoiespa.ch\/wp-content\/uploads\/2020\/07\/IMG_3773-300x400.jpg\" alt=\"\" loading=\"lazy\" srcset=\"https:\/\/staging-5.ajoiespa.ch\/wp-content\/uploads\/2020\/07\/IMG_3773-300x400.jpg 300w, https:\/\/staging-5.ajoiespa.ch\/wp-content\/uploads\/2020\/07\/IMG_3773-225x300.jpg 225w, https:\/\/staging-5.ajoiespa.ch\/wp-content\/uploads\/2020\/07\/IMG_3773-768x1024.jpg 768w, https:\/\/staging-5.ajoiespa.ch\/wp-content\/uploads\/2020\/07\/IMG_3773-1152x1536.jpg 1152w, https:\/\/staging-5.ajoiespa.ch\/wp-content\/uploads\/2020\/07\/IMG_3773-600x800.jpg 600w, https:\/\/staging-5.ajoiespa.ch\/wp-content\/uploads\/2020\/07\/IMG_3773.jpg 1512w\" sizes=\"(max-width: 300px) 100vw, 300px\" \/><\/a><a href=?add-to-cart=3253 data-product_id=\"3253\">Ajouter au panier<\/a>\t\t\t\n\t\t\t\tFouta Linge 100% coton\t\t\t\n\t\t\t<a href=\"https:\/\/staging-5.ajoiespa.ch\/en\/product\/la-fouta-le-linge-100-coton-3\/\"><h2>La Fouta | Le linge 100% coton<\/h2><\/a>\n\t<bdi>&#67;&#72;&#70;39.00<\/bdi>\n<\/li>\n<li>\n\t\t<a href=\"https:\/\/staging-5.ajoiespa.ch\/en\/product\/la-fouta-le-linge-100-coton-2\/\"><img width=\"300\" height=\"400\" src=\"https:\/\/staging-5.ajoiespa.ch\/wp-content\/uploads\/2020\/07\/IMG_3781-300x400.jpg\" alt=\"\" loading=\"lazy\" srcset=\"https:\/\/staging-5.ajoiespa.ch\/wp-content\/uploads\/2020\/07\/IMG_3781-300x400.jpg 300w, https:\/\/staging-5.ajoiespa.ch\/wp-content\/uploads\/2020\/07\/IMG_3781-225x300.jpg 225w, https:\/\/staging-5.ajoiespa.ch\/wp-content\/uploads\/2020\/07\/IMG_3781-768x1024.jpg 768w, https:\/\/staging-5.ajoiespa.ch\/wp-content\/uploads\/2020\/07\/IMG_3781-1152x1536.jpg 1152w, https:\/\/staging-5.ajoiespa.ch\/wp-content\/uploads\/2020\/07\/IMG_3781-600x800.jpg 600w, https:\/\/staging-5.ajoiespa.ch\/wp-content\/uploads\/2020\/07\/IMG_3781.jpg 1512w\" sizes=\"(max-width: 300px) 100vw, 300px\" \/><\/a><a href=?add-to-cart=3252 data-product_id=\"3252\">Ajouter au panier<\/a>\t\t\t\n\t\t\t\tFouta Linge 100% coton\t\t\t\n\t\t\t<a href=\"https:\/\/staging-5.ajoiespa.ch\/en\/product\/la-fouta-le-linge-100-coton-2\/\"><h2>La Fouta | Le Linge 100% coton<\/h2><\/a>\n\t<bdi>&#67;&#72;&#70;39.00<\/bdi>\n<\/li>\n<li>\n\t\t<a href=\"https:\/\/staging-5.ajoiespa.ch\/en\/product\/la-fouta-le-linge-100-coton\/\"><img width=\"300\" height=\"400\" src=\"https:\/\/staging-5.ajoiespa.ch\/wp-content\/uploads\/2020\/07\/IMG_3767-300x400.jpg\" alt=\"\" loading=\"lazy\" srcset=\"https:\/\/staging-5.ajoiespa.ch\/wp-content\/uploads\/2020\/07\/IMG_3767-300x400.jpg 300w, https:\/\/staging-5.ajoiespa.ch\/wp-content\/uploads\/2020\/07\/IMG_3767-225x300.jpg 225w, https:\/\/staging-5.ajoiespa.ch\/wp-content\/uploads\/2020\/07\/IMG_3767-768x1024.jpg 768w, https:\/\/staging-5.ajoiespa.ch\/wp-content\/uploads\/2020\/07\/IMG_3767-1152x1536.jpg 1152w, https:\/\/staging-5.ajoiespa.ch\/wp-content\/uploads\/2020\/07\/IMG_3767-600x800.jpg 600w, https:\/\/staging-5.ajoiespa.ch\/wp-content\/uploads\/2020\/07\/IMG_3767.jpg 1512w\" sizes=\"(max-width: 300px) 100vw, 300px\" \/><\/a><a href=?add-to-cart=3239 data-product_id=\"3239\">Ajouter au panier<\/a>\t\t\t\n\t\t\t\tFouta Linge 100% coton\t\t\t\n\t\t\t<a href=\"https:\/\/staging-5.ajoiespa.ch\/en\/product\/la-fouta-le-linge-100-coton\/\"><h2>La Fouta | Le linge 100% coton<\/h2><\/a>\n\t<bdi>&#67;&#72;&#70;39.00<\/bdi>\n<\/li>\n<\/ul>\n\t\t<!--\n\t\t-->\n\t\t\t\t\t\t<a href=\"#\" id=\"uabb-quick-view-close\"><\/a>","protected":false},"excerpt":{"rendered":"<p>LES FOUTAS En l\u2019aime et on l\u2019utilise tout le temps et pendant longtemps. La fouta est un linge tout usage, \u00e0 la fois simple et polyvalente. Gr\u00e2ce \u00e0 leur haut pouvoir absorbant, ils sont particuli\u00e8rement adapt\u00e9s comme serviettes de bain et de douche pour un usage quotidien dans la salle de bains. Ils sont extr\u00eamement &hellip;<\/p>\n<p class=\"read-more\"> <a class=\"\" href=\"https:\/\/staging-5.ajoiespa.ch\/en\/la-fouta-le-linge-wellness-100-coton\/\"> <span class=\"screen-reader-text\">La Fouta | Le linge Wellness 100% coton<\/span> Read More &raquo;<\/a><\/p>","protected":false},"author":1,"featured_media":0,"parent":0,"menu_order":0,"comment_status":"closed","ping_status":"closed","template":"","meta":[],"_links":{"self":[{"href":"https:\/\/staging-5.ajoiespa.ch\/en\/wp-json\/wp\/v2\/pages\/3256"}],"collection":[{"href":"https:\/\/staging-5.ajoiespa.ch\/en\/wp-json\/wp\/v2\/pages"}],"about":[{"href":"https:\/\/staging-5.ajoiespa.ch\/en\/wp-json\/wp\/v2\/types\/page"}],"author":[{"embeddable":true,"href":"https:\/\/staging-5.ajoiespa.ch\/en\/wp-json\/wp\/v2\/users\/1"}],"replies":[{"embeddable":true,"href":"https:\/\/staging-5.ajoiespa.ch\/en\/wp-json\/wp\/v2\/comments?post=3256"}],"version-history":[{"count":12,"href":"https:\/\/staging-5.ajoiespa.ch\/en\/wp-json\/wp\/v2\/pages\/3256\/revisions"}],"predecessor-version":[{"id":3436,"href":"https:\/\/staging-5.ajoiespa.ch\/en\/wp-json\/wp\/v2\/pages\/3256\/revisions\/3436"}],"wp:attachment":[{"href":"https:\/\/staging-5.ajoiespa.ch\/en\/wp-json\/wp\/v2\/media?parent=3256"}],"curies":[{"name":"wp","href":"https:\/\/api.w.org\/{rel}","templated":true}]}}