{"id":3215,"date":"2020-07-14T18:50:07","date_gmt":"2020-07-14T18:50:07","guid":{"rendered":"https:\/\/ajoiespa.ch\/?page_id=3215"},"modified":"2020-07-15T06:13:50","modified_gmt":"2020-07-15T06:13:50","slug":"bijoux-bien-etre","status":"publish","type":"page","link":"https:\/\/staging-5.ajoiespa.ch\/en\/bijoux-bien-etre\/","title":{"rendered":"Bijoux bien-\u00eatre"},"content":{"rendered":"<h1>\n\t\t\t\tBIJOUX BIEN-\u00caTRE\n\t\t\t<\/h1>\n\t<h1>Une collaboration 100% jurassienne<\/h1>\n<p>&nbsp;<\/p>\n<p><strong>Ces bracelets bien-\u00eatre sont faits main par Elise, cr\u00e9atrice de bijoux bien-\u00eatre install\u00e9e \u00e0 Bassecourt dans le Jura.<\/strong><\/p>\n<p><strong>Chaque cr\u00e9ation est soigneusement r\u00e9alis\u00e9e \u00e0 la main avec douceur, positivit\u00e9 et impr\u00e9gn\u00e9 d&rsquo;amour.<\/strong><\/p>\n<p>&nbsp;<\/p>\n<p>Pure Bliss Malas a \u00e9t\u00e9 lanc\u00e9 en 2017 par Elise.<\/p>\n<p>\u00ab\u00a0Je suis maman de trois enfants et pratique le yoga avec passion depuis plusieurs ann\u00e9es.<\/p>\n<p>Cr\u00e9er des bracelets et des malas est une id\u00e9e qui m&rsquo;est venue tout naturellement car je ne trouvais aucun collier qui me plaisait totalement.<\/p>\n<p>R\u00e9fl\u00e9chir \u00e0 un bracelet, nouer chaque perle l&rsquo;une apr\u00e8s l&rsquo;autre pour cr\u00e9er une belle pi\u00e8ce remplie d&rsquo;\u00e9nergie, est une activit\u00e9 tr\u00e8s inspirante!<\/p>\n<p>Mon objectif est de fournir des bijoux qui ne sont pas seulement jolis mais qui vous font vous sentir bien!\u00a0\u00bb<\/p>\n<p>&nbsp;<\/p>\n\t\t<ul>\n<li>\n\t\t<a href=\"https:\/\/staging-5.ajoiespa.ch\/en\/product\/bijoux-bien-etre-le-bracelet-en-agate-et-pierre-de-lune\/\"><img loading=\"lazy\" width=\"300\" height=\"296\" src=\"https:\/\/staging-5.ajoiespa.ch\/wp-content\/uploads\/2020\/07\/IMG_3813-300x296.jpg\" alt=\"\" srcset=\"https:\/\/staging-5.ajoiespa.ch\/wp-content\/uploads\/2020\/07\/IMG_3813-300x296.jpg 300w, https:\/\/staging-5.ajoiespa.ch\/wp-content\/uploads\/2020\/07\/IMG_3813-1024x1010.jpg 1024w, https:\/\/staging-5.ajoiespa.ch\/wp-content\/uploads\/2020\/07\/IMG_3813-768x757.jpg 768w, https:\/\/staging-5.ajoiespa.ch\/wp-content\/uploads\/2020\/07\/IMG_3813-600x592.jpg 600w, https:\/\/staging-5.ajoiespa.ch\/wp-content\/uploads\/2020\/07\/IMG_3813-100x100.jpg 100w, https:\/\/staging-5.ajoiespa.ch\/wp-content\/uploads\/2020\/07\/IMG_3813.jpg 1418w\" sizes=\"(max-width: 300px) 100vw, 300px\" \/><\/a><a href=?add-to-cart=3202 data-product_id=\"3202\">Ajouter au panier<\/a>\t\t\t\n\t\t\t\tBijoux bien-\u00eatre\t\t\t\n\t\t\t<a href=\"https:\/\/staging-5.ajoiespa.ch\/en\/product\/bijoux-bien-etre-le-bracelet-en-agate-et-pierre-de-lune\/\"><h2>Bijoux bien-\u00eatre | Bracelet en Agate et Pierre de Lune<\/h2><\/a>\n\t&#67;&#72;&#70;45.00\n<\/li>\n<li>\n\t\t<a href=\"https:\/\/staging-5.ajoiespa.ch\/en\/product\/bijoux-bien-etre-le-collier-amethyste-realisee-avec-douceur-et-positivite\/\"><img loading=\"lazy\" width=\"300\" height=\"292\" src=\"https:\/\/staging-5.ajoiespa.ch\/wp-content\/uploads\/2020\/07\/bicolor-300x292.jpg\" alt=\"\" srcset=\"https:\/\/staging-5.ajoiespa.ch\/wp-content\/uploads\/2020\/07\/bicolor-300x292.jpg 300w, https:\/\/staging-5.ajoiespa.ch\/wp-content\/uploads\/2020\/07\/bicolor-1024x998.jpg 1024w, https:\/\/staging-5.ajoiespa.ch\/wp-content\/uploads\/2020\/07\/bicolor-768x748.jpg 768w, https:\/\/staging-5.ajoiespa.ch\/wp-content\/uploads\/2020\/07\/bicolor-600x585.jpg 600w, https:\/\/staging-5.ajoiespa.ch\/wp-content\/uploads\/2020\/07\/bicolor.jpg 1412w\" sizes=\"(max-width: 300px) 100vw, 300px\" \/><\/a><a href=?add-to-cart=3191 data-product_id=\"3191\">Ajouter au panier<\/a>\t\t\t\n\t\t\t\tBijoux bien-\u00eatre\t\t\t\n\t\t\t<a href=\"https:\/\/staging-5.ajoiespa.ch\/en\/product\/bijoux-bien-etre-le-collier-amethyste-realisee-avec-douceur-et-positivite\/\"><h2>Bijoux bien-\u00eatre | Bracelet Am\u00e9thyste r\u00e9alis\u00e9 avec douceur et positivit\u00e9<\/h2><\/a>\n\t&#67;&#72;&#70;45.00\n<\/li>\n<li>\n\t\t<a href=\"https:\/\/staging-5.ajoiespa.ch\/en\/product\/bijoux-bien-etre-le-bracelet-en-agate-fait-main-a-bassecourt\/\"><img loading=\"lazy\" width=\"300\" height=\"266\" src=\"https:\/\/staging-5.ajoiespa.ch\/wp-content\/uploads\/2020\/07\/IMG_3797-300x266.jpg\" alt=\"\" srcset=\"https:\/\/staging-5.ajoiespa.ch\/wp-content\/uploads\/2020\/07\/IMG_3797-300x266.jpg 300w, https:\/\/staging-5.ajoiespa.ch\/wp-content\/uploads\/2020\/07\/IMG_3797-1024x908.jpg 1024w, https:\/\/staging-5.ajoiespa.ch\/wp-content\/uploads\/2020\/07\/IMG_3797-768x681.jpg 768w, https:\/\/staging-5.ajoiespa.ch\/wp-content\/uploads\/2020\/07\/IMG_3797-600x532.jpg 600w, https:\/\/staging-5.ajoiespa.ch\/wp-content\/uploads\/2020\/07\/IMG_3797.jpg 1503w\" sizes=\"(max-width: 300px) 100vw, 300px\" \/><\/a><a href=?add-to-cart=3179 data-product_id=\"3179\">Ajouter au panier<\/a>\t\t\t\n\t\t\t\tBijoux bien-\u00eatre\t\t\t\n\t\t\t<a href=\"https:\/\/staging-5.ajoiespa.ch\/en\/product\/bijoux-bien-etre-le-bracelet-en-agate-fait-main-a-bassecourt\/\"><h2>Bijoux bien-\u00eatre | Bracelet en Agate fait main \u00e0 Bassecourt<\/h2><\/a>\n\t&#67;&#72;&#70;45.00\n<\/li>\n<li>\n\t\t<a href=\"https:\/\/staging-5.ajoiespa.ch\/en\/product\/bijoux-bien-etre-bracelet-en-pierre-naturelle-pierre-de-lune\/\"><img loading=\"lazy\" width=\"300\" height=\"289\" src=\"https:\/\/staging-5.ajoiespa.ch\/wp-content\/uploads\/2020\/07\/IMG_3790-300x289.jpg\" alt=\"\" srcset=\"https:\/\/staging-5.ajoiespa.ch\/wp-content\/uploads\/2020\/07\/IMG_3790-300x289.jpg 300w, https:\/\/staging-5.ajoiespa.ch\/wp-content\/uploads\/2020\/07\/IMG_3790-1024x987.jpg 1024w, https:\/\/staging-5.ajoiespa.ch\/wp-content\/uploads\/2020\/07\/IMG_3790-768x740.jpg 768w, https:\/\/staging-5.ajoiespa.ch\/wp-content\/uploads\/2020\/07\/IMG_3790-600x578.jpg 600w, https:\/\/staging-5.ajoiespa.ch\/wp-content\/uploads\/2020\/07\/IMG_3790.jpg 1280w\" sizes=\"(max-width: 300px) 100vw, 300px\" \/><\/a><a href=?add-to-cart=3158 data-product_id=\"3158\">Ajouter au panier<\/a>\t\t\t\n\t\t\t\tBijoux bien-\u00eatre\t\t\t\n\t\t\t<a href=\"https:\/\/staging-5.ajoiespa.ch\/en\/product\/bijoux-bien-etre-bracelet-en-pierre-naturelle-pierre-de-lune\/\"><h2>Bijoux bien-\u00eatre | Bracelet en pierre naturelle Pierre de Lune<\/h2><\/a>\n\t&#67;&#72;&#70;45.00\n<\/li>\n<\/ul>\n\t\t<!--\n\t\t-->\n\t\t\t\t\t\t<a href=\"#\" id=\"uabb-quick-view-close\"><\/a>","protected":false},"excerpt":{"rendered":"<p>BIJOUX BIEN-\u00caTRE Une collaboration 100% jurassienne &nbsp; Ces bracelets bien-\u00eatre sont faits main par Elise, cr\u00e9atrice de bijoux bien-\u00eatre install\u00e9e \u00e0 Bassecourt dans le Jura. Chaque cr\u00e9ation est soigneusement r\u00e9alis\u00e9e \u00e0 la main avec douceur, positivit\u00e9 et impr\u00e9gn\u00e9 d&rsquo;amour. &nbsp; Pure Bliss Malas a \u00e9t\u00e9 lanc\u00e9 en 2017 par Elise. \u00ab\u00a0Je suis maman de trois &hellip;<\/p>\n<p class=\"read-more\"> <a class=\"\" href=\"https:\/\/staging-5.ajoiespa.ch\/en\/bijoux-bien-etre\/\"> <span class=\"screen-reader-text\">Bijoux bien-\u00eatre<\/span> Read More &raquo;<\/a><\/p>","protected":false},"author":1,"featured_media":0,"parent":0,"menu_order":0,"comment_status":"closed","ping_status":"closed","template":"","meta":[],"_links":{"self":[{"href":"https:\/\/staging-5.ajoiespa.ch\/en\/wp-json\/wp\/v2\/pages\/3215"}],"collection":[{"href":"https:\/\/staging-5.ajoiespa.ch\/en\/wp-json\/wp\/v2\/pages"}],"about":[{"href":"https:\/\/staging-5.ajoiespa.ch\/en\/wp-json\/wp\/v2\/types\/page"}],"author":[{"embeddable":true,"href":"https:\/\/staging-5.ajoiespa.ch\/en\/wp-json\/wp\/v2\/users\/1"}],"replies":[{"embeddable":true,"href":"https:\/\/staging-5.ajoiespa.ch\/en\/wp-json\/wp\/v2\/comments?post=3215"}],"version-history":[{"count":11,"href":"https:\/\/staging-5.ajoiespa.ch\/en\/wp-json\/wp\/v2\/pages\/3215\/revisions"}],"predecessor-version":[{"id":3254,"href":"https:\/\/staging-5.ajoiespa.ch\/en\/wp-json\/wp\/v2\/pages\/3215\/revisions\/3254"}],"wp:attachment":[{"href":"https:\/\/staging-5.ajoiespa.ch\/en\/wp-json\/wp\/v2\/media?parent=3215"}],"curies":[{"name":"wp","href":"https:\/\/api.w.org\/{rel}","templated":true}]}}