{"id":3044,"date":"2020-06-16T07:13:04","date_gmt":"2020-06-16T07:13:04","guid":{"rendered":"https:\/\/ajoiespa.ch\/?page_id=3044"},"modified":"2020-09-09T07:08:59","modified_gmt":"2020-09-09T07:08:59","slug":"phyto-5-gamme-suisse","status":"publish","type":"page","link":"https:\/\/staging-5.ajoiespa.ch\/en\/phyto-5-gamme-suisse\/","title":{"rendered":"Phyto 5 Gamme Suisse"},"content":{"rendered":"<img loading=\"lazy\" src=\"https:\/\/staging-5.ajoiespa.ch\/wp-content\/uploads\/2020\/05\/Logo_Phyto5_02-e1588863850943.png\" alt=\"Logo_Phyto5_02\" itemprop=\"image\" height=\"96\" width=\"360\" title=\"Logo_Phyto5_02\" onerror=\"this.style.display='none'\">\n\t\t\t\t<img loading=\"lazy\" src=\"https:\/\/staging-5.ajoiespa.ch\/wp-content\/uploads\/2020\/05\/Logo-Swiss-Made-e1588863756431.png\" alt=\"Logo Swiss Made\" itemprop=\"image\" height=\"117\" width=\"360\" title=\"Logo Swiss Made\" onerror=\"this.style.display='none'\">\n\t\t\t\t<img loading=\"lazy\" src=\"https:\/\/staging-5.ajoiespa.ch\/wp-content\/uploads\/2020\/05\/phytobiodermie-e1588863915918.png\" alt=\"phytobiodermie\" itemprop=\"image\" height=\"98\" width=\"248\" title=\"phytobiodermie\" onerror=\"this.style.display='none'\">\n\t\t\t\t<img loading=\"lazy\" src=\"https:\/\/staging-5.ajoiespa.ch\/wp-content\/uploads\/2020\/05\/cosmebio.png\" alt=\"cosmebio\" itemprop=\"image\" height=\"195\" width=\"326\" title=\"cosmebio\" onerror=\"this.style.display='none'\">\n\t\t\t\t<img loading=\"lazy\" src=\"https:\/\/staging-5.ajoiespa.ch\/wp-content\/uploads\/2020\/05\/vegan-e1588863883927.png\" alt=\"vegan\" itemprop=\"image\" height=\"87\" width=\"184\" title=\"vegan\" onerror=\"this.style.display='none'\">\n\t\t\t\t<img loading=\"lazy\" src=\"https:\/\/staging-5.ajoiespa.ch\/wp-content\/uploads\/2020\/05\/smogfree-e1588863905752.png\" alt=\"smogfree\" itemprop=\"image\" height=\"262\" width=\"339\" title=\"smogfree\" onerror=\"this.style.display='none'\">\n\t\t\t\t<img loading=\"lazy\" src=\"https:\/\/staging-5.ajoiespa.ch\/wp-content\/uploads\/2020\/06\/phyto5-la-suisse-swiss.jpg\" alt=\"Phyto 5 Gamme Suisse\" itemprop=\"image\" height=\"1200\" width=\"1200\" title=\"phyto5-la-suisse-swiss\" onerror=\"this.style.display='none'\">\n\t\t\t<h6>PHYTO 5<\/h6><h3>LA GAMME SUISSE<\/h3>\t\t\t\n\t\t\t\t<p>Simple d&rsquo;utilisation, la Gamme Suisse s&rsquo;int\u00e8gre facilement \u00e0 votre routine beaut\u00e9 journali\u00e8re.<\/p>\n<p>Elle pr\u00e9serve activement la peau pour lui assurer un entretien optimal et limiter son vieillissement.&nbsp;<\/p>\n<p>Les produits Phyto 5 sont fabriqu\u00e9s en Suisse, dans un environnement pr\u00e9serv\u00e9 de toute pollution, au c\u0153ur des montagnes du Jura.<\/p>\n\t\t<ul>\n<li>\n\t\t<a href=\"https:\/\/staging-5.ajoiespa.ch\/en\/product\/phyto-5-le-lait-corporel-200-ml\/\"><img loading=\"lazy\" width=\"300\" height=\"457\" src=\"https:\/\/staging-5.ajoiespa.ch\/wp-content\/uploads\/2020\/06\/Le-lait-corporel-ombre-300x457.png\" alt=\"Phyto 5 La gamme suisse Le lait corporel\" srcset=\"https:\/\/staging-5.ajoiespa.ch\/wp-content\/uploads\/2020\/06\/Le-lait-corporel-ombre-300x457.png 300w, https:\/\/staging-5.ajoiespa.ch\/wp-content\/uploads\/2020\/06\/Le-lait-corporel-ombre-600x914.png 600w, https:\/\/staging-5.ajoiespa.ch\/wp-content\/uploads\/2020\/06\/Le-lait-corporel-ombre-197x300.png 197w, https:\/\/staging-5.ajoiespa.ch\/wp-content\/uploads\/2020\/06\/Le-lait-corporel-ombre-672x1024.png 672w, https:\/\/staging-5.ajoiespa.ch\/wp-content\/uploads\/2020\/06\/Le-lait-corporel-ombre-768x1170.png 768w, https:\/\/staging-5.ajoiespa.ch\/wp-content\/uploads\/2020\/06\/Le-lait-corporel-ombre-1008x1536.png 1008w, https:\/\/staging-5.ajoiespa.ch\/wp-content\/uploads\/2020\/06\/Le-lait-corporel-ombre-1344x2048.png 1344w, https:\/\/staging-5.ajoiespa.ch\/wp-content\/uploads\/2020\/06\/Le-lait-corporel-ombre.png 1585w\" sizes=\"(max-width: 300px) 100vw, 300px\"><\/a><a href=\"?add-to-cart=3049\" data-product_id=\"3049\">Ajouter au panier<\/a>\t\t\t\n\t\t\t\tLa Gamme Suisse\t\t\t\n\t\t\t<a href=\"https:\/\/staging-5.ajoiespa.ch\/en\/product\/phyto-5-le-lait-corporel-200-ml\/\"><h2>PHYTO 5 Le lait corporel 200 ml<\/h2><\/a>\n\tCHF56.00\n<\/li>\n<li>\n\t\t<a href=\"https:\/\/staging-5.ajoiespa.ch\/en\/product\/phyto-5-le-lait-demaquillant-douceur-200-ml\/\"><img loading=\"lazy\" width=\"300\" height=\"457\" src=\"https:\/\/staging-5.ajoiespa.ch\/wp-content\/uploads\/2020\/06\/Le-lait-d\u00e9maquillant-ombre-300x457.png\" alt=\"Phyto 5 La Gamme Suisse. Le lait d\u00e9maquillant douceur\" srcset=\"https:\/\/staging-5.ajoiespa.ch\/wp-content\/uploads\/2020\/06\/Le-lait-d\u00e9maquillant-ombre-300x457.png 300w, https:\/\/staging-5.ajoiespa.ch\/wp-content\/uploads\/2020\/06\/Le-lait-d\u00e9maquillant-ombre-600x914.png 600w, https:\/\/staging-5.ajoiespa.ch\/wp-content\/uploads\/2020\/06\/Le-lait-d\u00e9maquillant-ombre-197x300.png 197w, https:\/\/staging-5.ajoiespa.ch\/wp-content\/uploads\/2020\/06\/Le-lait-d\u00e9maquillant-ombre-672x1024.png 672w, https:\/\/staging-5.ajoiespa.ch\/wp-content\/uploads\/2020\/06\/Le-lait-d\u00e9maquillant-ombre-768x1170.png 768w, https:\/\/staging-5.ajoiespa.ch\/wp-content\/uploads\/2020\/06\/Le-lait-d\u00e9maquillant-ombre-1008x1536.png 1008w, https:\/\/staging-5.ajoiespa.ch\/wp-content\/uploads\/2020\/06\/Le-lait-d\u00e9maquillant-ombre-1344x2048.png 1344w, https:\/\/staging-5.ajoiespa.ch\/wp-content\/uploads\/2020\/06\/Le-lait-d\u00e9maquillant-ombre.png 1585w\" sizes=\"(max-width: 300px) 100vw, 300px\"><\/a><a href=\"?add-to-cart=3056\" data-product_id=\"3056\">Ajouter au panier<\/a>\t\t\t\n\t\t\t\tLa Gamme Suisse\t\t\t\n\t\t\t<a href=\"https:\/\/staging-5.ajoiespa.ch\/en\/product\/phyto-5-le-lait-demaquillant-douceur-200-ml\/\"><h2>Phyto 5 Le lait d\u00e9maquillant douceur 200 ml<\/h2><\/a>\n\tCHF44.00\n<\/li>\n<li>\n\t\t<a href=\"https:\/\/staging-5.ajoiespa.ch\/en\/product\/phyto-5-le-gommage-marin-100-ml\/\"><img loading=\"lazy\" width=\"300\" height=\"489\" src=\"https:\/\/staging-5.ajoiespa.ch\/wp-content\/uploads\/2020\/06\/Le-gommage-marin-ombre-300x489.png\" alt=\"Phyto 5 La Gamme Suisse. Le gommage marin swiss made\" srcset=\"https:\/\/staging-5.ajoiespa.ch\/wp-content\/uploads\/2020\/06\/Le-gommage-marin-ombre-300x489.png 300w, https:\/\/staging-5.ajoiespa.ch\/wp-content\/uploads\/2020\/06\/Le-gommage-marin-ombre-600x978.png 600w, https:\/\/staging-5.ajoiespa.ch\/wp-content\/uploads\/2020\/06\/Le-gommage-marin-ombre-184x300.png 184w, https:\/\/staging-5.ajoiespa.ch\/wp-content\/uploads\/2020\/06\/Le-gommage-marin-ombre-628x1024.png 628w, https:\/\/staging-5.ajoiespa.ch\/wp-content\/uploads\/2020\/06\/Le-gommage-marin-ombre-768x1252.png 768w, https:\/\/staging-5.ajoiespa.ch\/wp-content\/uploads\/2020\/06\/Le-gommage-marin-ombre-942x1536.png 942w, https:\/\/staging-5.ajoiespa.ch\/wp-content\/uploads\/2020\/06\/Le-gommage-marin-ombre.png 1254w\" sizes=\"(max-width: 300px) 100vw, 300px\"><\/a><a href=\"?add-to-cart=3059\" data-product_id=\"3059\">Ajouter au panier<\/a>\t\t\t\n\t\t\t\tLa Gamme Suisse\t\t\t\n\t\t\t<a href=\"https:\/\/staging-5.ajoiespa.ch\/en\/product\/phyto-5-le-gommage-marin-100-ml\/\"><h2>Phyto 5 Le gommage marin 100 ml<\/h2><\/a>\n\tCHF52.00\n<\/li>\n<li>\n\t\t<a href=\"https:\/\/staging-5.ajoiespa.ch\/en\/product\/phyto-5-loligo-5-lotion-spray-50-ml\/\"><img loading=\"lazy\" width=\"300\" height=\"450\" src=\"https:\/\/staging-5.ajoiespa.ch\/wp-content\/uploads\/2020\/06\/Oligo-5-new-ombre-300x450.png\" alt=\"\" srcset=\"https:\/\/staging-5.ajoiespa.ch\/wp-content\/uploads\/2020\/06\/Oligo-5-new-ombre-300x450.png 300w, https:\/\/staging-5.ajoiespa.ch\/wp-content\/uploads\/2020\/06\/Oligo-5-new-ombre-600x900.png 600w, https:\/\/staging-5.ajoiespa.ch\/wp-content\/uploads\/2020\/06\/Oligo-5-new-ombre-200x300.png 200w, https:\/\/staging-5.ajoiespa.ch\/wp-content\/uploads\/2020\/06\/Oligo-5-new-ombre-683x1024.png 683w, https:\/\/staging-5.ajoiespa.ch\/wp-content\/uploads\/2020\/06\/Oligo-5-new-ombre-768x1152.png 768w, https:\/\/staging-5.ajoiespa.ch\/wp-content\/uploads\/2020\/06\/Oligo-5-new-ombre-1024x1536.png 1024w, https:\/\/staging-5.ajoiespa.ch\/wp-content\/uploads\/2020\/06\/Oligo-5-new-ombre-1365x2048.png 1365w, https:\/\/staging-5.ajoiespa.ch\/wp-content\/uploads\/2020\/06\/Oligo-5-new-ombre.png 1600w\" sizes=\"(max-width: 300px) 100vw, 300px\"><\/a><a href=\"?add-to-cart=3090\" data-product_id=\"3090\">Ajouter au panier<\/a>\t\t\t\n\t\t\t\tLa Gamme Suisse\t\t\t\n\t\t\t<a href=\"https:\/\/staging-5.ajoiespa.ch\/en\/product\/phyto-5-loligo-5-lotion-spray-50-ml\/\"><h2>Phyto 5 L\u2019Oligo 5 Lotion-spray 50 ml<\/h2><\/a>\n\tCHF57.00\n<\/li>\n<\/ul>\n\t\t<!--\n\t\t-->\n\t\t\t\t\t\t<a href=\"#\" id=\"uabb-quick-view-close\"><\/a>\n\t\t<ul>\n<li>\n\t\t<a href=\"https:\/\/staging-5.ajoiespa.ch\/en\/product\/phyto-5-la-creme-acide-50-ml\/\"><img loading=\"lazy\" width=\"300\" height=\"517\" src=\"https:\/\/staging-5.ajoiespa.ch\/wp-content\/uploads\/2020\/06\/La-cr\u00e8me-acide-ombre-300x517.png\" alt=\"Phyto 5 La Gamme Suisse. La cr\u00e8me acide, correcteur de pH r\u00e9tablit le pH naturel de votre peau.\" srcset=\"https:\/\/staging-5.ajoiespa.ch\/wp-content\/uploads\/2020\/06\/La-cr\u00e8me-acide-ombre-300x517.png 300w, https:\/\/staging-5.ajoiespa.ch\/wp-content\/uploads\/2020\/06\/La-cr\u00e8me-acide-ombre-600x1034.png 600w, https:\/\/staging-5.ajoiespa.ch\/wp-content\/uploads\/2020\/06\/La-cr\u00e8me-acide-ombre-174x300.png 174w, https:\/\/staging-5.ajoiespa.ch\/wp-content\/uploads\/2020\/06\/La-cr\u00e8me-acide-ombre-594x1024.png 594w, https:\/\/staging-5.ajoiespa.ch\/wp-content\/uploads\/2020\/06\/La-cr\u00e8me-acide-ombre-768x1323.png 768w, https:\/\/staging-5.ajoiespa.ch\/wp-content\/uploads\/2020\/06\/La-cr\u00e8me-acide-ombre-892x1536.png 892w, https:\/\/staging-5.ajoiespa.ch\/wp-content\/uploads\/2020\/06\/La-cr\u00e8me-acide-ombre-1189x2048.png 1189w, https:\/\/staging-5.ajoiespa.ch\/wp-content\/uploads\/2020\/06\/La-cr\u00e8me-acide-ombre.png 1875w\" sizes=\"(max-width: 300px) 100vw, 300px\"><\/a><a href=\"?add-to-cart=3062\" data-product_id=\"3062\">Ajouter au panier<\/a>\t\t\t\n\t\t\t\tLa Gamme Suisse\t\t\t\n\t\t\t<a href=\"https:\/\/staging-5.ajoiespa.ch\/en\/product\/phyto-5-la-creme-acide-50-ml\/\"><h2>Phyto 5 La cr\u00e8me acide 50 ml<\/h2><\/a>\n\tCHF56.00\n<\/li>\n<li>\n\t\t<a href=\"https:\/\/staging-5.ajoiespa.ch\/en\/product\/phyto-5-la-creme-visage-50-ml\/\"><img loading=\"lazy\" width=\"300\" height=\"517\" src=\"https:\/\/staging-5.ajoiespa.ch\/wp-content\/uploads\/2020\/06\/La-cr\u00e8me-visage-ombre-300x517.png\" alt=\"\" srcset=\"https:\/\/staging-5.ajoiespa.ch\/wp-content\/uploads\/2020\/06\/La-cr\u00e8me-visage-ombre-300x517.png 300w, https:\/\/staging-5.ajoiespa.ch\/wp-content\/uploads\/2020\/06\/La-cr\u00e8me-visage-ombre-600x1034.png 600w, https:\/\/staging-5.ajoiespa.ch\/wp-content\/uploads\/2020\/06\/La-cr\u00e8me-visage-ombre-174x300.png 174w, https:\/\/staging-5.ajoiespa.ch\/wp-content\/uploads\/2020\/06\/La-cr\u00e8me-visage-ombre-594x1024.png 594w, https:\/\/staging-5.ajoiespa.ch\/wp-content\/uploads\/2020\/06\/La-cr\u00e8me-visage-ombre-768x1323.png 768w, https:\/\/staging-5.ajoiespa.ch\/wp-content\/uploads\/2020\/06\/La-cr\u00e8me-visage-ombre-892x1536.png 892w, https:\/\/staging-5.ajoiespa.ch\/wp-content\/uploads\/2020\/06\/La-cr\u00e8me-visage-ombre-1189x2048.png 1189w, https:\/\/staging-5.ajoiespa.ch\/wp-content\/uploads\/2020\/06\/La-cr\u00e8me-visage-ombre.png 1875w\" sizes=\"(max-width: 300px) 100vw, 300px\"><\/a><a href=\"?add-to-cart=3085\" data-product_id=\"3085\">Ajouter au panier<\/a>\t\t\t\n\t\t\t\tLa Gamme Suisse\t\t\t\n\t\t\t<a href=\"https:\/\/staging-5.ajoiespa.ch\/en\/product\/phyto-5-la-creme-visage-50-ml\/\"><h2>Phyto 5 La cr\u00e8me visage 50 ml<\/h2><\/a>\n\tCHF69.00\n<\/li>\n<\/ul>\n\t\t<!--\n\t\t-->\n\t\t\t\t\t\t<a href=\"#\" id=\"uabb-quick-view-close\"><\/a>\n\t\t\t\t\t\t<img src=\"https:\/\/i.ytimg.com\/vi\/PjIK1S27yWg\/maxresdefault.jpg\">\n\t\t\t\t<img loading=\"lazy\" src=\"https:\/\/staging-5.ajoiespa.ch\/wp-content\/uploads\/2020\/05\/Logo_Phyto5_02-e1588863850943.png\" alt=\"Logo_Phyto5_02\" itemprop=\"image\" height=\"96\" width=\"360\" title=\"Logo_Phyto5_02\" onerror=\"this.style.display='none'\">\n\t\t\t\t<img loading=\"lazy\" src=\"https:\/\/staging-5.ajoiespa.ch\/wp-content\/uploads\/2020\/05\/Logo-Swiss-Made-e1588863756431.png\" alt=\"Logo Swiss Made\" itemprop=\"image\" height=\"117\" width=\"360\" title=\"Logo Swiss Made\" onerror=\"this.style.display='none'\">\n\t\t\t\t<img loading=\"lazy\" src=\"https:\/\/staging-5.ajoiespa.ch\/wp-content\/uploads\/2020\/05\/phytobiodermie-e1588863915918.png\" alt=\"phytobiodermie\" itemprop=\"image\" height=\"98\" width=\"248\" title=\"phytobiodermie\" onerror=\"this.style.display='none'\">\n\t\t\t\t<img loading=\"lazy\" src=\"https:\/\/staging-5.ajoiespa.ch\/wp-content\/uploads\/2020\/05\/cosmebio.png\" alt=\"cosmebio\" itemprop=\"image\" height=\"195\" width=\"326\" title=\"cosmebio\" onerror=\"this.style.display='none'\">\n\t\t\t\t<img loading=\"lazy\" src=\"https:\/\/staging-5.ajoiespa.ch\/wp-content\/uploads\/2020\/05\/vegan-e1588863883927.png\" alt=\"vegan\" itemprop=\"image\" height=\"87\" width=\"184\" title=\"vegan\" onerror=\"this.style.display='none'\">\n\t\t\t\t<img loading=\"lazy\" src=\"https:\/\/staging-5.ajoiespa.ch\/wp-content\/uploads\/2020\/05\/smogfree-e1588863905752.png\" alt=\"smogfree\" itemprop=\"image\" height=\"262\" width=\"339\" title=\"smogfree\" onerror=\"this.style.display='none'\">","protected":false},"excerpt":{"rendered":"<p>PHYTO 5 LA GAMME SUISSE Simple d&rsquo;utilisation, la Gamme Suisse s&rsquo;int\u00e8gre facilement \u00e0 votre routine beaut\u00e9 journali\u00e8re. Elle pr\u00e9serve activement la peau pour lui assurer un entretien optimal et limiter son vieillissement.&nbsp; Les produits Phyto 5 sont fabriqu\u00e9s en Suisse, dans un environnement pr\u00e9serv\u00e9 de toute pollution, au c\u0153ur des montagnes du Jura. Ajouter au &hellip;<\/p>\n<p class=\"read-more\"> <a class=\"\" href=\"https:\/\/staging-5.ajoiespa.ch\/en\/phyto-5-gamme-suisse\/\"> <span class=\"screen-reader-text\">Phyto 5 Gamme Suisse<\/span> Read More &raquo;<\/a><\/p>","protected":false},"author":1,"featured_media":0,"parent":0,"menu_order":0,"comment_status":"closed","ping_status":"closed","template":"","meta":[],"_links":{"self":[{"href":"https:\/\/staging-5.ajoiespa.ch\/en\/wp-json\/wp\/v2\/pages\/3044"}],"collection":[{"href":"https:\/\/staging-5.ajoiespa.ch\/en\/wp-json\/wp\/v2\/pages"}],"about":[{"href":"https:\/\/staging-5.ajoiespa.ch\/en\/wp-json\/wp\/v2\/types\/page"}],"author":[{"embeddable":true,"href":"https:\/\/staging-5.ajoiespa.ch\/en\/wp-json\/wp\/v2\/users\/1"}],"replies":[{"embeddable":true,"href":"https:\/\/staging-5.ajoiespa.ch\/en\/wp-json\/wp\/v2\/comments?post=3044"}],"version-history":[{"count":8,"href":"https:\/\/staging-5.ajoiespa.ch\/en\/wp-json\/wp\/v2\/pages\/3044\/revisions"}],"predecessor-version":[{"id":3442,"href":"https:\/\/staging-5.ajoiespa.ch\/en\/wp-json\/wp\/v2\/pages\/3044\/revisions\/3442"}],"wp:attachment":[{"href":"https:\/\/staging-5.ajoiespa.ch\/en\/wp-json\/wp\/v2\/media?parent=3044"}],"curies":[{"name":"wp","href":"https:\/\/api.w.org\/{rel}","templated":true}]}}