{"id":3035,"date":"2020-06-14T14:39:53","date_gmt":"2020-06-14T14:39:53","guid":{"rendered":"https:\/\/ajoiespa.ch\/?page_id=3035"},"modified":"2020-07-07T08:45:33","modified_gmt":"2020-07-07T08:45:33","slug":"bons-cadeaux","status":"publish","type":"page","link":"https:\/\/staging-5.ajoiespa.ch\/en\/bons-cadeaux\/","title":{"rendered":"Bons Cadeaux"},"content":{"rendered":"<h1>\n\t\t\t\tLES BONS CADEAUX\n\t\t\t<\/h1>\n\t\t<ul>\n<li>\n\t\t<a href=\"https:\/\/staging-5.ajoiespa.ch\/en\/product\/bon-cadeau-chf-100\/\"><img loading=\"lazy\" width=\"300\" height=\"181\" src=\"https:\/\/staging-5.ajoiespa.ch\/wp-content\/uploads\/2017\/12\/ajoiespa_bon_100_white_vari3-300x181.png\" alt=\"\" srcset=\"https:\/\/staging-5.ajoiespa.ch\/wp-content\/uploads\/2017\/12\/ajoiespa_bon_100_white_vari3-300x181.png 300w, https:\/\/staging-5.ajoiespa.ch\/wp-content\/uploads\/2017\/12\/ajoiespa_bon_100_white_vari3-600x362.png 600w, https:\/\/staging-5.ajoiespa.ch\/wp-content\/uploads\/2017\/12\/ajoiespa_bon_100_white_vari3-768x463.png 768w, https:\/\/staging-5.ajoiespa.ch\/wp-content\/uploads\/2017\/12\/ajoiespa_bon_100_white_vari3-1024x618.png 1024w, https:\/\/staging-5.ajoiespa.ch\/wp-content\/uploads\/2017\/12\/ajoiespa_bon_100_white_vari3.png 1784w\" sizes=\"(max-width: 300px) 100vw, 300px\" \/><\/a><a href=?add-to-cart=334 data-product_id=\"334\">Ajouter au panier<\/a>\t\t\t\n\t\t\t\tGIFT VOUCHER\t\t\t\n\t\t\t<a href=\"https:\/\/staging-5.ajoiespa.ch\/en\/product\/bon-cadeau-chf-100\/\"><h2>GIFT VAUCHER CHF 100.-<\/h2><\/a>\n\t&#67;&#72;&#70;100.00\n<\/li>\n<li>\n\t\t<a href=\"https:\/\/staging-5.ajoiespa.ch\/en\/product\/bon-cadeau-chf-200\/\"><img loading=\"lazy\" width=\"300\" height=\"181\" src=\"https:\/\/staging-5.ajoiespa.ch\/wp-content\/uploads\/2017\/12\/ajoiespa_bon_200_white_vari3-300x181.png\" alt=\"\" srcset=\"https:\/\/staging-5.ajoiespa.ch\/wp-content\/uploads\/2017\/12\/ajoiespa_bon_200_white_vari3-300x181.png 300w, https:\/\/staging-5.ajoiespa.ch\/wp-content\/uploads\/2017\/12\/ajoiespa_bon_200_white_vari3-600x362.png 600w, https:\/\/staging-5.ajoiespa.ch\/wp-content\/uploads\/2017\/12\/ajoiespa_bon_200_white_vari3-768x463.png 768w, https:\/\/staging-5.ajoiespa.ch\/wp-content\/uploads\/2017\/12\/ajoiespa_bon_200_white_vari3-1024x618.png 1024w, https:\/\/staging-5.ajoiespa.ch\/wp-content\/uploads\/2017\/12\/ajoiespa_bon_200_white_vari3.png 1784w\" sizes=\"(max-width: 300px) 100vw, 300px\" \/><\/a><a href=?add-to-cart=336 data-product_id=\"336\">Ajouter au panier<\/a>\t\t\t\n\t\t\t\tGIFT VOUCHER\t\t\t\n\t\t\t<a href=\"https:\/\/staging-5.ajoiespa.ch\/en\/product\/bon-cadeau-chf-200\/\"><h2>GIFT VAUCHER CHF 200.-<\/h2><\/a>\n\t&#67;&#72;&#70;200.00\n<\/li>\n<li>\n\t\t<a href=\"https:\/\/staging-5.ajoiespa.ch\/en\/product\/bon-cadeau-chf-300\/\"><img loading=\"lazy\" width=\"300\" height=\"181\" src=\"https:\/\/staging-5.ajoiespa.ch\/wp-content\/uploads\/2017\/12\/ajoiespa_bon_300_white_vari3-300x181.png\" alt=\"\" srcset=\"https:\/\/staging-5.ajoiespa.ch\/wp-content\/uploads\/2017\/12\/ajoiespa_bon_300_white_vari3-300x181.png 300w, https:\/\/staging-5.ajoiespa.ch\/wp-content\/uploads\/2017\/12\/ajoiespa_bon_300_white_vari3-600x362.png 600w, https:\/\/staging-5.ajoiespa.ch\/wp-content\/uploads\/2017\/12\/ajoiespa_bon_300_white_vari3-768x463.png 768w, https:\/\/staging-5.ajoiespa.ch\/wp-content\/uploads\/2017\/12\/ajoiespa_bon_300_white_vari3-1024x618.png 1024w, https:\/\/staging-5.ajoiespa.ch\/wp-content\/uploads\/2017\/12\/ajoiespa_bon_300_white_vari3.png 1784w\" sizes=\"(max-width: 300px) 100vw, 300px\" \/><\/a><a href=?add-to-cart=338 data-product_id=\"338\">Ajouter au panier<\/a>\t\t\t\n\t\t\t\tGIFT VOUCHER\t\t\t\n\t\t\t<a href=\"https:\/\/staging-5.ajoiespa.ch\/en\/product\/bon-cadeau-chf-300\/\"><h2>GIFT VAUCHER CHF 300.-<\/h2><\/a>\n\t&#67;&#72;&#70;300.00\n<\/li>\n<li>\n\t\t<a href=\"https:\/\/staging-5.ajoiespa.ch\/en\/product\/bon-cadeau-chf-50\/\"><img loading=\"lazy\" width=\"300\" height=\"183\" src=\"https:\/\/staging-5.ajoiespa.ch\/wp-content\/uploads\/2019\/09\/img6-300x183.jpg\" alt=\"AjoieSpa Bon Cadeau CHF 50\" srcset=\"https:\/\/staging-5.ajoiespa.ch\/wp-content\/uploads\/2019\/09\/img6-300x183.jpg 300w, https:\/\/staging-5.ajoiespa.ch\/wp-content\/uploads\/2019\/09\/img6-600x366.jpg 600w, https:\/\/staging-5.ajoiespa.ch\/wp-content\/uploads\/2019\/09\/img6.jpg 719w\" sizes=\"(max-width: 300px) 100vw, 300px\" \/><\/a><a href=?add-to-cart=1836 data-product_id=\"1836\">Ajouter au panier<\/a>\t\t\t\n\t\t\t\tGIFT VOUCHER\t\t\t\n\t\t\t<a href=\"https:\/\/staging-5.ajoiespa.ch\/en\/product\/bon-cadeau-chf-50\/\"><h2>GIFT VAUCHER CHF 50.-<\/h2><\/a>\n\t&#67;&#72;&#70;50.00\n<\/li>\n<\/ul>\n\t\t<!--\n\t\t-->\n\t\t\t\t\t\t<a href=\"#\" id=\"uabb-quick-view-close\"><\/a>\n\t\t\t\t\t\t\t\t\t\t\t\t\t\t<a href=\"https:\/\/staging-5.ajoiespa.ch\/en\/element-feu-stimulez-votre-joie-de-vivre\/\" target=\"_self\" title=\"El\u00e9ment Feu \u2013 stimulez votre joie de vivre\" rel=\"noopener noreferrer\">\n\t\t\t\t<img src=\"https:\/\/staging-5.ajoiespa.ch\/wp-content\/uploads\/2020\/05\/NOS-NOUVEAUX-SOINS-1-300x200.png\" alt=\"\" \/>\n\t\t\t\t<\/a>\n\t\t\t\t\t\t<h3>\n\t\t\t\t<a href=https:\/\/staging-5.ajoiespa.ch\/en\/element-feu-stimulez-votre-joie-de-vivre\/ title=\"El\u00e9ment Feu \u2013 stimulez votre joie de vivre\" tabindex=\"0\">El\u00e9ment Feu \u2013 stimulez votre joie de vivre<\/a>\t\t\t<\/h3>\n\t\t\t\t\t\t\t\t\t\t\t\t\t\t<a href=\"https:\/\/staging-5.ajoiespa.ch\/en\/decouvrez-votre-nouvelle-routine-de-beaute-holistique\/\" target=\"_self\" title=\"Et si vous trouviez (enfin) votre produit de beaut\u00e9 id\u00e9al?\" rel=\"noopener noreferrer\">\n\t\t\t\t<img src=\"https:\/\/staging-5.ajoiespa.ch\/wp-content\/uploads\/2020\/05\/5-2-300x200.jpg\" alt=\"\" \/>\n\t\t\t\t<\/a>\n\t\t\t\t\t\t<h3>\n\t\t\t\t<a href=https:\/\/staging-5.ajoiespa.ch\/en\/decouvrez-votre-nouvelle-routine-de-beaute-holistique\/ title=\"Et si vous trouviez (enfin) votre produit de beaut\u00e9 id\u00e9al?\" tabindex=\"0\">Et si vous trouviez (enfin) votre produit de beaut\u00e9 id\u00e9al?<\/a>\t\t\t<\/h3>\n\t\t\t\t\t\t\t\t\t\t\t\t\t\t<a href=\"https:\/\/staging-5.ajoiespa.ch\/en\/ou-partez-vous-cet-ete\/\" target=\"_self\" title=\"O\u00f9 partez-vous cet \u00e9t\u00e9?\" rel=\"noopener noreferrer\">\n\t\t\t\t<img src=\"https:\/\/staging-5.ajoiespa.ch\/wp-content\/uploads\/2020\/05\/5-1-300x200.jpg\" alt=\"\" \/>\n\t\t\t\t<\/a>\n\t\t\t\t\t\t<h3>\n\t\t\t\t<a href=https:\/\/staging-5.ajoiespa.ch\/en\/ou-partez-vous-cet-ete\/ title=\"O\u00f9 partez-vous cet \u00e9t\u00e9?\" tabindex=\"0\">O\u00f9 partez-vous cet \u00e9t\u00e9?<\/a>\t\t\t<\/h3>","protected":false},"excerpt":{"rendered":"<p>LES BONS CADEAUX Ajouter au panier BON CADEAU BON CADEAU CHF 100.- &#67;&#72;&#70;100.00 Ajouter au panier BON CADEAU BON CADEAU CHF 200.- &#67;&#72;&#70;200.00 Ajouter au panier BON CADEAU BON CADEAU CHF 300.- &#67;&#72;&#70;300.00 Ajouter au panier BON CADEAU BON CADEAU CHF 50.- &#67;&#72;&#70;50.00 El\u00e9ment Feu \u2013 stimulez votre joie de vivre Et si vous trouviez &hellip;<\/p>\n<p class=\"read-more\"> <a class=\"\" href=\"https:\/\/staging-5.ajoiespa.ch\/en\/bons-cadeaux\/\"> <span class=\"screen-reader-text\">Bons Cadeaux<\/span> Read More &raquo;<\/a><\/p>","protected":false},"author":1,"featured_media":0,"parent":0,"menu_order":0,"comment_status":"closed","ping_status":"closed","template":"","meta":[],"_links":{"self":[{"href":"https:\/\/staging-5.ajoiespa.ch\/en\/wp-json\/wp\/v2\/pages\/3035"}],"collection":[{"href":"https:\/\/staging-5.ajoiespa.ch\/en\/wp-json\/wp\/v2\/pages"}],"about":[{"href":"https:\/\/staging-5.ajoiespa.ch\/en\/wp-json\/wp\/v2\/types\/page"}],"author":[{"embeddable":true,"href":"https:\/\/staging-5.ajoiespa.ch\/en\/wp-json\/wp\/v2\/users\/1"}],"replies":[{"embeddable":true,"href":"https:\/\/staging-5.ajoiespa.ch\/en\/wp-json\/wp\/v2\/comments?post=3035"}],"version-history":[{"count":8,"href":"https:\/\/staging-5.ajoiespa.ch\/en\/wp-json\/wp\/v2\/pages\/3035\/revisions"}],"predecessor-version":[{"id":3043,"href":"https:\/\/staging-5.ajoiespa.ch\/en\/wp-json\/wp\/v2\/pages\/3035\/revisions\/3043"}],"wp:attachment":[{"href":"https:\/\/staging-5.ajoiespa.ch\/en\/wp-json\/wp\/v2\/media?parent=3035"}],"curies":[{"name":"wp","href":"https:\/\/api.w.org\/{rel}","templated":true}]}}