{"id":2876,"date":"2020-05-14T15:57:49","date_gmt":"2020-05-14T15:57:49","guid":{"rendered":"https:\/\/ajoiespa.ch\/?page_id=2876"},"modified":"2020-07-08T06:51:37","modified_gmt":"2020-07-08T06:51:37","slug":"nos-valeurs","status":"publish","type":"page","link":"https:\/\/staging-5.ajoiespa.ch\/en\/nos-valeurs\/","title":{"rendered":"Nos valeurs"},"content":{"rendered":"<figure><img src=\"https:\/\/staging-5.ajoiespa.ch\/wp-content\/uploads\/2020\/01\/3-1024x683.jpg\" alt=\"Pourquoi AjoieSpa n\u2019est pas un spa en libre acc\u00e8s\" \/><\/figure>\n\t\t\t\t<img loading=\"lazy\" src=\"https:\/\/staging-5.ajoiespa.ch\/wp-content\/uploads\/2020\/07\/ST0065310.png\" alt=\"ST0065310\" itemprop=\"image\" height=\"816\" width=\"816\" title=\"ST0065310\" onerror=\"this.style.display='none'\"  \/>\n\t\t\t\t<img loading=\"lazy\" src=\"https:\/\/staging-5.ajoiespa.ch\/wp-content\/uploads\/2020\/07\/ST0065300.png\" alt=\"ST0065300\" itemprop=\"image\" height=\"816\" width=\"816\" title=\"ST0065300\" onerror=\"this.style.display='none'\"  \/>\n\t<figure><\/figure>\n<p>&nbsp;<\/p>\n<h3><strong>NOS VALEURS<\/strong><\/h3>\n<p>Accueil personnalis\u00e9<\/p>\n<p>Exp\u00e9rience Wellness &amp; Spa dans un cadre privatis\u00e9 appliquant les plus strictes mesures d\u2019hygi\u00e8ne, de s\u00e9curit\u00e9 et de distanciation depuis 10 ans<\/p>\n<p>Soins signatures sur mesure et soins holistiques<\/p>\n<p>Spa privatif \u00e9coresponsable fonctionnant avec l\u2019\u00e9nergie renouvelable<\/p>\n<p>Sur rendez-vous uniquement<\/p>\n<p>&nbsp;<\/p>\n<p>Dans l\u2019h\u00f4tellerie, le mot \u00abspa\u00bb fait vendre.<\/p>\n<p>C\u2019est l\u2019argument marketing qui est cens\u00e9 permettre de remplir l\u2019h\u00f4tel, car la plus-value wellness est incluse dans le tarif de la chambre et illimit\u00e9e.<\/p>\n<p>Ces derni\u00e8res ann\u00e9es, beaucoup d\u2019\u00e9tablissements ont ainsi investi lourdement dans l\u2019installation d\u2019un spa, en ne l\u00e9sinant pas sur les superlatifs et en multipliant les installations aquatiques \u00e0 coups de m\u00e8tres carr\u00e9s.<\/p>\n<p>Bienvenue dans le monde merveilleux des spas d\u2019h\u00f4tels!<\/p>\n<p>Je ne vais pas y aller par quatre chemins: cette approche est largement r\u00e9pandue, mais ce n\u2019est pas la n\u00f4tre. Je ne dis pas que l\u2019une est mieux que l\u2019autre (enfin si, un peu quand m\u00eame!), mais je vous explique notre d\u00e9marche afin que vous puissiez vous rendre compte si AjoieSpa est un lieu pour vous.<\/p>\n<h3><strong>La privatisation et la personnalisation<\/strong><\/h3>\n<p>Quelle a \u00e9t\u00e9 votre derni\u00e8re exp\u00e9rience dans le spa d\u2019un h\u00f4tel?<\/p>\n<p>Avez-vous appr\u00e9ci\u00e9 le calme? Etiez-vous \u00e0 l\u2019aise au milieu des inconnus? Le personnel vous a-t-il apport\u00e9 un service attentionn\u00e9?<\/p>\n<p>Laissez-nous deviner: il est fort possible que vous ayez \u00e9t\u00e9 plut\u00f4t d\u00e9\u00e7u, car, soyons honn\u00eates, l\u00e2cher prise et vivre un moment de r\u00e9g\u00e9n\u00e9ration profonde demande un peu plus d\u2019intimit\u00e9.<\/p>\n<p>La plupart des spas se ressemblent en termes d\u2019offres, de techniques et de produits, jusque dans la d\u00e9coration standardis\u00e9e.<\/p>\n<p>Qu\u2019est-ce qui rend un spa unique?<\/p>\n<p>L\u2019originalit\u00e9 et la cr\u00e9ativit\u00e9.<\/p>\n<p>Une exp\u00e9rience holistique qui surprend et stimule tous vos sens.<\/p>\n<p>Un niveau de qualit\u00e9 exceptionnel, avec un service personnalis\u00e9 et attentionn\u00e9 qui prend en compte vos besoins et vos souhaits de mani\u00e8re sinc\u00e8re et authentique.<\/p>\n<p>Une offre coh\u00e9rente loin de la standardisation, avec des soins personnalis\u00e9s dispens\u00e9s dans un cadre privatis\u00e9 pour vous.<\/p>\n<h3><strong>Un spa \u00e9coresponsable<\/strong><\/h3>\n<p>Il faut dire que le tourisme, les voyages et les exp\u00e9riences spa vont souvent \u00e0 l\u2019encontre de la protection de l\u2019environnement et la durabilit\u00e9.<\/p>\n<p>L\u2019id\u00e9e de cr\u00e9er AjoieSpa est n\u00e9e de notre volont\u00e9 de concilier l\u2019exp\u00e9rience spa avec nos valeurs \u00e9coresponsables.<\/p>\n<p>L\u2019id\u00e9e m\u00eame du spa privatif s\u2019inscrit dans cette d\u00e9marche durable, puisque nos installations fonctionnent uniquement pour vos rendez-vous.<\/p>\n<p>Car, pour nous, hors de question d\u2019utiliser un chauffage au fioul et de traiter les bains chimiquement, comme c\u2019est le cas dans la plupart des spas et installations wellness d\u2019h\u00f4tels!<\/p>\n<p>Il est \u00e9vident qu\u2019une conception fond\u00e9e sur un nombre maximum d\u2019entr\u00e9es et la standardisation de l\u2019offre est bien loin de la volont\u00e9 qui est la n\u00f4tre de contribuer \u00e0 la protection de l\u2019environnement.<\/p>\n<p>Lors des travaux de r\u00e9novation il y a plus de dix ans, nous nous sommes raccord\u00e9s au syst\u00e8me de chauffage \u00e0 distance Thermor\u00e9seau de Porrentruy. La commune a par ailleurs d\u00e9j\u00e0 \u00e9t\u00e9 r\u00e9compens\u00e9e \u00e0 deux reprises pour sa politique \u00e9nerg\u00e9tique et pour ses initiatives en mati\u00e8re de d\u00e9veloppement des \u00e9nergies renouvelables.<\/p>\n<p>Nous \u00e9conomisons ainsi chaque jour des ressources importantes et notre d\u00e9marche nous permet de renoncer totalement aux additifs chimiques. Nous utilisons une eau pure, qui n\u2019est ni chlor\u00e9e, ni trait\u00e9e.<\/p>\n<p>Nous travaillons avec des produits cosm\u00e9tiques con\u00e7us en Suisse et fabriqu\u00e9s dans les montagnes jurassiennes. Ils sont certifi\u00e9s v\u00e9gans et biologiques, et sont issus d\u2019un laboratoire qui utilise la source d\u2019eau \u00e0 proximit\u00e9 du site de production et fabrique sous le label Smog Free, donc sans pollution.<\/p>\n<h3><strong>Faire votre choix<\/strong><\/h3>\n<p>Vous l\u2019aurez compris, nous privil\u00e9gions cette d\u00e9marche afin de vous offrir une exp\u00e9rience multisensorielle unique, qui soit \u00e9galement respectueuse de l\u2019environnement.<\/p>\n<p>Pour ces raisons, nous ne proposons pas d\u2019\u00abacc\u00e8s libre\u00bb au spa privatif.<\/p>\n<p>Si le libre acc\u00e8s au spa est un crit\u00e8re d\u00e9terminant dans votre choix de s\u00e9jour, alors AjoieSpa n\u2019est peut-\u00eatre pas le meilleur endroit pour vous. Vous serez mieux ailleurs!<\/p>","protected":false},"excerpt":{"rendered":"<p>&nbsp; NOS VALEURS Accueil personnalis\u00e9 Exp\u00e9rience Wellness &amp; Spa dans un cadre privatis\u00e9 appliquant les plus strictes mesures d\u2019hygi\u00e8ne, de s\u00e9curit\u00e9 et de distanciation depuis 10 ans Soins signatures sur mesure et soins holistiques Spa privatif \u00e9coresponsable fonctionnant avec l\u2019\u00e9nergie renouvelable Sur rendez-vous uniquement &nbsp; Dans l\u2019h\u00f4tellerie, le mot \u00abspa\u00bb fait vendre. C\u2019est l\u2019argument marketing &hellip;<\/p>\n<p class=\"read-more\"> <a class=\"\" href=\"https:\/\/staging-5.ajoiespa.ch\/en\/nos-valeurs\/\"> <span class=\"screen-reader-text\">Nos valeurs<\/span> Read More &raquo;<\/a><\/p>","protected":false},"author":1,"featured_media":0,"parent":0,"menu_order":0,"comment_status":"closed","ping_status":"closed","template":"","meta":[],"_links":{"self":[{"href":"https:\/\/staging-5.ajoiespa.ch\/en\/wp-json\/wp\/v2\/pages\/2876"}],"collection":[{"href":"https:\/\/staging-5.ajoiespa.ch\/en\/wp-json\/wp\/v2\/pages"}],"about":[{"href":"https:\/\/staging-5.ajoiespa.ch\/en\/wp-json\/wp\/v2\/types\/page"}],"author":[{"embeddable":true,"href":"https:\/\/staging-5.ajoiespa.ch\/en\/wp-json\/wp\/v2\/users\/1"}],"replies":[{"embeddable":true,"href":"https:\/\/staging-5.ajoiespa.ch\/en\/wp-json\/wp\/v2\/comments?post=2876"}],"version-history":[{"count":10,"href":"https:\/\/staging-5.ajoiespa.ch\/en\/wp-json\/wp\/v2\/pages\/2876\/revisions"}],"predecessor-version":[{"id":3145,"href":"https:\/\/staging-5.ajoiespa.ch\/en\/wp-json\/wp\/v2\/pages\/2876\/revisions\/3145"}],"wp:attachment":[{"href":"https:\/\/staging-5.ajoiespa.ch\/en\/wp-json\/wp\/v2\/media?parent=2876"}],"curies":[{"name":"wp","href":"https:\/\/api.w.org\/{rel}","templated":true}]}}