{"id":2454,"date":"2020-04-14T14:39:45","date_gmt":"2020-04-14T14:39:45","guid":{"rendered":"https:\/\/ajoiespa.ch\/?page_id=2454"},"modified":"2020-05-17T07:47:37","modified_gmt":"2020-05-17T07:47:37","slug":"conditions-generales","status":"publish","type":"page","link":"https:\/\/staging-5.ajoiespa.ch\/en\/conditions-generales\/","title":{"rendered":"Conditions g\u00e9n\u00e9rales"},"content":{"rendered":"<p>Conditions g\u00e9n\u00e9rales de vente (CGV)<\/p>\n<p>AjoieSpa S\u00e0rl, rue du Coll\u00e8ge 9, 2900 Porrentruy<\/p>\n<ol>\n<li>CHAMP D\u2019APPLICATION<\/li>\n<\/ol>\n<p>Les conditions g\u00e9n\u00e9rales de vente (CGV) suivantes s&rsquo;appliquent \u00e0 toutes les commandes pass\u00e9es via notre site web www.ajoiespa.ch. L&rsquo;offre sur ce site web s&rsquo;adresse exclusivement aux consommateurs r\u00e9sidant en Suisse (ci-apr\u00e8s d\u00e9nomm\u00e9s \u00ab\u00a0client\u00a0\u00bb).<\/p>\n<p>Un consommateur est une personne physique qui entretient avec AjoieSpa S\u00e0rl des relations d&rsquo;affaires qui ne peuvent \u00eatre attribu\u00e9es ni \u00e0 son activit\u00e9 commerciale ni \u00e0 son activit\u00e9 professionnelle ind\u00e9pendante. Les commandes en quantit\u00e9s non domestiques peuvent \u00eatre rejet\u00e9es sans justification.<\/p>\n<p>AjoieSpa S\u00e0rl se r\u00e9serve le droit de modifier ces conditions g\u00e9n\u00e9rales \u00e0 tout moment. Dans chaque cas, la version des pr\u00e9sentes conditions g\u00e9n\u00e9rales en vigueur au moment de la commande est d\u00e9terminante et ne peut \u00eatre modifi\u00e9e unilat\u00e9ralement pour cette commande. Les conditions divergentes des clients ne sont pas reconnues par ces CGV ou s&rsquo;y opposant.<\/p>\n<p>L&rsquo;op\u00e9rateur de cette pr\u00e9sence sur Internet est AjoieSpa S\u00e0rl (&gt;Link Imprint).<\/p>\n<p>AjoieSpa S\u00e0rl<\/p>\n<p>Rue du Coll\u00e8ge 9<\/p>\n<p>2900 Porrentruy<\/p>\n<p><a href=\"mailto:ajoiespa@ajoiespa.ch\">ajoiespa@ajoiespa.ch<\/a><\/p>\n<p><sub>\u00a0<\/sub><\/p>\n<ol start=\"2\">\n<li>INFORMATIONS<\/li>\n<\/ol>\n<p>AjoieSpa S\u00e0rl contient des informations sur les produits et services. Les prix et l&rsquo;assortiment ainsi que les modifications techniques sont susceptibles de changer. Toutes les informations figurant sur www.ajoiespa.ch (descriptions de produits, images, illustrations, films, dimensions, poids, sp\u00e9cifications techniques, ingr\u00e9dients, relations avec les accessoires et autres informations) sont fournies \u00e0 titre d&rsquo;illustration et doivent \u00eatre comprises comme des valeurs approximatives et ne sont pas contraignantes. En particulier, ils ne repr\u00e9sentent aucune assurance de propri\u00e9t\u00e9s ou de garanties, sauf indication contraire explicite. AjoieSpa S\u00e0rl s&rsquo;efforce de fournir toutes les donn\u00e9es et informations sur ce site web de mani\u00e8re correcte, compl\u00e8te, actualis\u00e9e et clairement organis\u00e9e, mais AjoieSpa S\u00e0rl ne peut le garantir ni explicitement ni implicitement.<\/p>\n<p>Toutes les offres pr\u00e9sent\u00e9es sur ce site sont sans engagement et ne doivent pas \u00eatre consid\u00e9r\u00e9es comme une offre ferme.<\/p>\n<p>AjoieSpa S\u00e0rl ne peut pas garantir que les produits list\u00e9s sont disponibles au moment de la commande. Par cons\u00e9quent, toutes les informations sur la disponibilit\u00e9 et les d\u00e9lais de livraison sont sans garantie et peuvent \u00eatre modifi\u00e9es \u00e0 tout moment et sans pr\u00e9avis.<\/p>\n<p>Les photos des Produits pr\u00e9sent\u00e9es sur www.ajoiespa.ch ne sont pas contractuelles.<\/p>\n<p>Produits cosm\u00e9tiques &#8211; Veuillez lire la liste d\u2019ingr\u00e9dients situ\u00e9e sur son emballage afin de vous assurer que les ingr\u00e9dients sont adapt\u00e9s \u00e0 votre utilisation personnelle.<\/p>\n<p>&nbsp;<\/p>\n<ol start=\"3\">\n<li>PRIX<\/li>\n<\/ol>\n<p>Les prix de vente indiqu\u00e9s sur AjoieSpa S\u00e0rl sont des prix finaux et comprennent, sauf indication contraire, la taxe sur la valeur ajout\u00e9e l\u00e9gale et toutes les autres charges l\u00e9gales telles que les redevances de recyclage anticip\u00e9 (VRG) ou les droits d&rsquo;auteur pour les \u00e9quipements \u00e9lectroniques. Les prix sont indiqu\u00e9s nets en francs suisses (CHF).<\/p>\n<p>Sauf disposition contraire, les frais d&rsquo;exp\u00e9dition seront factur\u00e9s en sus et devront \u00eatre pay\u00e9s par le client. Les frais d&rsquo;exp\u00e9dition sont indiqu\u00e9s s\u00e9par\u00e9ment dans le processus de commande.<\/p>\n<p>Sous r\u00e9serve de modifications techniques, d&rsquo;erreurs et de fautes d&rsquo;impression, en particulier AjoieSpa S\u00e0rl peut modifier les prix \u00e0 tout moment et sans pr\u00e9avis. Les prix de vente ne comprennent pas les services de conseil et d&rsquo;assistance.<\/p>\n<p>&nbsp;<\/p>\n<ol start=\"4\">\n<li>CONCLUSION DU CONTRAT<\/li>\n<\/ol>\n<p>Les produits et les prix figurant sur ce site web sont des offres sans engagement.<\/p>\n<p>En passant une commande via ce site web, y compris en acceptant les pr\u00e9sentes conditions g\u00e9n\u00e9rales, le client fait une offre juridiquement contraignante de conclure un contrat. Ensuite, AjoieSpa S\u00e0rl envoie une \u00ab\u00a0confirmation de commande\u00a0\u00bb automatique par courrier \u00e9lectronique, qui confirme que l&rsquo;offre du client a \u00e9t\u00e9 re\u00e7ue par AjoieSpa S\u00e0rl. Les commandes pass\u00e9es sont contraignantes pour le client. Sauf indication contraire, il n&rsquo;existe pas de droit de retour ou de retrait.<\/p>\n<p>Le contrat est conclu d\u00e8s que AjoieSpa S\u00e0rl envoie une d\u00e9claration d&rsquo;acceptation par e-mail, dans laquelle l&rsquo;envoi des produits ou services command\u00e9s est confirm\u00e9.<\/p>\n<p>Les commandes ne seront livr\u00e9es qu&rsquo;apr\u00e8s r\u00e9ception du paiement int\u00e9gral (exception : livraison contre facture) et si les marchandises sont disponibles. S&rsquo;il s&rsquo;av\u00e8re apr\u00e8s la conclusion du contrat que les marchandises command\u00e9es ne peuvent pas \u00eatre livr\u00e9es ou ne le sont pas compl\u00e8tement, AjoieSpa S\u00e0rl est en droit de se retirer de l&rsquo;ensemble du contrat ou d&rsquo;une partie du contrat. Si le paiement du client a d\u00e9j\u00e0 \u00e9t\u00e9 re\u00e7u par AjoieSpa S\u00e0rl le paiement sera rembours\u00e9 au client. Si aucun paiement n&rsquo;a encore \u00e9t\u00e9 effectu\u00e9, le client est lib\u00e9r\u00e9 de l&rsquo;obligation de payer. AjoieSpa S\u00e0rl n&rsquo;est pas oblig\u00e9 d&rsquo;effectuer une livraison de remplacement en cas de r\u00e9siliation du contrat.<\/p>\n<p>&nbsp;<\/p>\n<ol start=\"5\">\n<li>MODALIT\u00c9S DE PAIEMENT<\/li>\n<\/ol>\n<p>Le client a \u00e0 sa disposition les options de paiement indiqu\u00e9es dans le processus de commande.<\/p>\n<p>AjoieSpa S\u00e0rl accepte les modes de paiement suivants.<\/p>\n<p>Virement bancaire &#8211; En cas de virement bancaire \u00e0 l&rsquo;avance, le Client organise le virement du montant \u00e0 payer dans les 3 jours suivant la conclusion du contrat sur le compte bancaire de AjoieSpa S\u00e0rl (les coordonn\u00e9es bancaires sont indiqu\u00e9es dans l&rsquo;e-mail de confirmation de commande et dans les mentions l\u00e9gales). L&rsquo;exp\u00e9dition a lieu seulement apr\u00e8s r\u00e9ception du paiement.<\/p>\n<p>Paypal &#8211; Vous r\u00e9glez le montant de la facture par le prestataire en ligne PayPal \u00e0 la fin de votre commande. Vous devez y \u00eatre enregistr\u00e9 ou vous enregistrer. Vous vous connectez avec vos identifiants de compte PayPal et confirmez le paiement. Vous trouverez d\u2019autres informations lors du processus de commande. Vous trouverez des informations concernant sa politique de protection des donn\u00e9es ici.<\/p>\n<p><a href=\"https:\/\/www.paypal.com\/en\/webapps\/mpp\/ua\/privacy-full\">https:\/\/www.paypal.com\/en\/webapps\/mpp\/ua\/privacy-full<\/a><\/p>\n<p>Les commandes ne seront livr\u00e9es qu&rsquo;apr\u00e8s r\u00e9ception du paiement int\u00e9gral.<\/p>\n<p>AjoieSpa S\u00e0rl se r\u00e9serve le droit d&rsquo;exclure des clients de certaines options de paiement sans en donner les raisons ou d&rsquo;exiger un paiement anticip\u00e9.<\/p>\n<p>AjoieSpa S\u00e0rl peut facturer des int\u00e9r\u00eats de retard de 5 % par an ainsi que des frais de rappel de 20,00 CHF maximum par rappel si le client est en d\u00e9faut de paiement.<\/p>\n<p>Les produits livr\u00e9s au client restent la propri\u00e9t\u00e9 de AjoieSpa S\u00e0rl jusqu&rsquo;au paiement complet.<\/p>\n<p>&nbsp;<\/p>\n<ol start=\"6\">\n<li>LIVRAISON ET TRANSPORT<\/li>\n<\/ol>\n<p>AjoieSpa S\u00e0rl livre les colis de Produits et les Bons Cadeaux \/ Cartes Cadeaux en Suisse.<\/p>\n<p>Les livraisons sont envoy\u00e9es par La Poste \u00e0 l&rsquo;adresse indiqu\u00e9e par le client dans la commande.<\/p>\n<p>AjoieSpa S\u00e0rl s&rsquo;efforce de maintenir les d\u00e9lais de livraison aussi courts que possible. Les d\u00e9lais de livraison indiqu\u00e9s dans la confirmation de commande ne sont pas contraignants. AjoieSpa S\u00e0rl a droit \u00e0 des livraisons partielles. Dans ce cas, les frais d&rsquo;exp\u00e9dition ne seront factur\u00e9s au client qu&rsquo;une seule fois.<\/p>\n<p>En cas d&rsquo;absence du Client lors du passage du livreur, le Client devra se r\u00e9f\u00e9rer aux conditions de chacun des prestataires de livraison pour savoir quelles sont les modalit\u00e9s \u00e0 suivre pour r\u00e9cup\u00e9rer le produit.<\/p>\n<p>Si la livraison n&rsquo;est pas livrable ou si le client refuse d&rsquo;accepter la livraison, AjoieSpa S\u00e0rl peut r\u00e9silier le contrat apr\u00e8s notification par courrier \u00e9lectronique au client et sous r\u00e9serve d&rsquo;un r\u00e9pit appropri\u00e9, ainsi que facturer les co\u00fbts des efforts d\u00e9ploy\u00e9s.<\/p>\n<p>La propri\u00e9t\u00e9 des Produits mat\u00e9riels \u00e9tant transf\u00e9r\u00e9e d\u00e8s l&rsquo;acceptation de la livraison, il appartient au Client de v\u00e9rifier le colis \u00e0 la r\u00e9ception, de faire toutes r\u00e9serves et r\u00e9clamations qui appara\u00eetraient justifi\u00e9es aupr\u00e8s du livreur et les signaler sur le bon de livraison joint au colis. Si les Produits livr\u00e9s ne sont pas conformes en nature ou en qualit\u00e9 aux sp\u00e9cifications indiqu\u00e9es dans le bon de livraison, lesdites r\u00e9serves et r\u00e9clamations doivent \u00eatre ensuite adress\u00e9es \u00e0 AjoieSpa S\u00e0rl, Rue du Coll\u00e8ge 9, 2900 Porrentruy, par lettre recommand\u00e9e avec accus\u00e9 de r\u00e9ception dans les 48 heures suivant la r\u00e9ception des Produits, en joignant imp\u00e9rativement le colis concern\u00e9. Pass\u00e9 ce d\u00e9lai, aucune r\u00e9clamation ne pourra \u00eatre prise en compte.<\/p>\n<p>Les retours \u00e0 AjoieSpa S\u00e0rl se font aux frais et aux risques du client. Le client doit envoyer la marchandise dans son emballage d&rsquo;origine, avec tous les accessoires et accompagn\u00e9e du bon de livraison et d&rsquo;une description d\u00e9taill\u00e9e des d\u00e9fauts \u00e0 l&rsquo;adresse de retour indiqu\u00e9e par AjoieSpa S\u00e0rl Mentions l\u00e9gales (&gt;Lien).<\/p>\n<p>Si l&rsquo;examen par AjoieSpa S\u00e0rl montre que les marchandises ne pr\u00e9sentent aucun d\u00e9faut d\u00e9celable ou qu&rsquo;elles ne sont pas couvertes par la garantie du fabricant, AjoieSpa S\u00e0rl peut facturer au client le travail, le retour ou l&rsquo;\u00e9limination \u00e9ventuelle.<\/p>\n<p>&nbsp;<\/p>\n<ol start=\"7\">\n<li>DROIT DE R\u00c9TRACTATION \/ RETOURS<\/li>\n<\/ol>\n<p>Le client se voit accorder un droit de r\u00e9tractation pendant 7 jours civils apr\u00e8s la r\u00e9ception des marchandises. Le d\u00e9lai est consid\u00e9r\u00e9 comme respect\u00e9 si le client envoie la r\u00e9siliation \u00e9crite par e-mail <a href=\"mailto:ajoiespa@ajoiespa.ch\">ajoiespa@ajoiespa.ch<\/a> ou par lettre (AjoieSpa S\u00e0rl, rue du Coll\u00e8ge 9, 2900 Porrentruy \u00a0&gt;lien) dans le d\u00e9lai \u00e0 AjoieSpa S\u00e0rl. La r\u00e9vocation n&rsquo;a pas besoin d&rsquo;\u00eatre motiv\u00e9e.<\/p>\n<p>L&rsquo;exercice du droit de r\u00e9vocation entra\u00eene une annulation du contrat. Le client doit retourner la marchandise dans un d\u00e9lai de 7 jours calendaires, dans son emballage d&rsquo;origine, avec tous les accessoires et accompagn\u00e9e du bon de livraison, \u00e0 l&rsquo;adresse de retour indiqu\u00e9e par AjoieSpa S\u00e0rl dans les mentions l\u00e9gales (&gt;Lien). Les retours \u00e0 AjoieSpa S\u00e0rl se font aux frais et aux risques du client. Tout paiement d\u00e9j\u00e0 effectu\u00e9 sera rembours\u00e9 au client dans les 30 jours civils si AjoieSpa S\u00e0rl a d\u00e9j\u00e0 re\u00e7u la marchandise en retour ou si le client peut fournir une preuve d&rsquo;exp\u00e9dition.<\/p>\n<p>AjoieSpa S\u00e0rl se r\u00e9serve le droit d&rsquo;exiger une indemnisation appropri\u00e9e pour les dommages, l&rsquo;usure excessive ou la perte de valeur due \u00e0 une mauvaise manipulation et de d\u00e9duire la r\u00e9duction de valeur du prix d&rsquo;achat d\u00e9j\u00e0 pay\u00e9 ou de la facturer au client.<\/p>\n<p>Dans les cas suivants, aucun droit de r\u00e9tractation n&rsquo;est accord\u00e9 :<\/p>\n<p>Pour les Produits cosm\u00e9tiques et, pour des raisons d\u2019hygi\u00e8ne et de protection de la sant\u00e9, AjoieSpa S\u00e0rl n&rsquo;accorde au client aucun d\u00e9lai de r\u00e9tractation et aucun droit de retour. Le contrat d&rsquo;achat est juridiquement contraignant \u00e0 la conclusion de votre commande en ligne.<\/p>\n<p>Tout retour d\u2019une Bon Cadeau \/ Carte Cadeau qui ne r\u00e9sulte pas de l&rsquo;exercice de la garantie l\u00e9gale ou du droit de r\u00e9tractation ne sera pas pris en compte. La Carte Cadeau ne sera ni remplac\u00e9e, ni rembours\u00e9e en cas de perte, de vol, de falsification ou de fin de validit\u00e9.<\/p>\n<p>&nbsp;<\/p>\n<ol start=\"8\">\n<li>GARANTIE<\/li>\n<\/ol>\n<p>AjoieSpa S\u00e0rl s&rsquo;efforce de livrer des marchandises de qualit\u00e9 parfaite.<\/p>\n<p>AjoieSpa S\u00e0rl livre uniquement des produits neufs et garantissant la qualit\u00e9 du fabricant et de la marque. AjoieSpa S\u00e0rl d\u00e9cline toute responsabilit\u00e9 concernant le fait que certains produits soient conformes aux attentes du client ou qu\u2019ils soient en mesure de remplir les objectifs fix\u00e9s par le client.<\/p>\n<p>AjoieSpa S\u00e0rl rappelle \u00e0 ses clients que les produits cosm\u00e9tiques doivent \u00eatre conserv\u00e9s \u00e0 l&rsquo;abri de l&rsquo;humidit\u00e9, d&rsquo;une temp\u00e9rature trop \u00e9lev\u00e9e ou d&rsquo;une luminosit\u00e9 trop intense et peuvent \u00eatre soumis \u00e0 une date de p\u00e9remption. Seront donc exclus de la garantie les Produits Cosm\u00e9tiques qui n&rsquo;auraient pas \u00e9t\u00e9 stock\u00e9s dans les conditions pr\u00e9cit\u00e9es.<\/p>\n<p>Les huiles essentielles sont fortement d\u00e9conseill\u00e9es aux femmes enceintes ou en p\u00e9riode d&rsquo;allaitement, ainsi qu&rsquo;aux personnes souffrant de troubles neurologiques tels que l&rsquo;\u00e9pilepsie et\/ou allergies. Ces contre-indications ne sont pas exhaustives, demander conseil de voter m\u00e9decin concernant l&rsquo;utilisation des produits pr\u00e9sents sur le catalogue de vente.<\/p>\n<p>AjoieSpa S\u00e0rl il n&rsquo;est pas possible de donner des assurances ou des garanties quant \u00e0 l&rsquo;actualit\u00e9, l&rsquo;exhaustivit\u00e9 et l&rsquo;exactitude des donn\u00e9es ainsi qu&rsquo;\u00e0 la disponibilit\u00e9 permanente ou sans interruption du site web, de ses fonctionnalit\u00e9s, des hyperliens int\u00e9gr\u00e9s et des autres contenus. En particulier, il n&rsquo;est ni assur\u00e9 ni garanti que l&rsquo;utilisation du site web ne viole pas les droits des tiers qui ne sont pas en possession de AjoieSpa S\u00e0rl.<\/p>\n<p>Les dispositions des pr\u00e9sentes ne peuvent priver l&rsquo;acheteur de la garantie l\u00e9gale qui oblige le vendeur professionnel \u00e0 le garantir contre toutes les cons\u00e9quences des vices cach\u00e9s de la chose vendue. L&rsquo;acheteur est express\u00e9ment inform\u00e9 que AjoieSpa S\u00e0rl n&rsquo;est pas le producteur des produits pr\u00e9sent\u00e9s dans le cadre du site Internet AjoieSpa S\u00e0rl relativement \u00e0 la responsabilit\u00e9 du fait des produits d\u00e9fectueux. En cons\u00e9quence, en cas de dommages caus\u00e9s \u00e0 une personne ou \u00e0 un bien par un d\u00e9faut du produit, seule la responsabilit\u00e9 du producteur de celui-ci pourra \u00eatre recherch\u00e9e par l&rsquo;acheteur, sur la base des informations figurant sur l&#8217;emballage dudit produit.<\/p>\n<p>&nbsp;<\/p>\n<ol start=\"9\">\n<li>RESPONSABILIT\u00c9<\/li>\n<\/ol>\n<p>AjoieSpa S\u00e0rl exclut toute responsabilit\u00e9, quel que soit son fondement juridique, ainsi que les demandes de dommages et int\u00e9r\u00eats \u00e0 l&rsquo;encontre de AjoieSpa S\u00e0rl et d&rsquo;\u00e9ventuels auxiliaires et agents d&rsquo;ex\u00e9cution. AjoieSpa S\u00e0rl n&rsquo;est notamment pas responsable des dommages indirects et des dommages cons\u00e9cutifs, du manque \u00e0 gagner ou d&rsquo;autres pertes personnelles, mat\u00e9rielles et financi\u00e8res pures du client. Le droit est r\u00e9serv\u00e9 \u00e0 une responsabilit\u00e9 l\u00e9gale obligatoire plus \u00e9tendue, par exemple en cas de n\u00e9gligence grave ou d&rsquo;intention ill\u00e9gale.<\/p>\n<p>AjoieSpa S\u00e0rl utilise les hyperliens uniquement pour l&rsquo;acc\u00e8s simplifi\u00e9 du client \u00e0 d&rsquo;autres offres sur le web. AjoieSpa S\u00e0rl ne peut ni conna\u00eetre le contenu de ces offres en d\u00e9tail, ni assumer la responsabilit\u00e9 ou toute autre responsabilit\u00e9 pour le contenu de ces sites web.<\/p>\n<p>&nbsp;<\/p>\n<ol start=\"10\">\n<li>PROTECTION DES DONN\u00c9ES<\/li>\n<\/ol>\n<p>AjoieSpa S\u00e0rl peut traiter et utiliser les donn\u00e9es enregistr\u00e9es dans le cadre de la conclusion du contrat pour remplir les obligations d\u00e9coulant du contrat d&rsquo;achat et peut les utiliser \u00e0 des fins de marketing. Les donn\u00e9es n\u00e9cessaires \u00e0 l&rsquo;ex\u00e9cution des services peuvent \u00e9galement \u00eatre transmises \u00e0 des partenaires de services mandat\u00e9s (partenaires logistiques) ou \u00e0 d&rsquo;autres tiers.<\/p>\n<p>La r\u00e9glementation sur la protection des donn\u00e9es est disponible en d\u00e9tail sous le lien suivant : (&gt;Lien vers la protection des donn\u00e9es)<\/p>\n<p>&nbsp;<\/p>\n<ol start=\"11\">\n<li>CLAUSE DE SAUVGARDE<\/li>\n<\/ol>\n<p>Si certaines dispositions des pr\u00e9sentes CGV s&rsquo;av\u00e8rent invalides ou inapplicables ou deviennent invalides ou inapplicables, la validit\u00e9 des autres dispositions n&rsquo;en est pas affect\u00e9e.<\/p>\n<p>&nbsp;<\/p>\n<ol start=\"12\">\n<li>AUTRES DISPOSITIONS<\/li>\n<\/ol>\n<p>AjoieSpa S\u00e0rl se r\u00e9serve express\u00e9ment le droit de modifier les pr\u00e9sentes conditions g\u00e9n\u00e9rales \u00e0 tout moment et de les mettre en vigueur sans pr\u00e9avis.<\/p>\n<p>En cas de litige, seul le droit mat\u00e9riel suisse est applicable, \u00e0 l&rsquo;exclusion des dispositions de conflit de lois. La Convention des Nations unies sur les ventes (CVIM, Convention de Vienne sur les ventes) est explicitement exclue.<\/p>\n<p>La langue fran\u00e7aise fait foi pour la conclusion du contrat.<\/p>\n<p>&nbsp;<\/p>\n<ol start=\"13\">\n<li>DROIT APPLICABLE ET FOR JURIDIQUE<\/li>\n<\/ol>\n<p>Le droit applicable est le droit Suisse, et tout litige sera trait\u00e9 par le Tribunal de Porrentruy, JU<\/p>\n<p>&nbsp;<\/p>\n<p>Si vous avez des questions concernant ces conditions g\u00e9n\u00e9rales, veuillez nous contacter :<\/p>\n<p>AjoieSpa S\u00e0rl<\/p>\n<p>Rue du Coll\u00e8ge 9<\/p>\n<p>2900 Porrentruy<\/p>\n<p>ajoiespa@ajoiespa.ch<\/p>","protected":false},"excerpt":{"rendered":"<p>Conditions g\u00e9n\u00e9rales de vente (CGV) AjoieSpa S\u00e0rl, rue du Coll\u00e8ge 9, 2900 Porrentruy CHAMP D\u2019APPLICATION Les conditions g\u00e9n\u00e9rales de vente (CGV) suivantes s&rsquo;appliquent \u00e0 toutes les commandes pass\u00e9es via notre site web www.ajoiespa.ch. L&rsquo;offre sur ce site web s&rsquo;adresse exclusivement aux consommateurs r\u00e9sidant en Suisse (ci-apr\u00e8s d\u00e9nomm\u00e9s \u00ab\u00a0client\u00a0\u00bb). Un consommateur est une personne physique qui &hellip;<\/p>\n<p class=\"read-more\"> <a class=\"\" href=\"https:\/\/staging-5.ajoiespa.ch\/en\/conditions-generales\/\"> <span class=\"screen-reader-text\">Conditions g\u00e9n\u00e9rales<\/span> Read More &raquo;<\/a><\/p>","protected":false},"author":1,"featured_media":0,"parent":0,"menu_order":0,"comment_status":"closed","ping_status":"closed","template":"","meta":[],"_links":{"self":[{"href":"https:\/\/staging-5.ajoiespa.ch\/en\/wp-json\/wp\/v2\/pages\/2454"}],"collection":[{"href":"https:\/\/staging-5.ajoiespa.ch\/en\/wp-json\/wp\/v2\/pages"}],"about":[{"href":"https:\/\/staging-5.ajoiespa.ch\/en\/wp-json\/wp\/v2\/types\/page"}],"author":[{"embeddable":true,"href":"https:\/\/staging-5.ajoiespa.ch\/en\/wp-json\/wp\/v2\/users\/1"}],"replies":[{"embeddable":true,"href":"https:\/\/staging-5.ajoiespa.ch\/en\/wp-json\/wp\/v2\/comments?post=2454"}],"version-history":[{"count":4,"href":"https:\/\/staging-5.ajoiespa.ch\/en\/wp-json\/wp\/v2\/pages\/2454\/revisions"}],"predecessor-version":[{"id":2887,"href":"https:\/\/staging-5.ajoiespa.ch\/en\/wp-json\/wp\/v2\/pages\/2454\/revisions\/2887"}],"wp:attachment":[{"href":"https:\/\/staging-5.ajoiespa.ch\/en\/wp-json\/wp\/v2\/media?parent=2454"}],"curies":[{"name":"wp","href":"https:\/\/api.w.org\/{rel}","templated":true}]}}