{"id":2089,"date":"2019-12-06T14:33:22","date_gmt":"2019-12-06T14:33:22","guid":{"rendered":"https:\/\/ajoiespa.ch\/?page_id=2089"},"modified":"2019-12-30T15:58:58","modified_gmt":"2019-12-30T15:58:58","slug":"blog","status":"publish","type":"page","link":"https:\/\/staging-5.ajoiespa.ch\/en\/blog\/","title":{"rendered":"BLOG"},"content":{"rendered":"<h1>\n\t\t\t\tLE BLOG\n\t\t\t<\/h1>\n\t\t\t\t\t\t\t\t\t\t\t\t\t\t<a href=\"https:\/\/staging-5.ajoiespa.ch\/en\/porrentruy-notre-parti-pris-concernant-la-qualite-de-vie-intimement-lie-a-notre-region\/\" target=\"_self\" title=\"Porrentruy | Notre parti pris concernant la qualit\u00e9 de vie, intimement li\u00e9 \u00e0 notre r\u00e9gion\" rel=\"noopener noreferrer\">\n\t\t\t\t<img src=\"https:\/\/staging-5.ajoiespa.ch\/wp-content\/uploads\/2019\/12\/11-1024x683.jpg\" alt=\"\" \/>\n\t\t\t\t<\/a>\n\t\t\t\t\t\t<h3>\n\t\t\t\t<a href=https:\/\/staging-5.ajoiespa.ch\/en\/porrentruy-notre-parti-pris-concernant-la-qualite-de-vie-intimement-lie-a-notre-region\/ title=\"Porrentruy | Notre parti pris concernant la qualit\u00e9 de vie, intimement li\u00e9 \u00e0 notre r\u00e9gion\" tabindex=\"0\">Porrentruy | Notre parti pris concernant la qualit\u00e9 de vie, intimement li\u00e9 \u00e0 notre r\u00e9gion<\/a>\t\t\t<\/h3>\n\t\t\t<a href=\"https:\/\/staging-5.ajoiespa.ch\/en\/porrentruy-notre-parti-pris-concernant-la-qualite-de-vie-intimement-lie-a-notre-region\/\" target=\"_self\" role=\"button\" rel=\"noopener noreferrer\">\n\t\t\t\t\t\t\tLIRE\n\t\t<\/a>\n\t\t\t\t\t\t\t\t\t\t\t\t\t\t<a href=\"https:\/\/staging-5.ajoiespa.ch\/en\/le-rituel-soin-un-moment-de-reconnexion-a-soi\/\" target=\"_self\" title=\"Le rituel soin, un moment de reconnexion \u00e0 soi\" rel=\"noopener noreferrer\">\n\t\t\t\t<img src=\"https:\/\/staging-5.ajoiespa.ch\/wp-content\/uploads\/2019\/12\/6-1024x683.jpg\" alt=\"\" \/>\n\t\t\t\t<\/a>\n\t\t\t\t\t\t<h3>\n\t\t\t\t<a href=https:\/\/staging-5.ajoiespa.ch\/en\/le-rituel-soin-un-moment-de-reconnexion-a-soi\/ title=\"Le rituel soin, un moment de reconnexion \u00e0 soi\" tabindex=\"0\">Le rituel soin, un moment de reconnexion \u00e0 soi<\/a>\t\t\t<\/h3>\n\t\t\t<a href=\"https:\/\/staging-5.ajoiespa.ch\/en\/le-rituel-soin-un-moment-de-reconnexion-a-soi\/\" target=\"_self\" role=\"button\" rel=\"noopener noreferrer\">\n\t\t\t\t\t\t\tLIRE\n\t\t<\/a>\n\t\t\t\t\t\t\t\t\t\t\t\t\t\t<a href=\"https:\/\/staging-5.ajoiespa.ch\/en\/le-silence-un-luxe-a-soffrir-soi-meme\/\" target=\"_self\" title=\"Le silence, un luxe \u00e0 s&rsquo;offrir soi-m\u00eame\" rel=\"noopener noreferrer\">\n\t\t\t\t<img src=\"https:\/\/staging-5.ajoiespa.ch\/wp-content\/uploads\/2019\/12\/13-1024x683.jpg\" alt=\"\" \/>\n\t\t\t\t<\/a>\n\t\t\t\t\t\t<h3>\n\t\t\t\t<a href=https:\/\/staging-5.ajoiespa.ch\/en\/le-silence-un-luxe-a-soffrir-soi-meme\/ title=\"Le silence, un luxe \u00e0 s&rsquo;offrir soi-m\u00eame\" tabindex=\"0\">Le silence, un luxe \u00e0 s&rsquo;offrir soi-m\u00eame<\/a>\t\t\t<\/h3>\n\t\t\t<a href=\"https:\/\/staging-5.ajoiespa.ch\/en\/le-silence-un-luxe-a-soffrir-soi-meme\/\" target=\"_self\" role=\"button\" rel=\"noopener noreferrer\">\n\t\t\t\t\t\t\tLIRE\n\t\t<\/a>\n\t\t\t\t\t\t\t\t\t\t\t\t\t\t<a href=\"https:\/\/staging-5.ajoiespa.ch\/en\/quelle-est-votre-definition-de-la-qualite-de-vie\/\" target=\"_self\" title=\"Quelle est votre d\u00e9finition de la qualit\u00e9 de vie?\" rel=\"noopener noreferrer\">\n\t\t\t\t<img src=\"https:\/\/staging-5.ajoiespa.ch\/wp-content\/uploads\/2019\/12\/5-1024x683.jpg\" alt=\"\" \/>\n\t\t\t\t<\/a>\n\t\t\t\t\t\t<h3>\n\t\t\t\t<a href=https:\/\/staging-5.ajoiespa.ch\/en\/quelle-est-votre-definition-de-la-qualite-de-vie\/ title=\"Quelle est votre d\u00e9finition de la qualit\u00e9 de vie?\" tabindex=\"0\">Quelle est votre d\u00e9finition de la qualit\u00e9 de vie?<\/a>\t\t\t<\/h3>\n\t\t\t<a href=\"https:\/\/staging-5.ajoiespa.ch\/en\/quelle-est-votre-definition-de-la-qualite-de-vie\/\" target=\"_self\" role=\"button\" rel=\"noopener noreferrer\">\n\t\t\t\t\t\t\tLIRE\n\t\t<\/a>\n\t\t\t\t\t\t\t\t\t\t\t\t\t\t<a href=\"https:\/\/staging-5.ajoiespa.ch\/en\/le-nouveau-bain-love-sur-mesure\/\" target=\"_self\" title=\"3 nouvelles exp\u00e9riences sur mesure pour les couples\" rel=\"noopener noreferrer\">\n\t\t\t\t<img src=\"https:\/\/staging-5.ajoiespa.ch\/wp-content\/uploads\/2019\/12\/4-1024x683.jpg\" alt=\"\" \/>\n\t\t\t\t<\/a>\n\t\t\t\t\t\t<h3>\n\t\t\t\t<a href=https:\/\/staging-5.ajoiespa.ch\/en\/le-nouveau-bain-love-sur-mesure\/ title=\"3 nouvelles exp\u00e9riences sur mesure pour les couples\" tabindex=\"0\">3 nouvelles exp\u00e9riences sur mesure pour les couples<\/a>\t\t\t<\/h3>\n\t\t\t<a href=\"https:\/\/staging-5.ajoiespa.ch\/en\/le-nouveau-bain-love-sur-mesure\/\" target=\"_self\" role=\"button\" rel=\"noopener noreferrer\">\n\t\t\t\t\t\t\tLIRE\n\t\t<\/a>\n\t\t\t\t\t\t\t\t\t\t\t\t\t\t<a href=\"https:\/\/staging-5.ajoiespa.ch\/en\/phyto-5-des-cosmetiques-fabriques-au-coeur-des-montagnes-jurassiennes\/\" target=\"_self\" title=\"Phyto 5, des cosm\u00e9tiques fabriqu\u00e9s au coeur des montagnes jurassiennes\" rel=\"noopener noreferrer\">\n\t\t\t\t<img src=\"https:\/\/staging-5.ajoiespa.ch\/wp-content\/uploads\/2019\/12\/Creux-du-Van_3276_54350a97cda.jpg\" alt=\"\" \/>\n\t\t\t\t<\/a>\n\t\t\t\t\t\t<h3>\n\t\t\t\t<a href=https:\/\/staging-5.ajoiespa.ch\/en\/phyto-5-des-cosmetiques-fabriques-au-coeur-des-montagnes-jurassiennes\/ title=\"Phyto 5, des cosm\u00e9tiques fabriqu\u00e9s au coeur des montagnes jurassiennes\" tabindex=\"0\">Phyto 5, des cosm\u00e9tiques fabriqu\u00e9s au coeur des montagnes jurassiennes<\/a>\t\t\t<\/h3>\n\t\t\t<a href=\"https:\/\/staging-5.ajoiespa.ch\/en\/phyto-5-des-cosmetiques-fabriques-au-coeur-des-montagnes-jurassiennes\/\" target=\"_self\" role=\"button\" rel=\"noopener noreferrer\">\n\t\t\t\t\t\t\tLIRE\n\t\t<\/a>\n\t\t\t\t\t\t\t\t\t\t\t\t\t\t<a href=\"https:\/\/staging-5.ajoiespa.ch\/en\/lhistoire-et-les-raisons-de-notre-nouvelle-collaboration-avec-la-marque-swiss-made-phyto-5\/\" target=\"_self\" title=\"L&rsquo;histoire et les raisons de notre nouvelle collaboration avec Phyto 5\" rel=\"noopener noreferrer\">\n\t\t\t\t<img src=\"https:\/\/staging-5.ajoiespa.ch\/wp-content\/uploads\/2019\/12\/8-1-1024x683.jpg\" alt=\"\" \/>\n\t\t\t\t<\/a>\n\t\t\t\t\t\t<h3>\n\t\t\t\t<a href=https:\/\/staging-5.ajoiespa.ch\/en\/lhistoire-et-les-raisons-de-notre-nouvelle-collaboration-avec-la-marque-swiss-made-phyto-5\/ title=\"L&rsquo;histoire et les raisons de notre nouvelle collaboration avec Phyto 5\" tabindex=\"0\">L&rsquo;histoire et les raisons de notre nouvelle collaboration avec Phyto 5<\/a>\t\t\t<\/h3>\n\t\t\t<a href=\"https:\/\/staging-5.ajoiespa.ch\/en\/lhistoire-et-les-raisons-de-notre-nouvelle-collaboration-avec-la-marque-swiss-made-phyto-5\/\" target=\"_self\" role=\"button\" rel=\"noopener noreferrer\">\n\t\t\t\t\t\t\tLIRE\n\t\t<\/a>","protected":false},"excerpt":{"rendered":"<p>LE BLOG Porrentruy | Notre parti pris concernant la qualit\u00e9 de vie, intimement li\u00e9 \u00e0 notre r\u00e9gion LIRE Le rituel soin, un moment de reconnexion \u00e0 soi LIRE Le silence, un luxe \u00e0 s&rsquo;offrir soi-m\u00eame LIRE Quelle est votre d\u00e9finition de la qualit\u00e9 de vie? LIRE 3 nouvelles exp\u00e9riences sur mesure pour les couples LIRE &hellip;<\/p>\n<p class=\"read-more\"> <a class=\"\" href=\"https:\/\/staging-5.ajoiespa.ch\/en\/blog\/\"> <span class=\"screen-reader-text\">BLOG<\/span> Read More &raquo;<\/a><\/p>","protected":false},"author":1,"featured_media":0,"parent":0,"menu_order":0,"comment_status":"closed","ping_status":"closed","template":"","meta":[],"_links":{"self":[{"href":"https:\/\/staging-5.ajoiespa.ch\/en\/wp-json\/wp\/v2\/pages\/2089"}],"collection":[{"href":"https:\/\/staging-5.ajoiespa.ch\/en\/wp-json\/wp\/v2\/pages"}],"about":[{"href":"https:\/\/staging-5.ajoiespa.ch\/en\/wp-json\/wp\/v2\/types\/page"}],"author":[{"embeddable":true,"href":"https:\/\/staging-5.ajoiespa.ch\/en\/wp-json\/wp\/v2\/users\/1"}],"replies":[{"embeddable":true,"href":"https:\/\/staging-5.ajoiespa.ch\/en\/wp-json\/wp\/v2\/comments?post=2089"}],"version-history":[{"count":8,"href":"https:\/\/staging-5.ajoiespa.ch\/en\/wp-json\/wp\/v2\/pages\/2089\/revisions"}],"predecessor-version":[{"id":2251,"href":"https:\/\/staging-5.ajoiespa.ch\/en\/wp-json\/wp\/v2\/pages\/2089\/revisions\/2251"}],"wp:attachment":[{"href":"https:\/\/staging-5.ajoiespa.ch\/en\/wp-json\/wp\/v2\/media?parent=2089"}],"curies":[{"name":"wp","href":"https:\/\/api.w.org\/{rel}","templated":true}]}}