{"id":16,"date":"2019-02-28T21:28:26","date_gmt":"2019-02-28T21:28:26","guid":{"rendered":"https:\/\/websitedemos.net\/alex33\/?page_id=16"},"modified":"2019-09-03T06:40:59","modified_gmt":"2019-09-03T06:40:59","slug":"contact","status":"publish","type":"page","link":"https:\/\/staging-5.ajoiespa.ch\/en\/contact\/","title":{"rendered":"Contact"},"content":{"rendered":"<h1>\n\t\t\t\tACC\u00c8S &#038; PARKING\n\t\t\t<\/h1>\n\t<center><iframe src=\"https:\/\/www.google.com\/maps\/embed?pb=!1m18!1m12!1m3!1d2699.844645942774!2d7.074433615857561!3d47.41497130918881!2m3!1f0!2f0!3f0!3m2!1i1024!2i768!4f13.1!3m3!1m2!1s0x4791f70fcb46a067%3A0x71eca714145a5210!2sAjoieSpa!5e0!3m2!1sde!2sch!4v1566742810374!5m2!1sde!2sch\" width=\"1200\" height=\"450\" frameborder=\"0\" allowfullscreen=\"\"><\/iframe><\/center>\n\t\t\t<h2>Parking<\/h2>\t\t\t\n\t<center><iframe src=\"https:\/\/www.google.com\/maps\/embed?pb=!1m18!1m12!1m3!1d2699.8851854872432!2d7.0722760151243875!3d47.414180609244426!2m3!1f0!2f0!3f0!3m2!1i1024!2i768!4f13.1!3m3!1m2!1s0x4791f7b20bbac4c5%3A0x79fdc68ddfd119e2!2sParking%20Rue%20Thurmann!5e0!3m2!1sde!2sch!4v1566801795457!5m2!1sde!2sch\" width=\"600\" height=\"450\" frameborder=\"0\" allowfullscreen=\"\"><\/iframe><\/center>\n\t\t\t\t<img loading=\"lazy\" src=\"https:\/\/staging-5.ajoiespa.ch\/wp-content\/uploads\/2019\/08\/ajoiespa_A6_prospekt_carte_crop-1024x999.jpg\" alt=\"AjoieSpa location map\" itemprop=\"image\" height=\"999\" width=\"1024\" title=\"AjoieSpa location map\" onerror=\"this.style.display='none'\"  \/>\n\t\t\t<h5>ADRESS<\/h5>\t\t\t\n\t\t\t\t<p>Rue du Coll\u00e8ge 9 | CH-2900 Porrentruy<\/p>\n\t\t\t<h5>HORAIRES D&rsquo;OUVERTURE<\/h5>\t\t\t\n\t\t\t\t<p>Tous les jours | 12:00 &#8211; 22:00<\/p>\n\t\t\t<h5>CONTACT<\/h5>\t\t\t\n\t\t\t\t<p>Phone: +41 32 466 16 47<br \/>Email: <a href=\"mailto:ajoiespa@ajoiespa.ch\" target=\"_blank\" rel=\"noopener noreferrer\">ajoiespa@ajoiespa.ch<\/a><\/p>\n<p>WhatsApp Reservation: +41 76 388 40 39<\/p>\n\t\t\t\t<h4>INSCRIVEZ-VOUS POUR RECEVOIR NOS OFFRES EN AVANT PREMIERE<\/h4>\n\t\t\t\t<h6><\/h6>\n\t\t\t\t<!-- Inline Block Space Fix \n\t\t\t\t-->\n\t\t\t\t<!-- Inline Block Space Fix\n\t\t\t\t-->\n\t\t\t\t\t<input type=\"email\" name=\"uabb-subscribe-form-email\" placeholder=\"Email\" \/>\n\t\t\t\t\t\t\t\t\t\t!\n\t\t\t\t<!-- Inline Block Space Fix\t\n\t\t\t\t--><!-- Inline Block Space Fix\t\n\t\t\t\t-->\n\t\t\t<a href=\"#\" target=\"_self\"   role=\"button\" rel=\"noopener noreferrer\">\n\t\t\t\t\t\t\tSIGN-UP\n\t\t<\/a>\n\t\t\t\t\t\tSomething went wrong. Please check your entries and try again.","protected":false},"excerpt":{"rendered":"<p>ACC\u00c8S &#038; PARKING Parking ADRESSE Rue du Coll\u00e8ge 9 | CH-2900 Porrentruy HORAIRES D&rsquo;OUVERTURE Tous les jours | 12:00 &#8211; 22:00 CONTACT T\u00e9l: +41 32 466 16 47Email: ajoiespa@ajoiespa.ch WhatsApp Reservation: +41 76 388 40 39 INSCRIVEZ-VOUS POUR RECEVOIR NOS OFFRES EN AVANT PREMIERE ! ABONNEZ-VOUS Something went wrong. Please check your entries and try &hellip;<\/p>\n<p class=\"read-more\"> <a class=\"\" href=\"https:\/\/staging-5.ajoiespa.ch\/en\/contact\/\"> <span class=\"screen-reader-text\">Contact<\/span> Read More &raquo;<\/a><\/p>","protected":false},"author":1,"featured_media":0,"parent":0,"menu_order":0,"comment_status":"closed","ping_status":"closed","template":"","meta":[],"_links":{"self":[{"href":"https:\/\/staging-5.ajoiespa.ch\/en\/wp-json\/wp\/v2\/pages\/16"}],"collection":[{"href":"https:\/\/staging-5.ajoiespa.ch\/en\/wp-json\/wp\/v2\/pages"}],"about":[{"href":"https:\/\/staging-5.ajoiespa.ch\/en\/wp-json\/wp\/v2\/types\/page"}],"author":[{"embeddable":true,"href":"https:\/\/staging-5.ajoiespa.ch\/en\/wp-json\/wp\/v2\/users\/1"}],"replies":[{"embeddable":true,"href":"https:\/\/staging-5.ajoiespa.ch\/en\/wp-json\/wp\/v2\/comments?post=16"}],"version-history":[{"count":16,"href":"https:\/\/staging-5.ajoiespa.ch\/en\/wp-json\/wp\/v2\/pages\/16\/revisions"}],"predecessor-version":[{"id":1585,"href":"https:\/\/staging-5.ajoiespa.ch\/en\/wp-json\/wp\/v2\/pages\/16\/revisions\/1585"}],"wp:attachment":[{"href":"https:\/\/staging-5.ajoiespa.ch\/en\/wp-json\/wp\/v2\/media?parent=16"}],"curies":[{"name":"wp","href":"https:\/\/api.w.org\/{rel}","templated":true}]}}