{"id":1031,"date":"2019-02-28T21:00:17","date_gmt":"2019-02-28T21:00:17","guid":{"rendered":"https:\/\/websitedemos.net\/alex33\/?page_id=6"},"modified":"2020-08-24T15:16:50","modified_gmt":"2020-08-24T15:16:50","slug":"home-2","status":"publish","type":"page","link":"https:\/\/staging-5.ajoiespa.ch\/en\/","title":{"rendered":"Home"},"content":{"rendered":"<h1>PRIVACY & PEACE OF MIND<\/h1>\t\t\t\n\t\t\t<a href=\"https:\/\/staging-5.ajoiespa.ch\/en\/spa\/\" target=\"_self\" rel=\"noopener noreferrer\">\n\t\t\t\t\t\t\t\tPRIVATE SPA\n\t\t\t\t\t\t\t<\/a>\n\t\t\t<a href=\"https:\/\/staging-5.ajoiespa.ch\/en\/suites-2\/\" target=\"_self\" rel=\"noopener noreferrer\">\n\t\t\t\t\t\t\t\tLES SUITES\n\t\t\t\t\t\t\t<\/a>\n\t\t\t<h2>\"A destination-place to go and unwind and rejuvenate\"<\/h2>\t\t\t\n\t<p>Welcome to AjoieSpa, a small boutique hotel with two romantic boho suites and private spa in Porrentruy.<\/p>\n<p>We are located in the city of Porrentruy\u2019s lovely Old Town, and our 12th century building is full of history.<\/p>\n<p>The diversity of the Ajoie landscape, along with its untouched and unspoiled nature, makes it an ideal destination for unwinding, rejuvenating and detoxifying.<\/p>\n<p>Romantic boho vibes abound! If you\u2019re looking for a place to relax and unwind or a place for a romantic getaway, you\u2019ll love AjoieSpa!<\/p>\n<p>AjoieSpa has been featured in print magazines and online, including NZZ am Sonntag, Encore Magazine, Annabelle, Cote Magazine, Illustr\u00e9 and Bolero as well as on national TV.<\/p>\n<p>What are you waiting for? \nBook now! We look forward to meeting you!<\/p>\n\t\t\t<a href=\"https:\/\/staging-5.ajoiespa.ch\/en\/nos-valeurs\/\" target=\"_self\" role=\"button\" rel=\"noopener noreferrer\">\n\t\t\t\t\t\t\tNOS VALEURS\n\t\t<\/a>\n\t\t\t<h6>#AjoieSpaPrive<\/h6><h2>LE SPA<\/h2>\t\t\t\n\t\t\t<a href=\"https:\/\/staging-5.ajoiespa.ch\/en\/spa\/\" target=\"_self\" role=\"button\" rel=\"noopener noreferrer\">\n\t\t\t\t\t\t\tSPA MENU\n\t\t<\/a>\n\t\t\t<h6>#AjoieSpaLifestyle<\/h6><h2>LES SUITES<\/h2>\t\t\t\n\t\t\t<a href=\"https:\/\/portal.freetobook.com\/reservations?w_id=40946&amp;w_tkn=nlJm9KHeqsC6Bsi1aA3bywAKY9cXygW5RLR9ayByGvQUUfhQ34p5J4JtekESV\" target=\"_blank\" rel=\"noopener noreferrer\" role=\"button\">\n\t\t\t\t\t\t\tBOOK NOW\n\t\t<\/a>\n\t\t\t<h6>Bons Cadeaux &#038; Produits de Beaut\u00e9<\/h6><h2>E-SHOP<\/h2>\t\t\t\n\t\t\t<a href=\"https:\/\/staging-5.ajoiespa.ch\/en\/boutique\/\" target=\"_self\" role=\"button\" rel=\"noopener noreferrer\">\n\t\t\t\t\t\t\tFREE DELIVERY\n\t\t<\/a>\n\t\t\t<h2>GIFT VOUCHERS<\/h2>\t\t\t\n\t\t<ul>\n<li>\n\t\t<a href=\"https:\/\/staging-5.ajoiespa.ch\/en\/product\/bon-cadeau-chf-100\/\"><img width=\"300\" height=\"181\" src=\"https:\/\/staging-5.ajoiespa.ch\/wp-content\/uploads\/2017\/12\/ajoiespa_bon_100_white_vari3-300x181.png\" alt=\"\" loading=\"lazy\" srcset=\"https:\/\/staging-5.ajoiespa.ch\/wp-content\/uploads\/2017\/12\/ajoiespa_bon_100_white_vari3-300x181.png 300w, https:\/\/staging-5.ajoiespa.ch\/wp-content\/uploads\/2017\/12\/ajoiespa_bon_100_white_vari3-600x362.png 600w, https:\/\/staging-5.ajoiespa.ch\/wp-content\/uploads\/2017\/12\/ajoiespa_bon_100_white_vari3-768x463.png 768w, https:\/\/staging-5.ajoiespa.ch\/wp-content\/uploads\/2017\/12\/ajoiespa_bon_100_white_vari3-1024x618.png 1024w, https:\/\/staging-5.ajoiespa.ch\/wp-content\/uploads\/2017\/12\/ajoiespa_bon_100_white_vari3.png 1784w\" sizes=\"(max-width: 300px) 100vw, 300px\" \/><\/a><a href=?add-to-cart=334 data-product_id=\"334\">Add to cart<\/a>\t\t\t\n\t\t\t\tGIFT VOUCHER\t\t\t\n\t\t\t<a href=\"https:\/\/staging-5.ajoiespa.ch\/en\/product\/bon-cadeau-chf-100\/\"><h2>GIFT VAUCHER CHF 100.-<\/h2><\/a>\n\t<bdi>&#67;&#72;&#70;100.00<\/bdi>\n<\/li>\n<li>\n\t\t<a href=\"https:\/\/staging-5.ajoiespa.ch\/en\/product\/bon-cadeau-chf-200\/\"><img width=\"300\" height=\"181\" src=\"https:\/\/staging-5.ajoiespa.ch\/wp-content\/uploads\/2017\/12\/ajoiespa_bon_200_white_vari3-300x181.png\" alt=\"\" loading=\"lazy\" srcset=\"https:\/\/staging-5.ajoiespa.ch\/wp-content\/uploads\/2017\/12\/ajoiespa_bon_200_white_vari3-300x181.png 300w, https:\/\/staging-5.ajoiespa.ch\/wp-content\/uploads\/2017\/12\/ajoiespa_bon_200_white_vari3-600x362.png 600w, https:\/\/staging-5.ajoiespa.ch\/wp-content\/uploads\/2017\/12\/ajoiespa_bon_200_white_vari3-768x463.png 768w, https:\/\/staging-5.ajoiespa.ch\/wp-content\/uploads\/2017\/12\/ajoiespa_bon_200_white_vari3-1024x618.png 1024w, https:\/\/staging-5.ajoiespa.ch\/wp-content\/uploads\/2017\/12\/ajoiespa_bon_200_white_vari3.png 1784w\" sizes=\"(max-width: 300px) 100vw, 300px\" \/><\/a><a href=?add-to-cart=336 data-product_id=\"336\">Add to cart<\/a>\t\t\t\n\t\t\t\tGIFT VOUCHER\t\t\t\n\t\t\t<a href=\"https:\/\/staging-5.ajoiespa.ch\/en\/product\/bon-cadeau-chf-200\/\"><h2>GIFT VAUCHER CHF 200.-<\/h2><\/a>\n\t<bdi>&#67;&#72;&#70;200.00<\/bdi>\n<\/li>\n<li>\n\t\t<a href=\"https:\/\/staging-5.ajoiespa.ch\/en\/product\/bon-cadeau-chf-300\/\"><img width=\"300\" height=\"181\" src=\"https:\/\/staging-5.ajoiespa.ch\/wp-content\/uploads\/2017\/12\/ajoiespa_bon_300_white_vari3-300x181.png\" alt=\"\" loading=\"lazy\" srcset=\"https:\/\/staging-5.ajoiespa.ch\/wp-content\/uploads\/2017\/12\/ajoiespa_bon_300_white_vari3-300x181.png 300w, https:\/\/staging-5.ajoiespa.ch\/wp-content\/uploads\/2017\/12\/ajoiespa_bon_300_white_vari3-600x362.png 600w, https:\/\/staging-5.ajoiespa.ch\/wp-content\/uploads\/2017\/12\/ajoiespa_bon_300_white_vari3-768x463.png 768w, https:\/\/staging-5.ajoiespa.ch\/wp-content\/uploads\/2017\/12\/ajoiespa_bon_300_white_vari3-1024x618.png 1024w, https:\/\/staging-5.ajoiespa.ch\/wp-content\/uploads\/2017\/12\/ajoiespa_bon_300_white_vari3.png 1784w\" sizes=\"(max-width: 300px) 100vw, 300px\" \/><\/a><a href=?add-to-cart=338 data-product_id=\"338\">Add to cart<\/a>\t\t\t\n\t\t\t\tGIFT VOUCHER\t\t\t\n\t\t\t<a href=\"https:\/\/staging-5.ajoiespa.ch\/en\/product\/bon-cadeau-chf-300\/\"><h2>GIFT VAUCHER CHF 300.-<\/h2><\/a>\n\t<bdi>&#67;&#72;&#70;300.00<\/bdi>\n<\/li>\n<li>\n\t\t<a href=\"https:\/\/staging-5.ajoiespa.ch\/en\/product\/bon-cadeau-chf-50\/\"><img width=\"300\" height=\"183\" src=\"https:\/\/staging-5.ajoiespa.ch\/wp-content\/uploads\/2019\/09\/img6-300x183.jpg\" alt=\"AjoieSpa Bon Cadeau CHF 50\" loading=\"lazy\" srcset=\"https:\/\/staging-5.ajoiespa.ch\/wp-content\/uploads\/2019\/09\/img6-300x183.jpg 300w, https:\/\/staging-5.ajoiespa.ch\/wp-content\/uploads\/2019\/09\/img6-600x366.jpg 600w, https:\/\/staging-5.ajoiespa.ch\/wp-content\/uploads\/2019\/09\/img6.jpg 719w\" sizes=\"(max-width: 300px) 100vw, 300px\" \/><\/a><a href=?add-to-cart=1836 data-product_id=\"1836\">Add to cart<\/a>\t\t\t\n\t\t\t\tGIFT VOUCHER\t\t\t\n\t\t\t<a href=\"https:\/\/staging-5.ajoiespa.ch\/en\/product\/bon-cadeau-chf-50\/\"><h2>GIFT VAUCHER CHF 50.-<\/h2><\/a>\n\t<bdi>&#67;&#72;&#70;50.00<\/bdi>\n<\/li>\n<\/ul>\n\t\t<!--\n\t\t-->\n\t\t\t\t\t\t<a href=\"#\" id=\"uabb-quick-view-close\"><\/a>\n\t\t\t<h2>REVIEWS<\/h2>\t\t\t\n\t            <!-- Begin widget code -->\n            <rw-widget-grid data-rw-grid=\"11125\"><\/rw-widget-grid>\n            <script data-cfasync=\"false\" crossorigin=\"anonymous\" type=\"module\" src=\"https:\/\/repuso.com\/widgets\/2.0\/rw-widget-grid.js\"><\/script>\n            <!-- End widget code -->\n            \n\t\t\t<h5>ADRESS<\/h5>\t\t\t\n\t\t\t\t<p>Rue du Coll\u00e8ge 9 | CH-2900 Porrentruy<\/p>\n\t\t\t<h5>HORAIRES D&rsquo;OUVERTURE<\/h5>\t\t\t\n\t\t\t\t<p>Tous les jours | 12:00 &#8211; 22:00<\/p>\n\t\t\t<h5>CONTACT<\/h5>\t\t\t\n\t\t\t\t<p>Phone: +41 32 466 16 47<br \/>Email: <a href=\"mailto:ajoiespa@ajoiespa.ch\" target=\"_blank\" rel=\"noopener noreferrer\">ajoiespa@ajoiespa.ch<\/a><br \/><\/p>\n\t\t\t\t<h4>AjoieSpaLetter<\/h4>\n\t\t\t\t<h6><\/h6>\n\t\t\t\t<!-- Inline Block Space Fix \n\t\t\t\t-->\n\t\t\t\t<!-- Inline Block Space Fix\n\t\t\t\t-->\n\t\t\t\t\t<input type=\"email\" name=\"uabb-subscribe-form-email\" aria-label=\"email\" placeholder=\"Email\" \/>\n\t\t\t\t\t\t\t\t\t\t!\n\t\t\t\t<!-- Inline Block Space Fix\t\n\t\t\t\t--><!-- Inline Block Space Fix\t\n\t\t\t\t-->\n\t\t\t<a href=\"#\" target=\"_self\" role=\"button\" rel=\"noopener noreferrer\">\n\t\t\t\t\t\t\tSIGN-UP\n\t\t<\/a>\n\t\t\t\t\t\tSomething went wrong. Please check your entries and try again.\n\t\t\t\t<img loading=\"lazy\" src=\"https:\/\/staging-5.ajoiespa.ch\/wp-content\/uploads\/2020\/05\/NZZamSonntag.png\" alt=\"NZZamSonntag\" itemprop=\"image\" height=\"280\" width=\"385\" title=\"NZZamSonntag\" onerror=\"this.style.display='none'\"  \/>\n\t\t\t\t<img loading=\"lazy\" src=\"https:\/\/staging-5.ajoiespa.ch\/wp-content\/uploads\/2018\/10\/encore@2x.png-e63f92dc.png\" alt=\"AjoieSpa dans la presse encore magazine\" itemprop=\"image\" height=\"240\" width=\"360\" title=\"AjoieSpa dans la presse encore magazine\" onerror=\"this.style.display='none'\"  \/>\n\t\t\t\t<img loading=\"lazy\" src=\"https:\/\/staging-5.ajoiespa.ch\/wp-content\/uploads\/2018\/10\/anabelle@2x.png-cf01758f.png\" alt=\"AjoieSpa dans la presse annabelle magazine\" itemprop=\"image\" height=\"240\" width=\"360\" title=\"AjoieSpa dans la presse annabelle magazine\" onerror=\"this.style.display='none'\"  \/>\n\t\t\t\t<img loading=\"lazy\" src=\"https:\/\/staging-5.ajoiespa.ch\/wp-content\/uploads\/2018\/10\/icon_bolero.png\" alt=\"AjoieSpa dans la presse bolero magazine\" itemprop=\"image\" height=\"480\" width=\"480\" title=\"AjoieSpa dans la presse bolero magazine\" onerror=\"this.style.display='none'\"  \/>\n\t\t\t\t<img loading=\"lazy\" src=\"https:\/\/staging-5.ajoiespa.ch\/wp-content\/uploads\/2018\/10\/derbund@2x.png-1e8180cb.png\" alt=\"AjoieSpa dans la presse der bund\" itemprop=\"image\" height=\"240\" width=\"360\" title=\"AjoieSpa dans la presse der bund\" onerror=\"this.style.display='none'\"  \/>\n\t\t\t\t<img loading=\"lazy\" src=\"https:\/\/staging-5.ajoiespa.ch\/wp-content\/uploads\/2018\/10\/illustre.png\" alt=\"AjoieSpa dans la presse magazine l'illustre suisse\" itemprop=\"image\" height=\"106\" width=\"475\" title=\"AjoieSpa dans la presse magazine l'illustre suisse\" onerror=\"this.style.display='none'\"  \/>\n\t\t\t\t<img loading=\"lazy\" src=\"https:\/\/staging-5.ajoiespa.ch\/wp-content\/uploads\/2018\/10\/SI-gruen.jpg\" alt=\"AjoieSpa dans la presse magazine SI GRUEN Suisse\" itemprop=\"image\" height=\"112\" width=\"450\" title=\"AjoieSpa dans la presse magazine SI GRUEN Suisse\" onerror=\"this.style.display='none'\"  \/>\n\t\t\t\t<img loading=\"lazy\" src=\"https:\/\/staging-5.ajoiespa.ch\/wp-content\/uploads\/2018\/10\/lematin@2x.png-08d41c54.png\" alt=\"AjoieSpa dans la presse LE MATIN Suisse\" itemprop=\"image\" height=\"240\" width=\"360\" title=\"AjoieSpa dans la presse LE MATIN Suisse\" onerror=\"this.style.display='none'\"  \/>","protected":false},"excerpt":{"rendered":"<p>EVADEZ-VOUS EN AMOUREUX PRIVATE SPA LES SUITES Romantique et privatif Vous cherchez un endroit pour votre prochain s\u00e9jour en amoureux? Les spas d\u2019h\u00f4tels, vous connaissez, et les promesses bien-\u00eatre et autres installations aquatiques grandioses en acc\u00e8s libre, \u00e7a ne vous impressionne plus vraiment. Les offres, techniques et produits qui partout se ressemblent, jusqu\u2019\u00e0 la d\u00e9coration &hellip;<\/p>\n<p class=\"read-more\"> <a class=\"\" href=\"https:\/\/staging-5.ajoiespa.ch\/en\/\"> <span class=\"screen-reader-text\">Home<\/span> Read More &raquo;<\/a><\/p>","protected":false},"author":1,"featured_media":89,"parent":0,"menu_order":0,"comment_status":"closed","ping_status":"closed","template":"","meta":[],"_links":{"self":[{"href":"https:\/\/staging-5.ajoiespa.ch\/en\/wp-json\/wp\/v2\/pages\/1031"}],"collection":[{"href":"https:\/\/staging-5.ajoiespa.ch\/en\/wp-json\/wp\/v2\/pages"}],"about":[{"href":"https:\/\/staging-5.ajoiespa.ch\/en\/wp-json\/wp\/v2\/types\/page"}],"author":[{"embeddable":true,"href":"https:\/\/staging-5.ajoiespa.ch\/en\/wp-json\/wp\/v2\/users\/1"}],"replies":[{"embeddable":true,"href":"https:\/\/staging-5.ajoiespa.ch\/en\/wp-json\/wp\/v2\/comments?post=1031"}],"version-history":[{"count":124,"href":"https:\/\/staging-5.ajoiespa.ch\/en\/wp-json\/wp\/v2\/pages\/1031\/revisions"}],"predecessor-version":[{"id":3399,"href":"https:\/\/staging-5.ajoiespa.ch\/en\/wp-json\/wp\/v2\/pages\/1031\/revisions\/3399"}],"wp:featuredmedia":[{"embeddable":true,"href":"https:\/\/staging-5.ajoiespa.ch\/en\/wp-json\/wp\/v2\/media\/89"}],"wp:attachment":[{"href":"https:\/\/staging-5.ajoiespa.ch\/en\/wp-json\/wp\/v2\/media?parent=1031"}],"curies":[{"name":"wp","href":"https:\/\/api.w.org\/{rel}","templated":true}]}}