{"id":10,"date":"2019-02-28T21:13:12","date_gmt":"2019-02-28T21:13:12","guid":{"rendered":"https:\/\/websitedemos.net\/alex33\/?page_id=10"},"modified":"2020-08-25T08:53:51","modified_gmt":"2020-08-25T08:53:51","slug":"spa","status":"publish","type":"page","link":"https:\/\/staging-5.ajoiespa.ch\/en\/spa\/","title":{"rendered":"Private Spa"},"content":{"rendered":"<h1>\n\t\t\t\tLE SPA PRIVATIF\n\t\t\t<\/h1>\n\t\t\t<h2>EN AMOUREUX<\/h2><h3>3 NOUVELLES EXPERIENCES SUR MESURE PHYTO 5<\/h3>\t\t\t\n\t\t\t<h6>LOVE INTENSE<\/h6><h5>LE BAIN LOVE INTENSE &#038; MASSAGE 60 MIN EN COUPLE<\/h5>\t\t\t\n\t\t\t<a href=\"\" target=\"_self\" role=\"button\" rel=\"noopener noreferrer\">\n\t\t\t\t\t\t\tCHF 400 POUR 2\n\t\t<\/a>\n\t\t\t<h6>BASIC INTENSE<\/h6><h5>LE RITUEL BASIC INTENSE &#038; MASSAGE 60 MIN EN COUPLE<\/h5>\t\t\t\n\t\t\t<a href=\"\" target=\"_self\" role=\"button\" rel=\"noopener noreferrer\">\n\t\t\t\t\t\t\tCHF 300 POUR 2\n\t\t<\/a>\n\t\t\t<h6>MASSAGE INTENSE<\/h6><h5>LE MASSAGE INTENSE 60 MIN EN COUPLE<\/h5>\t\t\t\n\t\t\t<a href=\"\" target=\"_self\" role=\"button\" rel=\"noopener noreferrer\">\n\t\t\t\t\t\t\tCHF 200 POUR 2\n\t\t<\/a>\n\t\t\t\t\t\t\t\t\t\tLE BAIN LOVE INTENSE &#038; MASSAGE 60 MIN EN COUPLE\t\t\t\t\t\t\t\t\t\n\t\t\tCHF 400 POUR 2\n\t\t\t\t\t\t\t\t<p>Le Bain Love est un moment unique \u00e0 vivre en amoureux.Nous l\u2019avons imagin\u00e9 dans une version sur mesure, autour du produit phare de Phyto 5, le s\u00e9rum ultra concentr\u00e9 en huiles essentielles.Avant votre bain, vous pouvez choisir parmi les cinq Phyt\u2019Ether El\u00e9ment celui qui correspond le mieux \u00e0 votre \u00e9tat \u00e9motionnel, \u00e9nerg\u00e9tique ou physique du moment.Ce Phyt\u2019Ether El\u00e9ment, avec ses bienfaits individuels et pr\u00e9cis, est int\u00e9gr\u00e9 dans votre bain avec les cristaux de sel micronis\u00e9s Selextreme, extraits des plus pures profondeurs des montagnes et infus\u00e9s d\u2019huiles essentielles.Le concentr\u00e9 d\u2019huiles essentielles Phyt\u2019Ether accompagne votre massage pour une exp\u00e9rience romantique multisensorielle et encore plus personnalis\u00e9e du Bain Love Intense.<\/p>\t\t\t\t\t\t\t\t\n\t\t\tCHF 400 POUR 2\n\t\t\t\t\t\t\t\t\t\tLE RITUEL BASIC INTENSE &#038; MASSAGE 60 MIN EN COUPLE\t\t\t\t\t\t\t\t\t\n\t\t\tCHF 300 POUR 2\n\t\t\t\t\t\t\t\t<p>Le bain vapeur dans le hammam privatif \u00e9vacue le stress et vous aide \u00e0 vous d\u00e9tendre et \u00e0 rel\u00e2cher les tensions accumul\u00e9es, tout en \u00e9liminant les toxines.Le bain vapeur peut am\u00e9liorer les bienfaits du massage, car la peau est nettoy\u00e9e en profondeur, ce qui intensifie l\u2019effet soin et hydratation des huiles du massage.Avant votre rituel, vous pouvez choisir parmi les cinq Phyt\u2019Ether El\u00e9ment, s\u00e9rums ultra concentr\u00e9s en huiles essentielles, celui qui correspond le mieux \u00e0 votre \u00e9tat \u00e9motionnel, \u00e9nerg\u00e9tique ou physique du moment.Le concentr\u00e9 d\u2019huiles essentielles Phyt\u2019Ether accompagne votre massage pour une exp\u00e9rience multisensorielle et encore plus personnalis\u00e9e.<\/p>\t\t\t\t\t\t\t\t\n\t\t\tCHF 300 POUR 2\n\t\t\t\t\t\t\t\t\t\tLE MASSAGE INTENSE | 60 MIN EN COUPLE\t\t\t\t\t\t\t\t\t\n\t\t\tCHF 200 POUR 2\n\t\t\t\t\t\t\t\t<p>Vous connaissez les bienfaits du massage: r\u00e9duire le stress, la fatigue et les tensions.Mais le massage est surtout un moment de bien-\u00eatre, de d\u00e9tente et de reconnexion \u00e0 soi.Le massage en couple est un moment de bonheur partag\u00e9, que nous vous invitons \u00e0 vivre en amoureux, en toute intimit\u00e9.Avant votre massage, vous pouvez choisir avec votre partenaire parmi les cinq Phyt\u2019Ether El\u00e9ment, s\u00e9rums ultra concentr\u00e9s en huiles essentielles, celui qui correspond le mieux \u00e0 votre \u00e9tat \u00e9motionnel, \u00e9nerg\u00e9tique ou physique du moment.Le concentr\u00e9 d\u2019huiles essentielles Phyt\u2019Ether accompagne votre massage pour une exp\u00e9rience multisensorielle et encore plus personnalis\u00e9e, en couple.<\/p>\t\t\t\t\t\t\t\t\n\t\t\tCHF 200 POUR 2\n\t\t\t\t\t\t<img src=\"https:\/\/i.ytimg.com\/vi\/-KYBmw36Nrk\/maxresdefault.jpg\"  \/>\n\t\t<ul>\n<li>\n\t\t<a href=\"https:\/\/staging-5.ajoiespa.ch\/en\/product\/phyto-5-serum-phytether-bois\/\"><img width=\"300\" height=\"440\" src=\"https:\/\/staging-5.ajoiespa.ch\/wp-content\/uploads\/2020\/04\/PE-bois-35-ombre-300x440.png\" alt=\"\" loading=\"lazy\" srcset=\"https:\/\/staging-5.ajoiespa.ch\/wp-content\/uploads\/2020\/04\/PE-bois-35-ombre-300x440.png 300w, https:\/\/staging-5.ajoiespa.ch\/wp-content\/uploads\/2020\/04\/PE-bois-35-ombre-600x880.png 600w, https:\/\/staging-5.ajoiespa.ch\/wp-content\/uploads\/2020\/04\/PE-bois-35-ombre-205x300.png 205w, https:\/\/staging-5.ajoiespa.ch\/wp-content\/uploads\/2020\/04\/PE-bois-35-ombre-698x1024.png 698w, https:\/\/staging-5.ajoiespa.ch\/wp-content\/uploads\/2020\/04\/PE-bois-35-ombre-768x1126.png 768w, https:\/\/staging-5.ajoiespa.ch\/wp-content\/uploads\/2020\/04\/PE-bois-35-ombre-1048x1536.png 1048w, https:\/\/staging-5.ajoiespa.ch\/wp-content\/uploads\/2020\/04\/PE-bois-35-ombre-1397x2048.png 1397w, https:\/\/staging-5.ajoiespa.ch\/wp-content\/uploads\/2020\/04\/PE-bois-35-ombre.png 1772w\" sizes=\"(max-width: 300px) 100vw, 300px\" \/><\/a><a href=?add-to-cart=2460 data-product_id=\"2460\">Ajouter au panier<\/a>\t\t\t\n\t\t\t\tS\u00e9rum\t\t\t\n\t\t\t<a href=\"https:\/\/staging-5.ajoiespa.ch\/en\/product\/phyto-5-serum-phytether-bois\/\"><h2>PHYTO 5 S\u00e9rum Phyt&rsquo;Ether Bois 30 ml<\/h2><\/a>\n\t<bdi>&#67;&#72;&#70;69.00<\/bdi>\n<\/li>\n<li>\n\t\t<a href=\"https:\/\/staging-5.ajoiespa.ch\/en\/product\/phyto-5-serum-phytether-feu-30ml\/\"><img width=\"300\" height=\"439\" src=\"https:\/\/staging-5.ajoiespa.ch\/wp-content\/uploads\/2020\/04\/PE-feu-35-ombre-1-300x439.png\" alt=\"\" loading=\"lazy\" srcset=\"https:\/\/staging-5.ajoiespa.ch\/wp-content\/uploads\/2020\/04\/PE-feu-35-ombre-1-300x439.png 300w, https:\/\/staging-5.ajoiespa.ch\/wp-content\/uploads\/2020\/04\/PE-feu-35-ombre-1-205x300.png 205w, https:\/\/staging-5.ajoiespa.ch\/wp-content\/uploads\/2020\/04\/PE-feu-35-ombre-1.png 512w\" sizes=\"(max-width: 300px) 100vw, 300px\" \/><\/a><a href=?add-to-cart=2467 data-product_id=\"2467\">Ajouter au panier<\/a>\t\t\t\n\t\t\t\tS\u00e9rum\t\t\t\n\t\t\t<a href=\"https:\/\/staging-5.ajoiespa.ch\/en\/product\/phyto-5-serum-phytether-feu-30ml\/\"><h2>PHYTO 5 S\u00e9rum Phyt&rsquo;Ether Feu 30 ml<\/h2><\/a>\n\t<bdi>&#67;&#72;&#70;69.00<\/bdi>\n<\/li>\n<li>\n\t\t<a href=\"https:\/\/staging-5.ajoiespa.ch\/en\/product\/phyto-5-serum-phytether-terre-30ml\/\"><img width=\"300\" height=\"440\" src=\"https:\/\/staging-5.ajoiespa.ch\/wp-content\/uploads\/2020\/04\/PE-terre-25-ombre-300x440.png\" alt=\"\" loading=\"lazy\" srcset=\"https:\/\/staging-5.ajoiespa.ch\/wp-content\/uploads\/2020\/04\/PE-terre-25-ombre-300x440.png 300w, https:\/\/staging-5.ajoiespa.ch\/wp-content\/uploads\/2020\/04\/PE-terre-25-ombre-600x880.png 600w, https:\/\/staging-5.ajoiespa.ch\/wp-content\/uploads\/2020\/04\/PE-terre-25-ombre.png 1772w\" sizes=\"(max-width: 300px) 100vw, 300px\" \/><\/a><a href=?add-to-cart=2474 data-product_id=\"2474\">Ajouter au panier<\/a>\t\t\t\n\t\t\t\tS\u00e9rum\t\t\t\n\t\t\t<a href=\"https:\/\/staging-5.ajoiespa.ch\/en\/product\/phyto-5-serum-phytether-terre-30ml\/\"><h2>PHYTO 5 S\u00e9rum Phyt&rsquo;Ether Terre 30 ml<\/h2><\/a>\n\t<bdi>&#67;&#72;&#70;69.00<\/bdi>\n<\/li>\n<li>\n\t\t<a href=\"https:\/\/staging-5.ajoiespa.ch\/en\/product\/phyto-5-serum-phytether-metal-30ml\/\"><img width=\"300\" height=\"440\" src=\"https:\/\/staging-5.ajoiespa.ch\/wp-content\/uploads\/2020\/04\/PE-metal-35-ombre-300x440.png\" alt=\"\" loading=\"lazy\" srcset=\"https:\/\/staging-5.ajoiespa.ch\/wp-content\/uploads\/2020\/04\/PE-metal-35-ombre-300x440.png 300w, https:\/\/staging-5.ajoiespa.ch\/wp-content\/uploads\/2020\/04\/PE-metal-35-ombre-600x880.png 600w, https:\/\/staging-5.ajoiespa.ch\/wp-content\/uploads\/2020\/04\/PE-metal-35-ombre-205x300.png 205w, https:\/\/staging-5.ajoiespa.ch\/wp-content\/uploads\/2020\/04\/PE-metal-35-ombre-698x1024.png 698w, https:\/\/staging-5.ajoiespa.ch\/wp-content\/uploads\/2020\/04\/PE-metal-35-ombre-768x1126.png 768w, https:\/\/staging-5.ajoiespa.ch\/wp-content\/uploads\/2020\/04\/PE-metal-35-ombre-1048x1536.png 1048w, https:\/\/staging-5.ajoiespa.ch\/wp-content\/uploads\/2020\/04\/PE-metal-35-ombre-1397x2048.png 1397w, https:\/\/staging-5.ajoiespa.ch\/wp-content\/uploads\/2020\/04\/PE-metal-35-ombre.png 1772w\" sizes=\"(max-width: 300px) 100vw, 300px\" \/><\/a><a href=?add-to-cart=2481 data-product_id=\"2481\">Ajouter au panier<\/a>\t\t\t\n\t\t\t\tS\u00e9rum\t\t\t\n\t\t\t<a href=\"https:\/\/staging-5.ajoiespa.ch\/en\/product\/phyto-5-serum-phytether-metal-30ml\/\"><h2>PHYTO 5 S\u00e9rum Phyt&rsquo;Ether M\u00e9tal 30 ml<\/h2><\/a>\n\t<bdi>&#67;&#72;&#70;69.00<\/bdi>\n<\/li>\n<li>\n\t\t<a href=\"https:\/\/staging-5.ajoiespa.ch\/en\/product\/phyto-5-serum-phytether-eau-30ml\/\"><img width=\"300\" height=\"440\" src=\"https:\/\/staging-5.ajoiespa.ch\/wp-content\/uploads\/2020\/04\/PE-eau-30-ombre-300x440.png\" alt=\"\" loading=\"lazy\" srcset=\"https:\/\/staging-5.ajoiespa.ch\/wp-content\/uploads\/2020\/04\/PE-eau-30-ombre-300x440.png 300w, https:\/\/staging-5.ajoiespa.ch\/wp-content\/uploads\/2020\/04\/PE-eau-30-ombre-600x880.png 600w, https:\/\/staging-5.ajoiespa.ch\/wp-content\/uploads\/2020\/04\/PE-eau-30-ombre-205x300.png 205w, https:\/\/staging-5.ajoiespa.ch\/wp-content\/uploads\/2020\/04\/PE-eau-30-ombre-698x1024.png 698w, https:\/\/staging-5.ajoiespa.ch\/wp-content\/uploads\/2020\/04\/PE-eau-30-ombre-768x1126.png 768w, https:\/\/staging-5.ajoiespa.ch\/wp-content\/uploads\/2020\/04\/PE-eau-30-ombre-1048x1536.png 1048w, https:\/\/staging-5.ajoiespa.ch\/wp-content\/uploads\/2020\/04\/PE-eau-30-ombre-1397x2048.png 1397w, https:\/\/staging-5.ajoiespa.ch\/wp-content\/uploads\/2020\/04\/PE-eau-30-ombre.png 1772w\" sizes=\"(max-width: 300px) 100vw, 300px\" \/><\/a><a href=?add-to-cart=2488 data-product_id=\"2488\">Ajouter au panier<\/a>\t\t\t\n\t\t\t\tS\u00e9rum\t\t\t\n\t\t\t<a href=\"https:\/\/staging-5.ajoiespa.ch\/en\/product\/phyto-5-serum-phytether-eau-30ml\/\"><h2>PHYTO 5 S\u00e9rum Phyt&rsquo;Ether Eau 30 ml<\/h2><\/a>\n\t<bdi>&#67;&#72;&#70;69.00<\/bdi>\n<\/li>\n<\/ul>\n\t\t<!--\n\t\t-->\n\t\t\t\t\t\t<a href=\"#\" id=\"uabb-quick-view-close\"><\/a>\n\t\t\t<h2>LES MASSAGES<\/h2>\t\t\t\n\t\t\t\t\t\t\t\t\t\tLES MASSAGES | Le massage hors du temps\t\t\t\t\t\t\t\t\t\n\t\t\tCHF 100 par personne\n\t\t\t\t\t\t\t\t<p>Le massage Hors du Temps de 60 minutes<\/p>\t\t\t\t\t\t\t\t\n\t\t\tCHF 100 par personne\n\t\t\t\t\t\t\t\t\t\tLES MASSAGES | Le massage signature\t\t\t\t\t\t\t\t\t\n\t\t\tCHF 150 par personne\n\t\t\t\t\t\t\t\t<p>Le massage signature de 90 minutes<\/p>\t\t\t\t\t\t\t\t\n\t\t\tCHF 150 par personne\n\t\t\t<h2>BAIN VAPEUR &#038; MASSAGE<\/h2>\t\t\t\n\t\t\t\t\t\t\t\t\t\tBAINS VAPEUR &#038; MASSAGE | Le Rituel Basic\t\t\t\t\t\t\t\t\t\n\t\t\tCHF 200 pour 2\n\t\t\t\t\t\t\t\t<p>A partir de 2 personnes30 minutes dans le bain vapeur suivi du massage aromatique de 30 minutes<\/p>\t\t\t\t\t\t\t\t\n\t\t\tCHF 200 pour 2\n\t\t\t\t\t\t\t\t\t\tBAINS VAPEUR &#038; MASSAGE | Le rituel Basic Plus\t\t\t\t\t\t\t\t\t\n\t\t\tCHF 150 par personne\n\t\t\t\t\t\t\t\t<p>30 minutes dans le bain vapeur suivi du massage aromatique de 60 minutes<\/p>\t\t\t\t\t\t\t\t\n\t\t\tCHF 150 par personne\n\t\t\t\t\t\t\t\t\t\tBAINS VAPEUR  &#038; MASSAGE | Le rituel Basic Luxe\t\t\t\t\t\t\t\t\t\n\t\t\tCHF 200 par personne\n\t\t\t\t\t\t\t\t<p>30 minutes dans le bain vapeur suivi du massage aromatique de 90 minutes<\/p>\t\t\t\t\t\t\t\t\n\t\t\tCHF 200 par personne\n\t\t\t<h2>POUR LES COUPLES<\/h2>\t\t\t\n\t\t\t\t\t\t\t\t\t\tBAINS ROMANTIQUES | Le bain Love\t\t\t\t\t\t\t\t\t\n\t\t\tCHF 200 POUR 2\n\t\t\t\t\t\t\t\t<p>Vivez un moment unique en couple dans l&rsquo;ambiance romantique et tr\u00e8s priv\u00e9e, avec p\u00e9tales de rose, bougies et champagne<\/p>\t\t\t\t\t\t\t\t\n\t\t\tCHF 200 POUR 2\n\t\t\t\t\t\t\t\t\t\tBAINS ROMANTIQUES &#038; MASSAGE \t\t\t\t\t\t\t\t\t\n\t\t\tCHF 300 POUR 2\n\t\t\t\t\t\t\t\t<p>Le bain Love &amp; massages de 30 minutes<\/p>\t\t\t\t\t\t\t\t\n\t\t\tCHF 300 POUR 2\n\t\t\t<h2>LES BAINS VAPEUR<\/h2>\t\t\t\n\t\t\t\t\t\t\t\t\t\tBAINS VAPEUR | Le rituel ELEMENT PHYTO 5\t\t\t\t\t\t\t\t\t\n\t\t\tCHF 200 pour 2\n\t\t\t\t\t\t\t\t<p>Le bain vapeur dans le hammam privatif \u00e9vacue le stress et vous aide \u00e0 vous d\u00e9tendre et \u00e0 rel\u00e2cher les tensions accumul\u00e9es, tout en \u00e9liminant les toxines.L\u2019humidit\u00e9 et la vapeur d\u2019eau procurent des effets b\u00e9n\u00e9fiques pour la peau et permettent de la nettoyer en profondeur.Avant votre rituel El\u00e9ment, vous pouvez choisir parmi les cinq Phyt\u2019Ether El\u00e9ment celui qui correspond le mieux \u00e0 votre \u00e9tat \u00e9motionnel, \u00e9nerg\u00e9tique ou physique du moment.Le gommage aux cristaux de sel micronis\u00e9s Selextreme est un exfoliant naturel adapt\u00e9 au visage et au corps, pour un effet r\u00e9g\u00e9n\u00e9rant \u00e0 la fois pour la peau et l\u2019esprit.Le sel Selextreme est naturellement plus sain que le sel marin et est infus\u00e9 d\u2019huiles essentielles pour aider \u00e0 restaurer l\u2019\u00e9quilibre de la peau.<\/p>\t\t\t\t\t\t\t\t\n\t\t\tCHF 200 pour 2\n\t\t\t<h6>Bons Cadeaux &#038; Produits de Beaut\u00e9<\/h6><h2>E-SHOP<\/h2>\t\t\t\n\t\t\t<a href=\"https:\/\/staging-5.ajoiespa.ch\/en\/boutique-phyto-5\/\" target=\"_self\" role=\"button\" rel=\"noopener noreferrer\">\n\t\t\t\t\t\t\tACHETEZ EN LIGNE\n\t\t<\/a>\n\t\t\t\t<img loading=\"lazy\" src=\"https:\/\/staging-5.ajoiespa.ch\/wp-content\/uploads\/2020\/05\/Logo_Phyto5_02-e1588863850943.png\" alt=\"Logo_Phyto5_02\" itemprop=\"image\" height=\"96\" width=\"360\" title=\"Logo_Phyto5_02\" onerror=\"this.style.display='none'\"  \/>\n\t\t\t\t<img loading=\"lazy\" src=\"https:\/\/staging-5.ajoiespa.ch\/wp-content\/uploads\/2020\/05\/Logo-Swiss-Made-e1588863756431.png\" alt=\"Logo Swiss Made\" itemprop=\"image\" height=\"117\" width=\"360\" title=\"Logo Swiss Made\" onerror=\"this.style.display='none'\"  \/>\n\t\t\t\t<img loading=\"lazy\" src=\"https:\/\/staging-5.ajoiespa.ch\/wp-content\/uploads\/2020\/05\/phytobiodermie-e1588863915918.png\" alt=\"phytobiodermie\" itemprop=\"image\" height=\"98\" width=\"248\" title=\"phytobiodermie\" onerror=\"this.style.display='none'\"  \/>\n\t\t\t\t<img loading=\"lazy\" src=\"https:\/\/staging-5.ajoiespa.ch\/wp-content\/uploads\/2020\/05\/cosmebio.png\" alt=\"cosmebio\" itemprop=\"image\" height=\"195\" width=\"326\" title=\"cosmebio\" onerror=\"this.style.display='none'\"  \/>\n\t\t\t\t<img loading=\"lazy\" src=\"https:\/\/staging-5.ajoiespa.ch\/wp-content\/uploads\/2020\/05\/vegan-e1588863883927.png\" alt=\"vegan\" itemprop=\"image\" height=\"87\" width=\"184\" title=\"vegan\" onerror=\"this.style.display='none'\"  \/>\n\t\t\t\t<img loading=\"lazy\" src=\"https:\/\/staging-5.ajoiespa.ch\/wp-content\/uploads\/2020\/05\/smogfree-e1588863905752.png\" alt=\"smogfree\" itemprop=\"image\" height=\"262\" width=\"339\" title=\"smogfree\" onerror=\"this.style.display='none'\"  \/>\n\t<p>L&rsquo;acc\u00e8s et les soins au Spa privatif sur r\u00e9servation et sous r\u00e9serve de disponibilit\u00e9. Les tarifs mentionn\u00e9s s&rsquo;entendent par personne, sauf indication sp\u00e9cifique sur le soin. Le massage de 30 minutes peut \u00eatre r\u00e9serv\u00e9 uniquement en compl\u00e9ment avec un autre soin (par ex. Bain Love) et pour 2 personnes. Les tarifs sont indiqu\u00e9s en francs suisses (CHF), taxe de 7,7% incluse. Ils sont sujets \u00e0 changement sans pr\u00e9avis.<\/p>\n<p>Contre-indications: maladies graves, grossesse, allaitement, traitements m\u00e9dicaux et m\u00e9dicamenteux, troubles de la circulation sanguine, hyper ou hypotension, maladies de la peau, allergies, op\u00e9rations r\u00e9centes, proth\u00e8ses, plaies ouvertes, \u00e9pilepsie, douleurs musculaires et articulaires. Nous vous prions d\u2019informer votre praticienne de votre \u00e9tat physique et mental. Demandez conseil \u00e0 votre m\u00e9decin.<\/p>\n\t\t\t<h2>FAQ<\/h2><h6>Vos questions &#8211; Nos r\u00e9ponses<\/h6>\t\t\t\n\t\t\t\t\t\t<h6 tabindex=\"0\">Le Spa privatif, c&rsquo;est quoi?<\/h6>\n\t\t\t<p>Quelle est votre derni\u00e8re exp\u00e9rience dans le spa d\u2019un h\u00f4tel ?<\/p>\n<p>Avez-vous appr\u00e9ci\u00e9 le calme, \u00e9tiez-vous \u00e0 l\u2019aise au milieu des inconnus, le personnel vous a t-il apport\u00e9 un service attentionn\u00e9 ?<\/p>\n<p>Laissez-nous deviner : il est fort possible que vous soyez plut\u00f4t d\u00e9\u00e7us, car soyons honn\u00eates, l\u00e2cher prise et vivre un moment de r\u00e9g\u00e9n\u00e9ration profond demande apr\u00e8s tout bien un peu plus d\u2019intimit\u00e9.<\/p>\n<p>Pour qu\u2019une apr\u00e8s-midi dans une bulle de bien-\u00eatre s\u2019av\u00e8re aussi r\u00e9g\u00e9n\u00e9rante qu\u2019un voyage au loin.<\/p>\n<p>Nous vous invitons \u00e0 vivre cette exp\u00e9rience \u00e0 l\u2019AjoieSpa.<\/p>\n\t\t\t\t\t\t<h6 tabindex=\"0\">Est-il indispensable de prendre rendez-vous?<\/h6>\n\t\t\t<p>Oui.<\/p>\n<p>Une qualit\u00e9 exceptionnelle, un service personnalis\u00e9 et attentionn\u00e9 qui prend en compte vos besoins, vos souhaits de mani\u00e8re sinc\u00e8re et authentique.<\/p>\n<p>Ce sont les valeurs que nous d\u00e9fendons.<\/p>\n<p>Nous sommes ouverts tous les jours de 12:00 \u00e0 22:00, vous pouvez venir apr\u00e8s votre journ\u00e9e de travail, le dernier rendez-vous est \u00e0 20:00, m\u00eame le dimanche.<\/p>\n\t\t\t\t\t\t<h6 tabindex=\"0\">AjoieSpa est un spa \u00e9coresponsable ?<\/h6>\n\t\t\t<p>AjoieSpa est aussi n\u00e9 de la volont\u00e9 de concilier l\u2019exp\u00e9rience spa avec nos valeurs d\u2019\u00e9coresponsabilit\u00e9.<\/p>\n<p>L\u2019id\u00e9e m\u00eame du spa privatif s\u2019inscrit dans cette d\u00e9marche durable, puisque nos installations fonctionnent uniquement pour vos rendez-vous.<\/p>\n<p>C\u2019est pour cette raison que l\u2019eau que nous utilisons n\u2019est ni chlor\u00e9e ni trait\u00e9e.<\/p>\n<p>C\u2019est une eau pure chauff\u00e9e avec l\u2019\u00e9nergie renouvelable du Thermor\u00e9seau; le spa privatif est nettoy\u00e9 en profondeur et l\u2019eau est renouvel\u00e9e apr\u00e8s chaque prestation.<\/p>\n<p>Nous privil\u00e9gions cette d\u00e9marche afin de vous offrir une exp\u00e9rience multisensorielle unique, qui soit \u00e9galement respectueuse de l\u2019environnement.<\/p>\n\t\t\t\t\t\t<h6 tabindex=\"0\">Si vous avez un impr\u00e9vu<\/h6>\n\t\t\t<p>En cas de retard au rendez-vous, la dur\u00e9e de la prestation n\u2019est pas prolong\u00e9e.<\/p>\n<p>Toute pr\u00e9station annul\u00e9e moins de 48 heures avant le rendez-vous sera factur\u00e9e.<\/p>\n<p><a href=\"https:\/\/staging-5.ajoiespa.ch\/en\/spa-cgv\/\" target=\"_blank\" rel=\"noopener noreferrer\">Nos conditions g\u00e9n\u00e9rales<\/a><\/p>\n\t\t\t\t\t\t<h6 tabindex=\"0\">Garantie &#038; Paiement anticip\u00e9<\/h6>\n\t\t\t<p>Une garantie par carte de cr\u00e9dit ou une avance peut vous \u00eatre demand\u00e9e lors de votre r\u00e9servation.<\/p>\n<p>Une pr\u00e9-autorisation peut \u00eatre effectu\u00e9 sur cette carte de cr\u00e9dit.<br \/>Le but est de v\u00e9rifier la validit\u00e9 d\u2019une carte de paiement d\u2019une part et d\u2019assurer de la solvabilit\u00e9 du client d\u2019autre part, sans pour autant avoir d\u00e9bit\u00e9 le compte. Il s\u2019agit ni plus ni moins d\u2019une caution bancaire.<br \/>La somme est automatiquement lib\u00e9r\u00e9e \u00e0 l\u2019issue du d\u00e9lai de 7 \u00e0 10 jours, ce d\u00e9lai d\u00e9pend de la banque.<\/p>\n<p>En cas d\u2019une annulation et\/ou de modification et\/ou non-pr\u00e9sentation qui entrainent des frais d\u2019annulation les frais d\u2019annulation seront d\u00e9bit\u00e9s.<\/p>\n<p><a href=\"https:\/\/staging-5.ajoiespa.ch\/en\/spa-cgv\/\">Consultez nos conditions g\u00e9n\u00e9rales<\/a><\/p>\n\t\t\t\t\t\t<h6 tabindex=\"0\">Nos valeurs<\/h6>\n\t\t\t<p>Les soins, massages et rituels r\u00e9alis\u00e9s sont des soins bien-\u00eatre et de relaxation, sans but ou affirmation th\u00e9rapeutique ou \u00e9rotique.<\/p>\n\t\t\t\t\t\t<h6 tabindex=\"0\">Contre-indications<\/h6>\n\t\t\t<p>Maladies graves, grossesse, allaitement, traitements m\u00e9dicaux et m\u00e9dicamenteux, troubles de la circulation sanguine, hyper ou hypotension, maladies de la peau, allergies, op\u00e9rations r\u00e9centes, proth\u00e8ses, plaies ouvertes, \u00e9pilepsie, douleurs musculaires et articulaires.<\/p>\n<p>Nous vous prions d\u2019informer votre praticienne de votre \u00e9tat physique et mental.<\/p>\n<p>Demandez conseil \u00e0 votre m\u00e9decin.<\/p>\n\t\t\t\t\t\t<h6 tabindex=\"0\">Acc\u00e8s et Parking<\/h6>\n\t\t\t<p><a href=\"https:\/\/staging-5.ajoiespa.ch\/en\/contact\/\">Acc\u00e8s et parking<\/a><\/p>\n\t\t\t<h5>ADRESS<\/h5>\t\t\t\n\t\t\t\t<p>Rue du Coll\u00e8ge 9 | CH-2900 Porrentruy<\/p>\n\t\t\t<h5>HORAIRES D&rsquo;OUVERTURE<\/h5>\t\t\t\n\t\t\t\t<p>Tous les jours | 12:00 &#8211; 22:00<\/p>\n\t\t\t<h5>CONTACT<\/h5>\t\t\t\n\t\t\t\t<p>Phone: +41 32 466 16 47<br \/>Email: <a href=\"mailto:ajoiespa@ajoiespa.ch\" target=\"_blank\" rel=\"noopener noreferrer\">ajoiespa@ajoiespa.ch<\/a><br \/><\/p>\n\t\t\t\t<h4>AjoieSpaLetter<\/h4>\n\t\t\t\t<h6><\/h6>\n\t\t\t\t<!-- Inline Block Space Fix \n\t\t\t\t-->\n\t\t\t\t<!-- Inline Block Space Fix\n\t\t\t\t-->\n\t\t\t\t\t<input type=\"email\" name=\"uabb-subscribe-form-email\" aria-label=\"email\" placeholder=\"Email\" \/>\n\t\t\t\t\t\t\t\t\t\t!\n\t\t\t\t<!-- Inline Block Space Fix\t\n\t\t\t\t--><!-- Inline Block Space Fix\t\n\t\t\t\t-->\n\t\t\t<a href=\"#\" target=\"_self\" role=\"button\" rel=\"noopener noreferrer\">\n\t\t\t\t\t\t\tSIGN-UP\n\t\t<\/a>\n\t\t\t\t\t\tSomething went wrong. Please check your entries and try again.\n\t<p>#PRESSE<\/p>\n\t\t\t\t<img loading=\"lazy\" src=\"https:\/\/staging-5.ajoiespa.ch\/wp-content\/uploads\/2018\/10\/encore@2x.png-e63f92dc.png\" alt=\"AjoieSpa dans la presse encore magazine\" itemprop=\"image\" height=\"240\" width=\"360\" title=\"AjoieSpa dans la presse encore magazine\" onerror=\"this.style.display='none'\"  \/>\n\t\t\t\t<img loading=\"lazy\" src=\"https:\/\/staging-5.ajoiespa.ch\/wp-content\/uploads\/2018\/10\/anabelle@2x.png-cf01758f.png\" alt=\"AjoieSpa dans la presse annabelle magazine\" itemprop=\"image\" height=\"240\" width=\"360\" title=\"AjoieSpa dans la presse annabelle magazine\" onerror=\"this.style.display='none'\"  \/>\n\t\t\t\t<img loading=\"lazy\" src=\"https:\/\/staging-5.ajoiespa.ch\/wp-content\/uploads\/2018\/10\/icon_bolero.png\" alt=\"AjoieSpa dans la presse bolero magazine\" itemprop=\"image\" height=\"480\" width=\"480\" title=\"AjoieSpa dans la presse bolero magazine\" onerror=\"this.style.display='none'\"  \/>\n\t\t\t\t<img loading=\"lazy\" src=\"https:\/\/staging-5.ajoiespa.ch\/wp-content\/uploads\/2018\/10\/derbund@2x.png-1e8180cb.png\" alt=\"AjoieSpa dans la presse der bund\" itemprop=\"image\" height=\"240\" width=\"360\" title=\"AjoieSpa dans la presse der bund\" onerror=\"this.style.display='none'\"  \/>\n\t\t\t\t<img loading=\"lazy\" src=\"https:\/\/staging-5.ajoiespa.ch\/wp-content\/uploads\/2018\/10\/illustre.png\" alt=\"AjoieSpa dans la presse magazine l'illustre suisse\" itemprop=\"image\" height=\"106\" width=\"475\" title=\"AjoieSpa dans la presse magazine l'illustre suisse\" onerror=\"this.style.display='none'\"  \/>\n\t\t\t\t<img loading=\"lazy\" src=\"https:\/\/staging-5.ajoiespa.ch\/wp-content\/uploads\/2018\/10\/SI-gruen.jpg\" alt=\"AjoieSpa dans la presse magazine SI GRUEN Suisse\" itemprop=\"image\" height=\"112\" width=\"450\" title=\"AjoieSpa dans la presse magazine SI GRUEN Suisse\" onerror=\"this.style.display='none'\"  \/>\n\t\t\t\t<img loading=\"lazy\" src=\"https:\/\/staging-5.ajoiespa.ch\/wp-content\/uploads\/2018\/10\/lematin@2x.png-08d41c54.png\" alt=\"AjoieSpa dans la presse LE MATIN Suisse\" itemprop=\"image\" height=\"240\" width=\"360\" title=\"AjoieSpa dans la presse LE MATIN Suisse\" onerror=\"this.style.display='none'\"  \/>","protected":false},"excerpt":{"rendered":"<p>LE SPA PRIVATIF EN AMOUREUX 3 NOUVELLES EXPERIENCES SUR MESURE PHYTO 5 LOVE INTENSE LE BAIN LOVE INTENSE &#038; MASSAGE 60 MIN EN COUPLE CHF 400 POUR 2 BASIC INTENSE LE RITUEL BASIC INTENSE &#038; MASSAGE 60 MIN EN COUPLE CHF 300 POUR 2 MASSAGE INTENSE LE MASSAGE INTENSE 60 MIN EN COUPLE CHF 200 &hellip;<\/p>\n<p class=\"read-more\"> <a class=\"\" href=\"https:\/\/staging-5.ajoiespa.ch\/en\/spa\/\"> <span class=\"screen-reader-text\">Private Spa<\/span> Read More &raquo;<\/a><\/p>","protected":false},"author":1,"featured_media":87,"parent":0,"menu_order":0,"comment_status":"closed","ping_status":"closed","template":"","meta":[],"_links":{"self":[{"href":"https:\/\/staging-5.ajoiespa.ch\/en\/wp-json\/wp\/v2\/pages\/10"}],"collection":[{"href":"https:\/\/staging-5.ajoiespa.ch\/en\/wp-json\/wp\/v2\/pages"}],"about":[{"href":"https:\/\/staging-5.ajoiespa.ch\/en\/wp-json\/wp\/v2\/types\/page"}],"author":[{"embeddable":true,"href":"https:\/\/staging-5.ajoiespa.ch\/en\/wp-json\/wp\/v2\/users\/1"}],"replies":[{"embeddable":true,"href":"https:\/\/staging-5.ajoiespa.ch\/en\/wp-json\/wp\/v2\/comments?post=10"}],"version-history":[{"count":77,"href":"https:\/\/staging-5.ajoiespa.ch\/en\/wp-json\/wp\/v2\/pages\/10\/revisions"}],"predecessor-version":[{"id":3434,"href":"https:\/\/staging-5.ajoiespa.ch\/en\/wp-json\/wp\/v2\/pages\/10\/revisions\/3434"}],"wp:featuredmedia":[{"embeddable":true,"href":"https:\/\/staging-5.ajoiespa.ch\/en\/wp-json\/wp\/v2\/media\/87"}],"wp:attachment":[{"href":"https:\/\/staging-5.ajoiespa.ch\/en\/wp-json\/wp\/v2\/media?parent=10"}],"curies":[{"name":"wp","href":"https:\/\/api.w.org\/{rel}","templated":true}]}}